{"id":9806,"date":"2026-02-04T23:06:05","date_gmt":"2026-02-04T21:06:05","guid":{"rendered":"https:\/\/wow.rbs.md\/produs\/saltea-cu-arcuri-saltconfort-forte\/"},"modified":"2026-02-04T23:06:10","modified_gmt":"2026-02-04T21:06:10","slug":"saltea-cu-arcuri-saltconfort-forte","status":"publish","type":"product","link":"https:\/\/wowhome.md\/ru\/product\/saltea-cu-arcuri-saltconfort-forte\/","title":{"rendered":"\u041f\u0440\u0443\u0436\u0438\u043d\u043d\u044b\u0439 \u043c\u0430\u0442\u0440\u0430\u0441 Saltconfort FORTE"},"content":{"rendered":"<h2>Descriere Saltea cu arcuri Saltconfort FORTE 200 x 200 cm  00260<\/h2>\n<p>Salteaua anatomic\u0103 rezistent\u0103 Super Lux Forte \u00ee\u0219i p\u0103streaz\u0103 forma pentru o lung\u0103 perioad\u0103 de timp, are o densitate ridicat\u0103 \u0219i duritate sc\u0103zut\u0103, ia forma corpului, reduce presiunea \u0219i v\u0103 permite s\u0103 v\u0103 bucura\u021bi de confort.<\/p>\n<p>Ofer\u0103 o presiune propor\u021bional\u0103 diferitelor p\u0103r\u021bi ale corpului, cu straturi de confort mai flexibile \u0219i mai adaptabile minimizeaz\u0103&nbsp;transferul de mi\u0219care \u0219i \u00eel izoleaz\u0103&nbsp;\u00een zone mai mici ale suprafe\u021bei de dormit. Acest fapt v\u0103 va face somnul mai lini\u0219tit.<\/p>\n<ul>\n<li>\u041f\u0440\u0435\u0434\u043d\u0430\u0437\u043d\u0430\u0447\u0435\u043d \u0434\u043b\u044f \u0432\u0441\u0435\u0445 \u043f\u043e\u043b\u043e\u0436\u0435\u043d\u0438\u0439 \u0441\u043d\u0430.<\/li>\n<li>Materialul Strech este elastic, moale la atingere \u0219i ofer\u0103 o ventila\u021bie&nbsp;excelent\u0103 pentru saltea.<\/li>\n<li>\u0412\u0435\u043d\u0442\u0438\u043b\u044f\u0446\u0438\u043e\u043d\u043d\u044b\u0435 \u043f\u043e\u043b\u043e\u0441\u043a\u0438 3D.<\/li>\n<li>\u00cenveli\u0219ul din bumbac 80% protejeaz\u0103 \u00eempotriva alergenilor.<\/li>\n<li>Sistemul de confort Optima\u00ae din fibr\u0103 hipo-alergenic\u0103 se adapteaz\u0103 formei corpului.<\/li>\n<li>Spum\u0103 poliuretanic\u0103&nbsp;de \u00eenalt\u0103 densitate.<\/li>\n<li>\u0414\u0432\u0435 \u0447\u0430\u0441\u0442\u0438: \u0437\u0438\u043c\u0430 \u0438 \u043b\u0435\u0442\u043e.<\/li>\n<li>\u0420\u0435\u043a\u043e\u043c\u0435\u043d\u0434\u0443\u0435\u0442\u0441\u044f \u0434\u043b\u044f \u043b\u044e\u0434\u0435\u0439 \u0434\u043e <strong>130 \u043a\u0433<\/strong>.\n<p>\t<strong>\u0412 \u043f\u0440\u043e\u0446\u0435\u0441\u0441\u0435 \u043f\u0440\u043e\u0438\u0437\u0432\u043e\u0434\u0441\u0442\u0432\u0430 \u0432\u043e\u0437\u043c\u043e\u0436\u043d\u044b \u0440\u0430\u0437\u043b\u0438\u0447\u0438\u044f \u0432 \u0440\u0430\u0437\u043c\u0435\u0440\u0430\u0445 \u043c\u0430\u0442\u0440\u0430\u0441\u043e\u0432 \u00b12 \u0441\u043c.&nbsp;<\/strong><br \/>\n\t<strong>\u0418\u0437\u043e\u0431\u0440\u0430\u0436\u0435\u043d\u0438\u044f \u043f\u0440\u0438\u0432\u0435\u0434\u0435\u043d\u044b \u0442\u043e\u043b\u044c\u043a\u043e \u0434\u043b\u044f \u0438\u043d\u0444\u043e\u0440\u043c\u0430\u0446\u0438\u043e\u043d\u043d\u044b\u0445 \u0446\u0435\u043b\u0435\u0439. \u0426\u0432\u0435\u0442 \u043e\u0431\u043b\u043e\u0436\u043a\u0438 \u043c\u043e\u0436\u0435\u0442 \u0432\u0430\u0440\u044c\u0438\u0440\u043e\u0432\u0430\u0442\u044c\u0441\u044f \u043e\u0442 \u0431\u0435\u043b\u043e\u0433\u043e \u0434\u043e \u0446\u0432\u0435\u0442\u043d\u043e\u0433\u043e \u0432 \u0437\u0430\u0432\u0438\u0441\u0438\u043c\u043e\u0441\u0442\u0438 \u043e\u0442 \u043d\u0430\u043b\u0438\u0447\u0438\u044f \u0443 \u043f\u0440\u043e\u0438\u0437\u0432\u043e\u0434\u0438\u0442\u0435\u043b\u044f \u0438 \u043c\u043e\u0436\u0435\u0442 \u0431\u044b\u0442\u044c \u0438\u0437\u043c\u0435\u043d\u0435\u043d \u043f\u0440\u043e\u0438\u0437\u0432\u043e\u0434\u0438\u0442\u0435\u043b\u0435\u043c \u0431\u0435\u0437 \u043f\u0440\u0435\u0434\u0432\u0430\u0440\u0438\u0442\u0435\u043b\u044c\u043d\u043e\u0433\u043e \u0443\u0432\u0435\u0434\u043e\u043c\u043b\u0435\u043d\u0438\u044f.<\/strong><\/li>\n<\/ul>","protected":false},"excerpt":{"rendered":"<p>Descriere Saltea cu arcuri Saltconfort FORTE 200 x 200 cm 00260 Salteaua anatomic\u0103 rezistent\u0103 Super Lux Forte \u00ee\u0219i p\u0103streaz\u0103 forma<\/p>","protected":false},"featured_media":9805,"template":"","meta":[],"product_brand":[997],"product_cat":[201],"product_tag":[169],"class_list":{"0":"post-9806","1":"product","2":"type-product","3":"status-publish","4":"has-post-thumbnail","6":"product_brand-jacquard-bumbac","7":"product_cat-cu-arcuri","8":"product_tag-5-rate-0","10":"first","11":"instock","12":"shipping-taxable","13":"purchasable","14":"product-type-variable"},"_links":{"self":[{"href":"https:\/\/wowhome.md\/ru\/wp-json\/wp\/v2\/product\/9806","targetHints":{"allow":["GET"]}}],"collection":[{"href":"https:\/\/wowhome.md\/ru\/wp-json\/wp\/v2\/product"}],"about":[{"href":"https:\/\/wowhome.md\/ru\/wp-json\/wp\/v2\/types\/product"}],"version-history":[{"count":0,"href":"https:\/\/wowhome.md\/ru\/wp-json\/wp\/v2\/product\/9806\/revisions"}],"wp:featuredmedia":[{"embeddable":true,"href":"https:\/\/wowhome.md\/ru\/wp-json\/wp\/v2\/media\/9805"}],"wp:attachment":[{"href":"https:\/\/wowhome.md\/ru\/wp-json\/wp\/v2\/media?parent=9806"}],"wp:term":[{"taxonomy":"product_brand","embeddable":true,"href":"https:\/\/wowhome.md\/ru\/wp-json\/wp\/v2\/product_brand?post=9806"},{"taxonomy":"product_cat","embeddable":true,"href":"https:\/\/wowhome.md\/ru\/wp-json\/wp\/v2\/product_cat?post=9806"},{"taxonomy":"product_tag","embeddable":true,"href":"https:\/\/wowhome.md\/ru\/wp-json\/wp\/v2\/product_tag?post=9806"}],"curies":[{"name":"wp","href":"https:\/\/api.w.org\/{rel}","templated":true}]}}