{"id":9721,"date":"2026-02-04T23:05:50","date_gmt":"2026-02-04T21:05:50","guid":{"rendered":"https:\/\/wow.rbs.md\/?post_type=product&#038;p=9721"},"modified":"2026-02-04T23:05:54","modified_gmt":"2026-02-04T21:05:54","slug":"saltea-cu-arcuri-impachetate-sleepfly-organic-epsilon","status":"publish","type":"product","link":"https:\/\/wowhome.md\/ru\/product\/saltea-cu-arcuri-impachetate-sleepfly-organic-epsilon\/","title":{"rendered":"\u041c\u0430\u0442\u0440\u0430\u0441 Sleep&amp;Fly Organic Epsilon Organic Epsilon \u0441 \u043a\u0430\u0440\u043c\u0430\u043d\u043d\u044b\u043c\u0438 \u043f\u0440\u0443\u0436\u0438\u043d\u0430\u043c\u0438"},"content":{"rendered":"<h2>Descriere Saltea cu arcuri \u00eempachetate Sleep&amp;Fly Organic Epsilon 160 x 200 cm  18843<\/h2>\n<p>Sleep&amp;Fly Epsilon&nbsp;Organic cu bloc de arc independent Pocket Spring. \u00cen acest model, blocul cu arc este implementat sub form\u0103 de clepsidr\u0103. Semnifica\u021bia lor este c\u0103 atunci c\u00e2nd greutatea nu este mare, partea superioar\u0103 mai moale a arcului \u201efunc\u021bioneaz\u0103\u201d, iar cu o greutate mai mare, partea central\u0103&nbsp;mai rigid\u0103 \u201ese conecteaz\u0103\u201d.<\/p>\n<p>Acest sistem este foarte relevant pentru copii &#8211; greutatea cre\u0219te \u0219i salteaua devine mai grea. \u0218i pentru cuplurile care au o diferen\u021b\u0103 de greutate. Arcul se va \u201eajusta\u201d la diferite greut\u0103\u021bi, iar salteaua va fi moderat dur\u0103 pentru to\u021bi.<\/p>","protected":false},"excerpt":{"rendered":"<p>Descriere Saltea cu arcuri \u00eempachetate Sleep&amp;Fly Organic Epsilon 160 x 200 cm 18843 Sleep&amp;Fly Epsilon&nbsp;Organic cu bloc de arc independent<\/p>","protected":false},"featured_media":9748,"template":"","meta":[],"product_brand":[1010],"product_cat":[148],"product_tag":[169],"class_list":{"0":"post-9721","1":"product","2":"type-product","3":"status-publish","4":"has-post-thumbnail","6":"product_brand-da","7":"product_cat-cu-arcuri-impachetate","8":"product_tag-5-rate-0","10":"first","11":"instock","12":"shipping-taxable","13":"purchasable","14":"product-type-variable"},"_links":{"self":[{"href":"https:\/\/wowhome.md\/ru\/wp-json\/wp\/v2\/product\/9721","targetHints":{"allow":["GET"]}}],"collection":[{"href":"https:\/\/wowhome.md\/ru\/wp-json\/wp\/v2\/product"}],"about":[{"href":"https:\/\/wowhome.md\/ru\/wp-json\/wp\/v2\/types\/product"}],"version-history":[{"count":0,"href":"https:\/\/wowhome.md\/ru\/wp-json\/wp\/v2\/product\/9721\/revisions"}],"wp:featuredmedia":[{"embeddable":true,"href":"https:\/\/wowhome.md\/ru\/wp-json\/wp\/v2\/media\/9748"}],"wp:attachment":[{"href":"https:\/\/wowhome.md\/ru\/wp-json\/wp\/v2\/media?parent=9721"}],"wp:term":[{"taxonomy":"product_brand","embeddable":true,"href":"https:\/\/wowhome.md\/ru\/wp-json\/wp\/v2\/product_brand?post=9721"},{"taxonomy":"product_cat","embeddable":true,"href":"https:\/\/wowhome.md\/ru\/wp-json\/wp\/v2\/product_cat?post=9721"},{"taxonomy":"product_tag","embeddable":true,"href":"https:\/\/wowhome.md\/ru\/wp-json\/wp\/v2\/product_tag?post=9721"}],"curies":[{"name":"wp","href":"https:\/\/api.w.org\/{rel}","templated":true}]}}