{"id":9000,"date":"2026-02-04T23:03:35","date_gmt":"2026-02-04T21:03:35","guid":{"rendered":"https:\/\/wow.rbs.md\/?post_type=product&#038;p=9000"},"modified":"2026-02-04T23:04:00","modified_gmt":"2026-02-04T21:04:00","slug":"topper-somnomed-antiacaria-memory","status":"publish","type":"product","link":"https:\/\/wowhome.md\/ru\/product\/topper-somnomed-antiacaria-memory\/","title":{"rendered":"Somnomed Antiacaria Memory Topper"},"content":{"rendered":"<h2>Descriere Topper Somnomed Antiacaria Memory 140 x 200 cm  18139<\/h2>\n<p>\u0422\u043e\u043f\u043f\u0435\u0440 <strong>Somnomed\u00ae Memory 4 + 3<\/strong>&nbsp;\u00eembin\u0103&nbsp;cu succes avantajele oferite de tricotul tratat antiacarieni ideal pentru cei alergici cu cele ale miezului cu spum\u0103&nbsp;de memorie, \ufb01ind un topper ideal pentru \u00eentreaga familie.<\/p>\n<p>Cele dou\u0103&nbsp;fe\u021be ale husei se deta\u0219eaz\u0103&nbsp;\u0219i pot \ufb01 sp\u0103late cu u\u0219urin\u021b\u0103. Husa are laterala fabricat\u0103&nbsp;dintr-un material special 3D mesh pentru asigurarea ventila\u021biei necesare \u00een zilele toride de var\u0103.<\/p>\n<p>Stratul de baz\u0103&nbsp;de spum\u0103&nbsp;poliuretanic\u0103&nbsp;asigur\u0103&nbsp;suport ortopedic cu bene\ufb01cii pentru circula\u021bie \u0219i coloana vertebral\u0103, ajut\u00e2nd la relaxarea mu\u0219chilor \u0219i la reducerea punctelor de presiune. Stratul de spum\u0103&nbsp;cu memorie elimin\u0103&nbsp;punctele de presiune, asigur\u0103&nbsp;relaxarea mu\u0219chilor \u0219i amplific\u0103&nbsp;circula\u021bia s\u00e2ngelui.<\/p>\n<p><strong>\u041f\u0440\u0435\u0438\u043c\u0443\u0449\u0435\u0441\u0442\u0432\u043e:<\/strong><\/p>\n<ul>\n<li>Cu memorie.<\/li>\n<li>Pliabil.<\/li>\n<li>Husa deta\u0219abil\u0103&nbsp;\u0219i lavabil\u0103.<\/li>\n<li>Asigur\u0103&nbsp;extra-ventila\u021bie mul\u021bumit\u0103&nbsp;lateralei 3D mesh.<\/li>\n<li>Asigur\u0103&nbsp;un suport corect al corpului.<\/li>\n<li>Husa matlasat\u0103&nbsp;pentru un plus de confort.<\/li>\n<li>\u00ce\u0219i p\u0103streaz\u0103&nbsp;forma pentru o perioad\u0103&nbsp;\u00eendelungat\u0103&nbsp;de timp.<\/li>\n<li>\u041c\u043e\u0436\u043d\u043e \u0438\u0441\u043f\u043e\u043b\u044c\u0437\u043e\u0432\u0430\u0442\u044c \u0441 \u043e\u0431\u0435\u0438\u0445 \u0441\u0442\u043e\u0440\u043e\u043d \u0434\u043b\u044f \u0443\u0432\u0435\u043b\u0438\u0447\u0435\u043d\u0438\u044f \u0441\u0440\u043e\u043a\u0430 \u0441\u043b\u0443\u0436\u0431\u044b.&nbsp;<\/li>\n<li>\u0413\u0430\u0440\u0430\u043d\u0442\u0438\u044f: 2 \u0433\u043e\u0434\u0430<\/li>\n<\/ul>\n<p><strong>\u0422\u0435\u0445\u043d\u0438\u0447\u0435\u0441\u043a\u0438\u0435 \u043e\u0441\u043e\u0431\u0435\u043d\u043d\u043e\u0441\u0442\u0438:<\/strong><\/p>\n<ul>\n<li>Miez: 3 cm spum\u0103&nbsp;memorie de densitate 40 kg\/m\u00b3 4 cm<\/li>\n<li>Spum\u0103&nbsp;poliuretanic\u0103&nbsp;de densitate 23 kg\/m\u00b3<\/li>\n<li>Grosime totala miez topper: 7 cm<\/li>\n<\/ul>\n<p><strong>\u0425\u0443\u0441\u0430:<\/strong><\/p>\n<ul>\n<li>Cu lateral\u0103&nbsp;3D mesh ce asigur\u0103&nbsp;extra-ventila\u021bie.<\/li>\n<li>Compozi\u021bie tricot 100% poliester, tratat antiacarieni.<\/li>\n<li>\u0421\u044a\u0435\u043c\u043d\u044b\u0439 \u043d\u0430 \u043c\u043e\u043b\u043d\u0438\u0438 \u0414\u0432\u0435 \u0441\u0442\u043e\u0440\u043e\u043d\u044b \u0447\u0435\u0445\u043b\u0430 \u043e\u0442\u0441\u0442\u0435\u0433\u0438\u0432\u0430\u044e\u0442\u0441\u044f, \u0438\u0445 \u043c\u043e\u0436\u043d\u043e \u0441\u0442\u0438\u0440\u0430\u0442\u044c \u043e\u0442\u0434\u0435\u043b\u044c\u043d\u043e.<\/li>\n<li>\u0421\u0442\u0435\u0433\u0430\u043d\u044b\u0439 \u0444\u043b\u0438\u0441 \u0438\u0437 \u043f\u043e\u043b\u0438\u044d\u0441\u0442\u0435\u0440\u0430 \u043f\u043b\u043e\u0442\u043d\u043e\u0441\u0442\u044c\u044e 200 \u0433\u0441\u043c \u043e\u0431\u0435\u0441\u043f\u0435\u0447\u0438\u0432\u0430\u0435\u0442 \u0434\u043e\u043f\u043e\u043b\u043d\u0438\u0442\u0435\u043b\u044c\u043d\u044b\u0439 \u043a\u043e\u043c\u0444\u043e\u0440\u0442 \u0438 \u0432\u0435\u043d\u0442\u0438\u043b\u044f\u0446\u0438\u044e.<\/li>\n<\/ul>","protected":false},"excerpt":{"rendered":"<p>Descriere Topper Somnomed Antiacaria Memory 140 x 200 cm 18139 Topperul Somnomed\u00ae Memory 4 + 3&nbsp;\u00eembin\u0103&nbsp;cu succes avantajele oferite de<\/p>","protected":false},"featured_media":9014,"template":"","meta":[],"product_brand":[149],"product_cat":[178],"product_tag":[168],"class_list":{"0":"post-9000","1":"product","2":"type-product","3":"status-publish","4":"has-post-thumbnail","6":"product_brand-somnart","7":"product_cat-toppere-saltele-subtiri","8":"product_tag-10-rate-0","10":"first","11":"instock","12":"sale","13":"shipping-taxable","14":"purchasable","15":"product-type-variable"},"_links":{"self":[{"href":"https:\/\/wowhome.md\/ru\/wp-json\/wp\/v2\/product\/9000","targetHints":{"allow":["GET"]}}],"collection":[{"href":"https:\/\/wowhome.md\/ru\/wp-json\/wp\/v2\/product"}],"about":[{"href":"https:\/\/wowhome.md\/ru\/wp-json\/wp\/v2\/types\/product"}],"version-history":[{"count":0,"href":"https:\/\/wowhome.md\/ru\/wp-json\/wp\/v2\/product\/9000\/revisions"}],"wp:featuredmedia":[{"embeddable":true,"href":"https:\/\/wowhome.md\/ru\/wp-json\/wp\/v2\/media\/9014"}],"wp:attachment":[{"href":"https:\/\/wowhome.md\/ru\/wp-json\/wp\/v2\/media?parent=9000"}],"wp:term":[{"taxonomy":"product_brand","embeddable":true,"href":"https:\/\/wowhome.md\/ru\/wp-json\/wp\/v2\/product_brand?post=9000"},{"taxonomy":"product_cat","embeddable":true,"href":"https:\/\/wowhome.md\/ru\/wp-json\/wp\/v2\/product_cat?post=9000"},{"taxonomy":"product_tag","embeddable":true,"href":"https:\/\/wowhome.md\/ru\/wp-json\/wp\/v2\/product_tag?post=9000"}],"curies":[{"name":"wp","href":"https:\/\/api.w.org\/{rel}","templated":true}]}}