{"id":8797,"date":"2026-02-04T23:02:30","date_gmt":"2026-02-04T21:02:30","guid":{"rendered":"https:\/\/wow.rbs.md\/?post_type=product&#038;p=8797"},"modified":"2026-02-04T23:02:50","modified_gmt":"2026-02-04T21:02:50","slug":"saltea-fara-arcuri-somnart-optimax-ortopedic","status":"publish","type":"product","link":"https:\/\/wowhome.md\/ru\/product\/saltea-fara-arcuri-somnart-optimax-ortopedic\/","title":{"rendered":"\u041e\u0440\u0442\u043e\u043f\u0435\u0434\u0438\u0447\u0435\u0441\u043a\u0438\u0439 \u0431\u0435\u0441\u043f\u0440\u0443\u0436\u0438\u043d\u043d\u044b\u0439 \u043c\u0430\u0442\u0440\u0430\u0441 Somnart Optimax"},"content":{"rendered":"<h2>Descriere Saltea f\u0103r\u0103 arcuri Somnart Optimax Ortopedic 140 x 190 cm  14558<\/h2>\n<p>Saltea ortopedic\u0103&nbsp;<strong>Somnart Optimax Ortopedic<\/strong>, grosime 18 cm, cu spum\u0103&nbsp;poliuretanic\u0103, husa deta\u0219abil\u0103&nbsp;\u0219i lavabil\u0103, fermitate medie.<\/p>\n<p><strong>\u041f\u0440\u0435\u0438\u043c\u0443\u0449\u0435\u0441\u0442\u0432\u0430<\/strong><\/p>\n<ul>\n<li>Suport ortopedic recomandat pentru o odihn\u0103&nbsp;s\u0103n\u0103toas\u0103&nbsp;<\/li>\n<li>Rezisten\u021b\u0103&nbsp;optim\u0103&nbsp;pentru o sus\u021binere ideal\u0103&nbsp;a corpului<\/li>\n<li>Husa matlasat\u0103&nbsp;pentru un confort superior, deta\u0219abil\u0103&nbsp;\u0219i lavabil\u0103&nbsp;la 40 de grade<\/li>\n<li>\u041c\u043e\u0436\u043d\u043e \u0438\u0441\u043f\u043e\u043b\u044c\u0437\u043e\u0432\u0430\u0442\u044c \u0441 \u043e\u0431\u0435\u0438\u0445 \u0441\u0442\u043e\u0440\u043e\u043d \u0434\u043b\u044f \u0443\u0432\u0435\u043b\u0438\u0447\u0435\u043d\u0438\u044f \u0441\u0440\u043e\u043a\u0430 \u0441\u043b\u0443\u0436\u0431\u044b&nbsp;<\/li>\n<\/ul>\n<p><strong>Beneficii<\/strong><\/p>\n<ul>\n<li>Optimax Ortopedic combin\u0103&nbsp;propriet\u0103\u021bile ortopedice cu cele de confort, fiind o saltea ideal\u0103&nbsp;pentru \u00eentreaga familie.<\/li>\n<li>Stratul de baz\u0103&nbsp;de spum\u0103&nbsp;poliuretanic\u0103&nbsp;combin\u0103&nbsp;cu succes elasticitatea \u0219i durabilitatea pentru a asigura suport corect \u0219i confort sporit \u00een timpul somnului.<\/li>\n<li>Salteaua Optimax Ortopedic ofer\u0103&nbsp;un suport ortopedic cu beneficii pentru circula\u021bia sanguin\u0103&nbsp;\u0219i coloana vertebral\u0103, ajut\u00e2nd la relaxarea mu\u0219chilor \u0219i la o odihna s\u0103n\u0103toas\u0103.<\/li>\n<li>Husa este realizat\u0103&nbsp;dintr-un tricot de calitate, pl\u0103cut la atingere \u0219i este matlasat\u0103&nbsp;pentru un plus de confort.<\/li>\n<li>Cele doua fe\u021be ale husei se deta\u0219eaz\u0103&nbsp;cu fermoar, pentru a putea fi sp\u0103lat, mai u\u0219or<\/li>\n<\/ul>\n<p>Salteaua ortopedic\u0103&nbsp;Optimax este alegerea ideal\u0103&nbsp;pentru odihna s\u0103n\u0103toas\u0103&nbsp;pe care o meri\u021bi.<\/p>\n<p><strong><em>\u041f\u043e\u0436\u0430\u043b\u0443\u0439\u0441\u0442\u0430, \u0442\u0449\u0430\u0442\u0435\u043b\u044c\u043d\u043e \u0438\u0437\u043c\u0435\u0440\u044c\u0442\u0435 \u043a\u0430\u0440\u043a\u0430\u0441 \u043a\u0440\u043e\u0432\u0430\u0442\u0438, \u0447\u0442\u043e\u0431\u044b \u0443\u0431\u0435\u0434\u0438\u0442\u044c\u0441\u044f, \u0447\u0442\u043e \u0432\u044b \u0437\u0430\u043a\u0430\u0437\u0430\u043b\u0438 \u043c\u0430\u0442\u0440\u0430\u0441 \u043f\u0440\u0430\u0432\u0438\u043b\u044c\u043d\u043e\u0433\u043e \u0440\u0430\u0437\u043c\u0435\u0440\u0430.<\/em><\/strong><\/p>\n<p><strong>\u0422\u0435\u0445\u043d\u0438\u0447\u0435\u0441\u043a\u0430\u044f \u0438\u043d\u0444\u043e\u0440\u043c\u0430\u0446\u0438\u044f:<\/strong><\/p>\n<p><strong>\u0421\u043e\u0441\u0442\u0430\u0432 \u0447\u0435\u0445\u043b\u0430:<\/strong><\/p>\n<ul>\n<li>Tricot 100% poliester de 240 g\/mp<\/li>\n<li>Vat\u0103&nbsp;100% poliester de 350 g\/mp<\/li>\n<li>Inser\u021bie 100% polipropilen\u0103&nbsp;de 15 g\/mp<\/li>\n<\/ul>\n<p><strong>\u041e\u0441\u043d\u043e\u0432\u043d\u043e\u0439 \u0441\u043e\u0441\u0442\u0430\u0432:<\/strong><\/p>\n<ul>\n<li>Spuma elastic\u0103&nbsp;din poliuretan \u201cBlue Foam\u201d de calitate superioar\u0103, densitate\/duritate: 23\/35 Kg\/m3<\/li>\n<li>\u00cen\u0103l\u021bime miez 18 cm (+\/- 1 cm)<\/li>\n<\/ul>\n<p><em><strong>Greutate recomandat\u0103: pentru persoane p\u00e2n\u0103&nbsp;la 100 Kg<\/strong><\/em><\/p>\n<p><em>\u0421\u0435\u0440\u0442\u0438\u0444\u0438\u043a\u0430\u0442 Oeko-tex Standard 100 \u043d\u0430 \u043e\u0442\u0441\u0443\u0442\u0441\u0442\u0432\u0438\u0435 \u043e\u043f\u0430\u0441\u043d\u044b\u0445 \u0432\u0435\u0449\u0435\u0441\u0442\u0432 \u0417\u043d\u0430\u043a Oeko-Tex\u00ae \u0443\u043a\u0430\u0437\u044b\u0432\u0430\u0435\u0442 \u0437\u0430\u0438\u043d\u0442\u0435\u0440\u0435\u0441\u043e\u0432\u0430\u043d\u043d\u044b\u043c \u043a\u043e\u043d\u0435\u0447\u043d\u044b\u043c \u043f\u043e\u043b\u044c\u0437\u043e\u0432\u0430\u0442\u0435\u043b\u044f\u043c \u043d\u0430 \u0434\u043e\u043f\u043e\u043b\u043d\u0438\u0442\u0435\u043b\u044c\u043d\u044b\u0435 \u043f\u0440\u0435\u0438\u043c\u0443\u0449\u0435\u0441\u0442\u0432\u0430 \u043f\u0440\u043e\u0432\u0435\u0440\u0435\u043d\u043d\u043e\u0439 \u0431\u0435\u0437\u043e\u043f\u0430\u0441\u043d\u043e\u0441\u0442\u0438 \u043e\u0434\u0435\u0436\u0434\u044b \u0438 \u0434\u0440\u0443\u0433\u0438\u0445 \u0442\u0435\u043a\u0441\u0442\u0438\u043b\u044c\u043d\u044b\u0445 \u043c\u0430\u0442\u0435\u0440\u0438\u0430\u043b\u043e\u0432, \u0431\u0435\u0437\u043e\u043f\u0430\u0441\u043d\u044b\u0445 \u0434\u043b\u044f \u043a\u043e\u0436\u0438. \u0422\u0430\u043a\u0438\u043c \u043e\u0431\u0440\u0430\u0437\u043e\u043c, \u0442\u0435\u0441\u0442\u043e\u0432\u044b\u0439 \u0437\u043d\u0430\u043a \u0441\u043b\u0443\u0436\u0438\u0442 \u0432\u0430\u0436\u043d\u044b\u043c \u0438\u043d\u0441\u0442\u0440\u0443\u043c\u0435\u043d\u0442\u043e\u043c \u043f\u0440\u0438\u043d\u044f\u0442\u0438\u044f \u0440\u0435\u0448\u0435\u043d\u0438\u0439 \u043f\u0440\u0438 \u043f\u043e\u043a\u0443\u043f\u043a\u0435 \u0442\u0435\u043a\u0441\u0442\u0438\u043b\u044c\u043d\u043e\u0439 \u043f\u0440\u043e\u0434\u0443\u043a\u0446\u0438\u0438. \u0414\u043e\u0432\u0435\u0440\u0438\u0435 \u043a \u0442\u0435\u043a\u0441\u0442\u0438\u043b\u044e - \u043c\u0435\u0436\u0434\u0443\u043d\u0430\u0440\u043e\u0434\u043d\u044b\u0439 \u0441\u0438\u043d\u043e\u043d\u0438\u043c \u043e\u0442\u0432\u0435\u0442\u0441\u0442\u0432\u0435\u043d\u043d\u043e\u0433\u043e \u0442\u0435\u043a\u0441\u0442\u0438\u043b\u044c\u043d\u043e\u0433\u043e \u043f\u0440\u043e\u0438\u0437\u0432\u043e\u0434\u0441\u0442\u0432\u0430 - \u043e\u0442 \u0441\u044b\u0440\u044c\u044f \u0434\u043e \u0433\u043e\u0442\u043e\u0432\u043e\u0433\u043e \u043f\u0440\u043e\u0434\u0443\u043a\u0442\u0430 \u043d\u0430 \u043f\u043e\u043b\u043a\u0430\u0445 \u043c\u0430\u0433\u0430\u0437\u0438\u043d\u043e\u0432.<\/em><\/p>","protected":false},"excerpt":{"rendered":"<p>Descriere Saltea f\u0103r\u0103 arcuri Somnart Optimax Ortopedic 140 x 190 cm 14558 Saltea ortopedic\u0103&nbsp;Somnart Optimax Ortopedic, grosime 18 cm, cu<\/p>","protected":false},"featured_media":8828,"template":"","meta":[],"product_brand":[149],"product_cat":[172],"product_tag":[994],"class_list":{"0":"post-8797","1":"product","2":"type-product","3":"status-publish","4":"has-post-thumbnail","6":"product_brand-somnart","7":"product_cat-fara-arcuri","8":"product_tag-10-rate-0-recomandam","10":"first","11":"instock","12":"shipping-taxable","13":"purchasable","14":"product-type-variable"},"_links":{"self":[{"href":"https:\/\/wowhome.md\/ru\/wp-json\/wp\/v2\/product\/8797","targetHints":{"allow":["GET"]}}],"collection":[{"href":"https:\/\/wowhome.md\/ru\/wp-json\/wp\/v2\/product"}],"about":[{"href":"https:\/\/wowhome.md\/ru\/wp-json\/wp\/v2\/types\/product"}],"version-history":[{"count":0,"href":"https:\/\/wowhome.md\/ru\/wp-json\/wp\/v2\/product\/8797\/revisions"}],"wp:featuredmedia":[{"embeddable":true,"href":"https:\/\/wowhome.md\/ru\/wp-json\/wp\/v2\/media\/8828"}],"wp:attachment":[{"href":"https:\/\/wowhome.md\/ru\/wp-json\/wp\/v2\/media?parent=8797"}],"wp:term":[{"taxonomy":"product_brand","embeddable":true,"href":"https:\/\/wowhome.md\/ru\/wp-json\/wp\/v2\/product_brand?post=8797"},{"taxonomy":"product_cat","embeddable":true,"href":"https:\/\/wowhome.md\/ru\/wp-json\/wp\/v2\/product_cat?post=8797"},{"taxonomy":"product_tag","embeddable":true,"href":"https:\/\/wowhome.md\/ru\/wp-json\/wp\/v2\/product_tag?post=8797"}],"curies":[{"name":"wp","href":"https:\/\/api.w.org\/{rel}","templated":true}]}}