{"id":15276,"date":"2026-02-06T16:12:00","date_gmt":"2026-02-06T14:12:00","guid":{"rendered":"https:\/\/wow.rbs.md\/?post_type=product&#038;p=15276"},"modified":"2026-02-06T16:12:27","modified_gmt":"2026-02-06T14:12:27","slug":"pled-de-craciun-200x220-4","status":"publish","type":"product","link":"https:\/\/wowhome.md\/ru\/product\/pled-de-craciun-200x220-4\/","title":{"rendered":"\u0420\u043e\u0436\u0434\u0435\u0441\u0442\u0432\u043e \u0420\u043e\u0436\u0434\u0435\u0441\u0442\u0432\u0435\u043d\u0441\u043a\u0430\u044f \u0431\u0435\u0437\u0434\u0435\u043b\u0443\u0448\u043a\u0430 200\u00d7220"},"content":{"rendered":"<p>\u041f\u043e\u043a\u0440\u044b\u0432\u0430\u043b\u043e \u0441\u043e\u0437\u0434\u0430\u043d\u043e \u0434\u043b\u044f \u0432\u0430\u0448\u0435\u0433\u043e \u043a\u043e\u043c\u0444\u043e\u0440\u0442\u0430 \u0442\u0443\u0440\u0435\u0446\u043a\u0438\u043c \u043f\u0440\u043e\u0438\u0437\u0432\u043e\u0434\u0438\u0442\u0435\u043b\u0435\u043c \u0438\u0437 \u0432\u044b\u0441\u043e\u043a\u043e\u043a\u0430\u0447\u0435\u0441\u0442\u0432\u0435\u043d\u043d\u043e\u0439 \u0438 \u043c\u044f\u0433\u043a\u043e\u0439 \u0442\u0440\u0438\u043a\u043e\u0442\u0430\u0436\u043d\u043e\u0439 \u0442\u043a\u0430\u043d\u0438.<\/p>\n<p>\u0425\u043b\u043e\u043f\u043e\u043a 60%<\/p>\n<p>\u0410\u043a\u0440\u0438\u043b 30%<\/p>\n<p>\u041f\u043e\u043b\u0438\u044d\u0441\u0442\u0435\u0440 10%<\/p>","protected":false},"excerpt":{"rendered":"<p>Pleg de pat a fost creat\u0103 pentru confortul dumneavoastr\u0103 de c\u0103tre produc\u0103torul turcesc din material textil de \u00eenalt\u0103 calitate \u0219i<\/p>","protected":false},"featured_media":15345,"template":"","meta":[],"product_brand":[],"product_cat":[79,89],"product_tag":[],"class_list":{"0":"post-15276","1":"product","2":"type-product","3":"status-publish","4":"has-post-thumbnail","6":"product_cat-cuverturi","7":"product_cat-pled","9":"first","10":"instock","11":"sale","12":"shipping-taxable","13":"purchasable","14":"product-type-simple"},"_links":{"self":[{"href":"https:\/\/wowhome.md\/ru\/wp-json\/wp\/v2\/product\/15276","targetHints":{"allow":["GET"]}}],"collection":[{"href":"https:\/\/wowhome.md\/ru\/wp-json\/wp\/v2\/product"}],"about":[{"href":"https:\/\/wowhome.md\/ru\/wp-json\/wp\/v2\/types\/product"}],"version-history":[{"count":0,"href":"https:\/\/wowhome.md\/ru\/wp-json\/wp\/v2\/product\/15276\/revisions"}],"wp:featuredmedia":[{"embeddable":true,"href":"https:\/\/wowhome.md\/ru\/wp-json\/wp\/v2\/media\/15345"}],"wp:attachment":[{"href":"https:\/\/wowhome.md\/ru\/wp-json\/wp\/v2\/media?parent=15276"}],"wp:term":[{"taxonomy":"product_brand","embeddable":true,"href":"https:\/\/wowhome.md\/ru\/wp-json\/wp\/v2\/product_brand?post=15276"},{"taxonomy":"product_cat","embeddable":true,"href":"https:\/\/wowhome.md\/ru\/wp-json\/wp\/v2\/product_cat?post=15276"},{"taxonomy":"product_tag","embeddable":true,"href":"https:\/\/wowhome.md\/ru\/wp-json\/wp\/v2\/product_tag?post=15276"}],"curies":[{"name":"wp","href":"https:\/\/api.w.org\/{rel}","templated":true}]}}