{"id":15275,"date":"2026-02-06T16:12:00","date_gmt":"2026-02-06T14:12:00","guid":{"rendered":"https:\/\/wow.rbs.md\/?post_type=product&#038;p=15275"},"modified":"2026-02-06T16:12:26","modified_gmt":"2026-02-06T14:12:26","slug":"set-plapuma-2-perne-somnart-lavanda-200-x-220-cm","status":"publish","type":"product","link":"https:\/\/wowhome.md\/ru\/product\/set-plapuma-2-perne-somnart-lavanda-200-x-220-cm\/","title":{"rendered":"Somnart \u041a\u043e\u043c\u043f\u043b\u0435\u043a\u0442 \u043f\u043e\u0434\u043e\u0434\u0435\u044f\u043b\u044c\u043d\u0438\u043a + 2 \u043f\u043e\u0434\u0443\u0448\u043a\u0438 \u041b\u0430\u0432\u0430\u043d\u0434\u0430 200 x 220 \u0441\u043c"},"content":{"rendered":"<p>Setul Lavanda, compus dintr-o plapum\u0103 generoas\u0103 de 200&#215;220 cm \u0219i dou\u0103 perne de 50&#215;70 cm, este alegerea ideal\u0103 pentru cei care doresc confort \u0219i elegan\u021b\u0103 \u00een dormitor. Fabricat din microfibr\u0103 de calitate, acest set este moale, pl\u0103cut la atingere \u0219i perfect adaptat pentru un somn odihnitor.<\/p>\n<p>Materialul din microfibr\u0103 asigur\u0103 o textur\u0103 fin\u0103 \u0219i aerisit\u0103, fiind u\u0219or de \u00eentre\u021binut \u0219i durabil. Setul este lavabil la 40 de grade Celsius, ceea ce faciliteaz\u0103 p\u0103strarea igienei \u0219i a prospe\u021bimii pentru un mediu de somn s\u0103n\u0103tos. Plapuma are dimensiuni generoase, potrivindu-se confortabil pentru dou\u0103 persoane, iar pernele sunt proiectate pentru a oferi sus\u021binere optim\u0103 capului \u0219i g\u00e2tului.<\/p>\n<p>\u0420\u0435\u043a\u043e\u043c\u0435\u043d\u0434\u0430\u0446\u0438\u0438 \u043f\u043e \u043f\u0440\u0438\u043c\u0435\u043d\u0435\u043d\u0438\u044e:<\/p>\n<ul>\n<li>Se recomand\u0103 aerisirea produsului timp de c\u00e2teva ore dup\u0103 ce a fost scos din ambalaj.<\/li>\n<li>\u0427\u0442\u043e\u0431\u044b \u043f\u043e\u0434\u0434\u0435\u0440\u0436\u0438\u0432\u0430\u0442\u044c \u0438\u0437\u0434\u0435\u043b\u0438\u0435 \u0432 \u0447\u0438\u0441\u0442\u043e\u0442\u0435, \u0441\u043b\u0435\u0434\u0443\u0439\u0442\u0435 \u0438\u043d\u0441\u0442\u0440\u0443\u043a\u0446\u0438\u044f\u043c \u043f\u043e \u0443\u0445\u043e\u0434\u0443.<\/li>\n<li>Recomand\u0103m expunerea s\u0103pt\u0103m\u00e2nal\u0103 a produsului\u00a0la aer curat.<\/li>\n<li>\u0415\u0441\u043b\u0438 \u043d\u0435 \u0438\u0441\u043f\u043e\u043b\u044c\u0437\u043e\u0432\u0430\u0442\u044c \u043f\u044b\u043b\u0435\u0441\u043e\u0441 \u0434\u043b\u044f \u043e\u0447\u0438\u0441\u0442\u043a\u0438 \u0438\u0437\u0434\u0435\u043b\u0438\u044f, \u0441\u0443\u0449\u0435\u0441\u0442\u0432\u0443\u0435\u0442 \u0440\u0438\u0441\u043a \u0435\u0433\u043e \u043f\u043e\u0432\u0440\u0435\u0436\u0434\u0435\u043d\u0438\u044f.<\/li>\n<li>Nu recomand\u0103m folosirea sau depozitarea produsului\u00a0\u00een spa\u021bii umede.<\/li>\n<\/ul>\n<p>Setul Lavanda nu doar c\u0103 adaug\u0103 un aspect elegant dormitorului, dar ofer\u0103 \u0219i un nivel ridicat de confort, ideal pentru nop\u021bi lini\u0219tite \u0219i relaxante.<\/p>","protected":false},"excerpt":{"rendered":"<p>Setul Lavanda, compus dintr-o plapum\u0103 generoas\u0103 de 200&#215;220 cm \u0219i dou\u0103 perne de 50&#215;70 cm, este alegerea ideal\u0103 pentru cei<\/p>","protected":false},"featured_media":15341,"template":"","meta":[],"product_brand":[],"product_cat":[96,107],"product_tag":[],"class_list":{"0":"post-15275","1":"product","2":"type-product","3":"status-publish","4":"has-post-thumbnail","6":"product_cat-plapume","7":"product_cat-set-la-oferta","9":"first","10":"instock","11":"sale","12":"shipping-taxable","13":"purchasable","14":"product-type-simple"},"_links":{"self":[{"href":"https:\/\/wowhome.md\/ru\/wp-json\/wp\/v2\/product\/15275","targetHints":{"allow":["GET"]}}],"collection":[{"href":"https:\/\/wowhome.md\/ru\/wp-json\/wp\/v2\/product"}],"about":[{"href":"https:\/\/wowhome.md\/ru\/wp-json\/wp\/v2\/types\/product"}],"version-history":[{"count":0,"href":"https:\/\/wowhome.md\/ru\/wp-json\/wp\/v2\/product\/15275\/revisions"}],"wp:featuredmedia":[{"embeddable":true,"href":"https:\/\/wowhome.md\/ru\/wp-json\/wp\/v2\/media\/15341"}],"wp:attachment":[{"href":"https:\/\/wowhome.md\/ru\/wp-json\/wp\/v2\/media?parent=15275"}],"wp:term":[{"taxonomy":"product_brand","embeddable":true,"href":"https:\/\/wowhome.md\/ru\/wp-json\/wp\/v2\/product_brand?post=15275"},{"taxonomy":"product_cat","embeddable":true,"href":"https:\/\/wowhome.md\/ru\/wp-json\/wp\/v2\/product_cat?post=15275"},{"taxonomy":"product_tag","embeddable":true,"href":"https:\/\/wowhome.md\/ru\/wp-json\/wp\/v2\/product_tag?post=15275"}],"curies":[{"name":"wp","href":"https:\/\/api.w.org\/{rel}","templated":true}]}}