{"id":13903,"date":"2026-02-06T16:08:05","date_gmt":"2026-02-06T14:08:05","guid":{"rendered":"https:\/\/wow.rbs.md\/?post_type=product&#038;p=13903"},"modified":"2026-02-06T16:08:11","modified_gmt":"2026-02-06T14:08:11","slug":"cuvertura-velur-220x240-11","status":"publish","type":"product","link":"https:\/\/wowhome.md\/ru\/product\/cuvertura-velur-220x240-11\/","title":{"rendered":"\u041f\u043e\u043a\u0440\u044b\u0432\u0430\u043b\u043e Velur 220\u00d7240"},"content":{"rendered":"<p>\u041f\u043e\u043a\u0440\u044b\u0432\u0430\u043b\u043e \u0441\u043e\u0437\u0434\u0430\u043d\u043e \u0434\u043b\u044f \u0432\u0430\u0448\u0435\u0433\u043e \u043a\u043e\u043c\u0444\u043e\u0440\u0442\u0430 \u0442\u0443\u0440\u0435\u0446\u043a\u0438\u043c \u043f\u0440\u043e\u0438\u0437\u0432\u043e\u0434\u0438\u0442\u0435\u043b\u0435\u043c \u0438\u0437 \u0432\u044b\u0441\u043e\u043a\u043e\u043a\u0430\u0447\u0435\u0441\u0442\u0432\u0435\u043d\u043d\u043e\u0433\u043e, \u043c\u044f\u0433\u043a\u043e\u0433\u043e \u0442\u0440\u0438\u043a\u043e\u0442\u0430\u0436\u0430.<\/p>","protected":false},"excerpt":{"rendered":"<p>Cuvertura de pat a fost creat\u0103 pentru confortul dumneavoastr\u0103 de c\u0103tre produc\u0103torul turcesc din material textil de \u00eenalt\u0103 calitate \u0219i<\/p>","protected":false},"featured_media":13940,"template":"","meta":[],"product_brand":[],"product_cat":[81],"product_tag":[],"class_list":{"0":"post-13903","1":"product","2":"type-product","3":"status-publish","4":"has-post-thumbnail","6":"product_cat-cuverturi-velur","8":"first","9":"instock","10":"sale","11":"shipping-taxable","12":"purchasable","13":"product-type-simple"},"_links":{"self":[{"href":"https:\/\/wowhome.md\/ru\/wp-json\/wp\/v2\/product\/13903","targetHints":{"allow":["GET"]}}],"collection":[{"href":"https:\/\/wowhome.md\/ru\/wp-json\/wp\/v2\/product"}],"about":[{"href":"https:\/\/wowhome.md\/ru\/wp-json\/wp\/v2\/types\/product"}],"version-history":[{"count":0,"href":"https:\/\/wowhome.md\/ru\/wp-json\/wp\/v2\/product\/13903\/revisions"}],"wp:featuredmedia":[{"embeddable":true,"href":"https:\/\/wowhome.md\/ru\/wp-json\/wp\/v2\/media\/13940"}],"wp:attachment":[{"href":"https:\/\/wowhome.md\/ru\/wp-json\/wp\/v2\/media?parent=13903"}],"wp:term":[{"taxonomy":"product_brand","embeddable":true,"href":"https:\/\/wowhome.md\/ru\/wp-json\/wp\/v2\/product_brand?post=13903"},{"taxonomy":"product_cat","embeddable":true,"href":"https:\/\/wowhome.md\/ru\/wp-json\/wp\/v2\/product_cat?post=13903"},{"taxonomy":"product_tag","embeddable":true,"href":"https:\/\/wowhome.md\/ru\/wp-json\/wp\/v2\/product_tag?post=13903"}],"curies":[{"name":"wp","href":"https:\/\/api.w.org\/{rel}","templated":true}]}}