{"id":13559,"date":"2026-02-06T15:48:13","date_gmt":"2026-02-06T13:48:13","guid":{"rendered":"https:\/\/wow.rbs.md\/produs\/fotoliu-moale-dp-cubo-black\/"},"modified":"2026-02-06T15:48:14","modified_gmt":"2026-02-06T13:48:14","slug":"fotoliu-moale-dp-cubo-black","status":"publish","type":"product","link":"https:\/\/wowhome.md\/ru\/product\/fotoliu-moale-dp-cubo-black\/","title":{"rendered":"\u041c\u044f\u0433\u043a\u043e\u0435 \u043a\u0440\u0435\u0441\u043b\u043e DP Cube Black"},"content":{"rendered":"<h2>Descriere Fotoliu moale DP Cubo Black 07263<\/h2>\n<p>Fotoli<strong> Cubo <\/strong>are un design atractiv. Fotoliu este perfect pentru a\u0219ezare at\u00e2t acas\u0103, c\u00e2t \u0219i la birou \u0219i v\u0103 va \u00eenc\u00e2nta cu func\u021bionalitatea sa.<\/p>\n<p><strong>\u041c\u0435\u0431\u0435\u043b\u044c \u0434\u043e\u0441\u0442\u0430\u0432\u043b\u044f\u0435\u0442\u0441\u044f \u0432 \u0440\u0430\u0437\u043e\u0431\u0440\u0430\u043d\u043d\u043e\u043c \u0438 \u0443\u043f\u0430\u043a\u043e\u0432\u0430\u043d\u043d\u043e\u043c \u0432\u0438\u0434\u0435.<\/strong><\/p>","protected":false},"excerpt":{"rendered":"<p>Descriere Fotoliu moale DP Cubo Black 07263 Fotoliul Cubo are un design atractiv. Fotoliu este perfect pentru a\u0219ezare at\u00e2t acas\u0103,<\/p>","protected":false},"featured_media":13558,"template":"","meta":[],"product_brand":[1077],"product_cat":[828],"product_tag":[169],"class_list":{"0":"post-13559","1":"product","2":"type-product","3":"status-publish","4":"has-post-thumbnail","6":"product_brand-metal","7":"product_cat-fotolii-moale","8":"product_tag-5-rate-0","10":"first","11":"instock","12":"shipping-taxable","13":"purchasable","14":"product-type-simple"},"_links":{"self":[{"href":"https:\/\/wowhome.md\/ru\/wp-json\/wp\/v2\/product\/13559","targetHints":{"allow":["GET"]}}],"collection":[{"href":"https:\/\/wowhome.md\/ru\/wp-json\/wp\/v2\/product"}],"about":[{"href":"https:\/\/wowhome.md\/ru\/wp-json\/wp\/v2\/types\/product"}],"version-history":[{"count":0,"href":"https:\/\/wowhome.md\/ru\/wp-json\/wp\/v2\/product\/13559\/revisions"}],"wp:featuredmedia":[{"embeddable":true,"href":"https:\/\/wowhome.md\/ru\/wp-json\/wp\/v2\/media\/13558"}],"wp:attachment":[{"href":"https:\/\/wowhome.md\/ru\/wp-json\/wp\/v2\/media?parent=13559"}],"wp:term":[{"taxonomy":"product_brand","embeddable":true,"href":"https:\/\/wowhome.md\/ru\/wp-json\/wp\/v2\/product_brand?post=13559"},{"taxonomy":"product_cat","embeddable":true,"href":"https:\/\/wowhome.md\/ru\/wp-json\/wp\/v2\/product_cat?post=13559"},{"taxonomy":"product_tag","embeddable":true,"href":"https:\/\/wowhome.md\/ru\/wp-json\/wp\/v2\/product_tag?post=13559"}],"curies":[{"name":"wp","href":"https:\/\/api.w.org\/{rel}","templated":true}]}}