{"id":13513,"date":"2026-02-06T15:47:56","date_gmt":"2026-02-06T13:47:56","guid":{"rendered":"https:\/\/wow.rbs.md\/produs\/fotoliu-sac-bean-bag-volleyball-big-tricolor\/"},"modified":"2026-02-06T15:47:56","modified_gmt":"2026-02-06T13:47:56","slug":"fotoliu-sac-bean-bag-volleyball-big-tricolor","status":"publish","type":"product","link":"https:\/\/wowhome.md\/ru\/product\/fotoliu-sac-bean-bag-volleyball-big-tricolor\/","title":{"rendered":"\u0412\u043e\u043b\u0435\u0439\u0431\u043e\u043b\u044c\u043d\u044b\u0439 \u043c\u0435\u0448\u043e\u043a Bean Bag BIG \u0422\u0440\u0438\u043a\u043e\u043b\u043e\u0440"},"content":{"rendered":"<h2>Descriere Fotoliu sac Bean Bag Volleyball BIG Tricolor 06734<\/h2>\n<p>Dac\u0103 vrei s\u0103 faci un cadou original pentru copilul t\u0103u sau pentru b\u0103rbatul iubit, atunci cu greu po\u021bi g\u0103si ceva mai bun dec\u00e2t fotoliu f\u0103r\u0103 rame cu bil\u0103 moale <strong>Volleyball BIG<\/strong>. \u00cen exterior, Bean Bag&nbsp;seam\u0103n\u0103 cu o replic\u0103 exact\u0103 a unei mingi de volei. \u00cen timp ce te odihne\u0219ti pe un fotoliu, corpul t\u0103u se relaxeaz\u0103 \u0219i \u00ee\u0219i asum\u0103 o pozi\u021bie corect\u0103 din punct de vedere anatomic.<\/p>\n<p><strong>\u041e\u0441\u043e\u0431\u0435\u043d\u043d\u043e\u0441\u0442\u0438:<\/strong><\/p>\n<ul>\n<li>Umplutur\u0103: polistiren expandat &#8211; material u\u0219or, confortabil \u0219i sigur.<\/li>\n<li>Alegerea culorilor \u00een finisaj mat, lucios \u0219i perlat.<\/li>\n<li>Piele natural\u0103 &#8211; la comanda.<\/li>\n<\/ul>\n<p><strong>Culori disponibile:<\/strong><br \/>\n<img decoding=\"async\" src=\"https:\/\/cdn.pandashop.md\/i\/?i=\/i\/products\/42\/420306.jpg&amp;w=1800&amp;h=1548\" style=\"height: 200px; width: 200px;\"><\/p>","protected":false},"excerpt":{"rendered":"<p>Descriere Fotoliu sac Bean Bag Volleyball BIG Tricolor 06734 Dac\u0103 vrei s\u0103 faci un cadou original pentru copilul t\u0103u sau<\/p>","protected":false},"featured_media":13512,"template":"","meta":[],"product_brand":[1005],"product_cat":[816],"product_tag":[],"class_list":{"0":"post-13513","1":"product","2":"type-product","3":"status-publish","4":"has-post-thumbnail","6":"product_brand-sfera","7":"product_cat-fotolii-sac","9":"first","10":"instock","11":"shipping-taxable","12":"purchasable","13":"product-type-simple"},"_links":{"self":[{"href":"https:\/\/wowhome.md\/ru\/wp-json\/wp\/v2\/product\/13513","targetHints":{"allow":["GET"]}}],"collection":[{"href":"https:\/\/wowhome.md\/ru\/wp-json\/wp\/v2\/product"}],"about":[{"href":"https:\/\/wowhome.md\/ru\/wp-json\/wp\/v2\/types\/product"}],"version-history":[{"count":0,"href":"https:\/\/wowhome.md\/ru\/wp-json\/wp\/v2\/product\/13513\/revisions"}],"wp:featuredmedia":[{"embeddable":true,"href":"https:\/\/wowhome.md\/ru\/wp-json\/wp\/v2\/media\/13512"}],"wp:attachment":[{"href":"https:\/\/wowhome.md\/ru\/wp-json\/wp\/v2\/media?parent=13513"}],"wp:term":[{"taxonomy":"product_brand","embeddable":true,"href":"https:\/\/wowhome.md\/ru\/wp-json\/wp\/v2\/product_brand?post=13513"},{"taxonomy":"product_cat","embeddable":true,"href":"https:\/\/wowhome.md\/ru\/wp-json\/wp\/v2\/product_cat?post=13513"},{"taxonomy":"product_tag","embeddable":true,"href":"https:\/\/wowhome.md\/ru\/wp-json\/wp\/v2\/product_tag?post=13513"}],"curies":[{"name":"wp","href":"https:\/\/api.w.org\/{rel}","templated":true}]}}