{"id":13462,"date":"2026-02-06T15:47:40","date_gmt":"2026-02-06T13:47:40","guid":{"rendered":"https:\/\/wow.rbs.md\/produs\/fotoliu-moale-dp-milton-grey\/"},"modified":"2026-02-06T15:47:42","modified_gmt":"2026-02-06T13:47:42","slug":"fotoliu-moale-dp-milton-grey","status":"publish","type":"product","link":"https:\/\/wowhome.md\/ru\/product\/fotoliu-moale-dp-milton-grey\/","title":{"rendered":"\u041c\u044f\u0433\u043a\u043e\u0435 \u043a\u0440\u0435\u0441\u043b\u043e DP Milton Grey"},"content":{"rendered":"<h2>\u041e\u043f\u0438\u0441\u0430\u043d\u0438\u0435 \u041c\u044f\u0433\u043a\u043e\u0435 \u043a\u0440\u0435\u0441\u043b\u043e DP Milton Grey Grey 09273<\/h2>\n<p>\u041f\u043e\u0434\u0430\u0440\u0438\u0442\u0435 \u0441\u0432\u043e\u0435\u043c\u0443 \u043e\u0444\u0438\u0441\u0443 \u0433\u043b\u043e\u0442\u043e\u043a \u0441\u0432\u0435\u0436\u0435\u0433\u043e \u0432\u043e\u0437\u0434\u0443\u0445\u0430 \u0441 \u043f\u043e\u043c\u043e\u0449\u044c\u044e \u043a\u0440\u0435\u0441\u043b\u0430 <strong>\u041c\u0438\u043b\u0442\u043e\u043d<\/strong> \u0432 \u0441\u0435\u0440\u043e\u043c \u0446\u0432\u0435\u0442\u0435! \u041a\u0440\u0435\u0441\u043b\u043e \u0438\u043c\u0435\u0435\u0442 \u043a\u043e\u0440\u043f\u0443\u0441 \u0438\u0437 \u0444\u0430\u043d\u0435\u0440\u044b \u0438 \u043f\u0435\u043d\u043e\u043f\u043e\u043b\u0438\u0443\u0440\u0435\u0442\u0430\u043d\u0430 \u0438 \u043e\u0431\u0438\u0432\u043a\u0443 \u0438\u0437 \u043c\u044f\u0433\u043a\u043e\u0439 \u043d\u0430 \u043e\u0449\u0443\u043f\u044c \u0442\u043a\u0430\u043d\u0438.<\/p>\n<p>\u041d\u043e\u0436\u043a\u0438 \u0438\u0437\u0433\u043e\u0442\u043e\u0432\u043b\u0435\u043d\u044b \u0438\u0437 \u043f\u0440\u043e\u0447\u043d\u043e\u0433\u043e \u043c\u0435\u0442\u0430\u043b\u043b\u0430 \u0434\u043b\u044f \u0434\u043e\u043b\u0433\u043e\u0432\u0435\u0447\u043d\u043e\u0433\u043e \u0438\u0441\u043f\u043e\u043b\u044c\u0437\u043e\u0432\u0430\u043d\u0438\u044f. \u0412\u044b\u0441\u043e\u0442\u0430 \u043a\u0440\u0435\u0441\u043b\u0430 \u043e\u0442 \u0443\u0440\u043e\u0432\u043d\u044f \u043f\u043e\u043b\u0430 \u0434\u043e \u0441\u0438\u0434\u0435\u043d\u044c\u044f \u0441\u043e\u0441\u0442\u0430\u0432\u043b\u044f\u0435\u0442 43 \u0441\u043c, \u043e\u0431\u0449\u0430\u044f \u0432\u044b\u0441\u043e\u0442\u0430 - 85 \u0441\u043c.<\/p>\n<p>\u0421\u0430\u043c\u043e \u0441\u0438\u0434\u0435\u043d\u044c\u0435 \u0438\u043c\u0435\u0435\u0442 \u0448\u0438\u0440\u0438\u043d\u0443 66 \u0441\u043c \u0438 \u0433\u043b\u0443\u0431\u0438\u043d\u0443 52 \u0441\u043c.&nbsp;<\/p>","protected":false},"excerpt":{"rendered":"<p>Descriere Fotoliu moale DP Milton Grey 09273 Ofer\u0103 o gur\u0103 de aer proasp\u0103t biroului t\u0103u cu fotoliul Milton \u00een nuan\u021ba<\/p>","protected":false},"featured_media":13461,"template":"","meta":[],"product_brand":[1077],"product_cat":[828],"product_tag":[169],"class_list":{"0":"post-13462","1":"product","2":"type-product","3":"status-publish","4":"has-post-thumbnail","6":"product_brand-metal","7":"product_cat-fotolii-moale","8":"product_tag-5-rate-0","10":"first","11":"instock","12":"shipping-taxable","13":"purchasable","14":"product-type-simple"},"_links":{"self":[{"href":"https:\/\/wowhome.md\/ru\/wp-json\/wp\/v2\/product\/13462","targetHints":{"allow":["GET"]}}],"collection":[{"href":"https:\/\/wowhome.md\/ru\/wp-json\/wp\/v2\/product"}],"about":[{"href":"https:\/\/wowhome.md\/ru\/wp-json\/wp\/v2\/types\/product"}],"version-history":[{"count":0,"href":"https:\/\/wowhome.md\/ru\/wp-json\/wp\/v2\/product\/13462\/revisions"}],"wp:featuredmedia":[{"embeddable":true,"href":"https:\/\/wowhome.md\/ru\/wp-json\/wp\/v2\/media\/13461"}],"wp:attachment":[{"href":"https:\/\/wowhome.md\/ru\/wp-json\/wp\/v2\/media?parent=13462"}],"wp:term":[{"taxonomy":"product_brand","embeddable":true,"href":"https:\/\/wowhome.md\/ru\/wp-json\/wp\/v2\/product_brand?post=13462"},{"taxonomy":"product_cat","embeddable":true,"href":"https:\/\/wowhome.md\/ru\/wp-json\/wp\/v2\/product_cat?post=13462"},{"taxonomy":"product_tag","embeddable":true,"href":"https:\/\/wowhome.md\/ru\/wp-json\/wp\/v2\/product_tag?post=13462"}],"curies":[{"name":"wp","href":"https:\/\/api.w.org\/{rel}","templated":true}]}}