{"id":13421,"date":"2026-02-06T15:47:19","date_gmt":"2026-02-06T13:47:19","guid":{"rendered":"https:\/\/wow.rbs.md\/produs\/fotoliu-moale-dp-lexi\/"},"modified":"2026-02-06T15:47:20","modified_gmt":"2026-02-06T13:47:20","slug":"fotoliu-moale-dp-lexi","status":"publish","type":"product","link":"https:\/\/wowhome.md\/ru\/product\/fotoliu-moale-dp-lexi\/","title":{"rendered":"\u041c\u044f\u0433\u043a\u043e\u0435 \u043a\u0440\u0435\u0441\u043b\u043e DP Lexi"},"content":{"rendered":"<h2>Descriere Fotoliu moale DP Lexi  021039<\/h2>\n<p>Ad\u0103uga\u021bi un strop de confort \u0219i rafinament \u00een spa\u021biul dumneavoastr\u0103 cu fotoliul Lexi. Cu un cadru robust din lemn (plac\u0103 \u0219i grind\u0103), acest fotoliu asigur\u0103 stabilitate \u0219i durabilitate pe termen lung. Blocul de arcuri \u0219i spuma poliuretanic\u0103 ofer\u0103 un suport optim pentru \u0219ezut, garant\u00e2nd o experien\u021b\u0103 pl\u0103cut\u0103 de relaxare. Tapi\u021beria din piele natural\u0103 sau eco-piele confer\u0103 un aspect elegant, fiind totodat\u0103 u\u0219or de \u00eentre\u021binut.<\/p>\n<p>Pernu\u021ba deta\u0219abil\u0103 permite personalizarea confortului, adapt\u00e2ndu-se perfect nevoilor dumneavoastr\u0103. Picioarele din metal adaug\u0103 un accent modern \u0219i contemporan, complet\u00e2nd designul sofisticat al fotoliului.<\/p>\n<p>Ideal pentru orice interior, fotoliul Lexi este perfect at\u00e2t pentru un living primitor, c\u00e2t \u0219i pentru un birou elegant.<\/p>","protected":false},"excerpt":{"rendered":"<p>Descriere Fotoliu moale DP Lexi 021039 Ad\u0103uga\u021bi un strop de confort \u0219i rafinament \u00een spa\u021biul dumneavoastr\u0103 cu fotoliul Lexi. Cu<\/p>","protected":false},"featured_media":13420,"template":"","meta":[],"product_brand":[1077],"product_cat":[828],"product_tag":[169],"class_list":{"0":"post-13421","1":"product","2":"type-product","3":"status-publish","4":"has-post-thumbnail","6":"product_brand-metal","7":"product_cat-fotolii-moale","8":"product_tag-5-rate-0","10":"first","11":"instock","12":"shipping-taxable","13":"purchasable","14":"product-type-simple"},"_links":{"self":[{"href":"https:\/\/wowhome.md\/ru\/wp-json\/wp\/v2\/product\/13421","targetHints":{"allow":["GET"]}}],"collection":[{"href":"https:\/\/wowhome.md\/ru\/wp-json\/wp\/v2\/product"}],"about":[{"href":"https:\/\/wowhome.md\/ru\/wp-json\/wp\/v2\/types\/product"}],"version-history":[{"count":0,"href":"https:\/\/wowhome.md\/ru\/wp-json\/wp\/v2\/product\/13421\/revisions"}],"wp:featuredmedia":[{"embeddable":true,"href":"https:\/\/wowhome.md\/ru\/wp-json\/wp\/v2\/media\/13420"}],"wp:attachment":[{"href":"https:\/\/wowhome.md\/ru\/wp-json\/wp\/v2\/media?parent=13421"}],"wp:term":[{"taxonomy":"product_brand","embeddable":true,"href":"https:\/\/wowhome.md\/ru\/wp-json\/wp\/v2\/product_brand?post=13421"},{"taxonomy":"product_cat","embeddable":true,"href":"https:\/\/wowhome.md\/ru\/wp-json\/wp\/v2\/product_cat?post=13421"},{"taxonomy":"product_tag","embeddable":true,"href":"https:\/\/wowhome.md\/ru\/wp-json\/wp\/v2\/product_tag?post=13421"}],"curies":[{"name":"wp","href":"https:\/\/api.w.org\/{rel}","templated":true}]}}