{"id":13370,"date":"2026-02-06T15:46:57","date_gmt":"2026-02-06T13:46:57","guid":{"rendered":"https:\/\/wow.rbs.md\/?post_type=product&#038;p=13370"},"modified":"2026-02-06T15:47:54","modified_gmt":"2026-02-06T13:47:54","slug":"fotoliu-sac-bean-bag-para-sahmate-oxford-blue","status":"publish","type":"product","link":"https:\/\/wowhome.md\/ru\/product\/fotoliu-sac-bean-bag-para-sahmate-oxford-blue\/","title":{"rendered":"\u041a\u0440\u0435\u0441\u043b\u043e Bean Bag \u0411\u0438\u043d \u0411\u044d\u0433 \u041f\u0430\u0440\u0430\u0448\u0430 \u0412\u043e\u043b\u043e\u0441\u0430\u0442\u043e\u0435 \u043a\u0440\u0435\u0441\u043b\u043e \u041e\u043a\u0441\u0444\u043e\u0440\u0434 \u041e\u043a\u0441\u0444\u043e\u0440\u0434 \u0441\u0438\u043d\u0438\u0439"},"content":{"rendered":"<h2>\u041e\u043f\u0438\u0441\u0430\u043d\u0438\u0435 \u041a\u0440\u0435\u0441\u043b\u043e Bean Bag \u0411\u0438\u0433 \u0411\u044d\u0433 Par Par\u0103 \u0218ahmate Oxford L Blue Blue 18711<\/h2>\n<p>\u0413\u0440\u0443\u0448\u0435\u0432\u0438\u0434\u043d\u044b\u0439 Bean Bag \u0438\u0437 \u0442\u043a\u0430\u043d\u0438 Oxford \u0441 \u043a\u043b\u0435\u0442\u0447\u0430\u0442\u044b\u043c \u043f\u0440\u0438\u043d\u0442\u043e\u043c \u0441\u0442\u0430\u043d\u0435\u0442 \u043f\u0440\u0430\u043a\u0442\u0438\u0447\u043d\u044b\u043c \u0438 \u044d\u0441\u0442\u0435\u0442\u0438\u0447\u043d\u044b\u043c \u043f\u0440\u0435\u0434\u043c\u0435\u0442\u043e\u043c \u043c\u0435\u0431\u0435\u043b\u0438. \u0420\u0430\u0437\u043d\u043e\u043e\u0431\u0440\u0430\u0437\u0438\u0435 \u043e\u0442\u0442\u0435\u043d\u043a\u043e\u0432 \u043f\u043e\u0437\u0432\u043e\u043b\u044f\u0435\u0442 \u0432\u044b\u0431\u0440\u0430\u0442\u044c \u0446\u0432\u0435\u0442, \u043a\u043e\u0442\u043e\u0440\u044b\u0439 \u043f\u043e\u0434\u0445\u043e\u0434\u0438\u0442 \u0438\u043c\u0435\u043d\u043d\u043e \u0432\u0430\u043c.&nbsp;<\/p>\n<p>\u041e\u0442\u043b\u0438\u0447\u043d\u044b\u0439 \u0432\u0430\u0440\u0438\u0430\u043d\u0442, \u0435\u0441\u043b\u0438 \u0432\u0430\u043c \u043d\u0443\u0436\u043d\u0430 \u0441\u0443\u043c\u043a\u0430-\u0431\u043e\u0431 \u0434\u043b\u044f \u0434\u043e\u043c\u0430 \u0438\u043b\u0438 \u043e\u0444\u0438\u0441\u0430.<\/p>\n<p>\u041e\u0441\u043e\u0431\u0435\u043d\u043d\u043e\u0441\u0442\u0438:<\/p>\n<ul>\n<li>\u0412\u043e\u0434\u043e\u043d\u0435\u043f\u0440\u043e\u043d\u0438\u0446\u0430\u0435\u043c\u044b\u0439 \u0438 \u043b\u0435\u0433\u043a\u043e \u0447\u0438\u0441\u0442\u0438\u0442\u0441\u044f;<\/li>\n<li>\u0412\u044b\u0441\u043e\u043a\u0430\u044f \u043f\u0440\u043e\u0447\u043d\u043e\u0441\u0442\u044c \u0438 \u0438\u0437\u043d\u043e\u0441\u043e\u0441\u0442\u043e\u0439\u043a\u043e\u0441\u0442\u044c;<\/li>\n<li>\u0423\u0441\u0442\u043e\u0439\u0447\u0438\u0432 \u043a \u0430\u0433\u0440\u0435\u0441\u0441\u0438\u0432\u043d\u044b\u043c \u043f\u043e\u0433\u043e\u0434\u043d\u044b\u043c \u0443\u0441\u043b\u043e\u0432\u0438\u044f\u043c.<\/li>\n<li>\u0423\u0441\u0442\u043e\u0439\u0447\u0438\u0432\u043e\u0441\u0442\u044c \u043a \u0445\u0438\u043c\u0438\u0447\u0435\u0441\u043a\u0438\u043c \u0432\u043e\u0437\u0434\u0435\u0439\u0441\u0442\u0432\u0438\u044f\u043c;<\/li>\n<li>\u041d\u0438\u0437\u043a\u043e\u0435 \u0438\u0441\u0442\u0438\u0440\u0430\u043d\u0438\u0435 \u0432\u043e\u043b\u043e\u043a\u043e\u043d \u0442\u043a\u0430\u043d\u0438;<\/li>\n<li>\u0422\u0435\u0440\u043c\u0438\u0447\u0435\u0441\u043a\u0430\u044f \u0441\u0442\u0430\u0431\u0438\u043b\u044c\u043d\u043e\u0441\u0442\u044c. \u041c\u0430\u0442\u0435\u0440\u0438\u0430\u043b \u0441\u043e\u0445\u0440\u0430\u043d\u044f\u0435\u0442 \u0441\u0432\u043e\u0438 \u0441\u0432\u043e\u0439\u0441\u0442\u0432\u0430 \u0432 \u0434\u0438\u0430\u043f\u0430\u0437\u043e\u043d\u0435 \u0442\u0435\u043c\u043f\u0435\u0440\u0430\u0442\u0443\u0440 \u043e\u0442 -50\u00b0\u0421 \u0434\u043e +110\u00b0\u0421;<\/li>\n<li>\u041d\u0435 \u0442\u0440\u0435\u0431\u0443\u0435\u0442 \u0441\u043f\u0435\u0446\u0438\u0430\u043b\u044c\u043d\u043e\u0433\u043e \u0443\u0445\u043e\u0434\u0430.<\/li>\n<\/ul>\n<p>\u0420\u0430\u0437\u043c\u0435\u0440\u044b \u0431\u043e\u0431\u043e\u0432\u043e\u0433\u043e \u043c\u0435\u0448\u043a\u0430:<\/p>\n<ul>\n<li>\u201eL\u201d : \u0414\u0438\u0430\u043c\u0435\u0442\u0440 - 95 \u0441\u043c, \u0412\u044b\u0441\u043e\u0442\u0430: 110 \u0441\u043c<\/li>\n<li>\u201eXL\u201d: \u0434\u0438\u0430\u043c\u0435\u0442\u0440 - 100 \u0441\u043c, \u0432\u044b\u0441\u043e\u0442\u0430: 130 \u0441\u043c.<\/li>\n<li>\u201eXXL\u201d : \u0414\u0438\u0430\u043c\u0435\u0442\u0440 - 115 \u0441\u043c, \u0412\u044b\u0441\u043e\u0442\u0430: 140 \u0441\u043c<\/li>\n<\/ul>","protected":false},"excerpt":{"rendered":"<p>Descriere Fotoliu sac Bean Bag Par\u0103 \u0218ahmate Oxford L Blue 18711 Bean Bag \u00een form\u0103 de par\u0103 din material Oxford<\/p>","protected":false},"featured_media":13469,"template":"","meta":[],"product_brand":[1154],"product_cat":[816],"product_tag":[168],"class_list":{"0":"post-13370","1":"product","2":"type-product","3":"status-publish","4":"has-post-thumbnail","6":"product_brand-para","7":"product_cat-fotolii-sac","8":"product_tag-10-rate-0","10":"first","11":"instock","12":"shipping-taxable","13":"purchasable","14":"product-type-variable"},"_links":{"self":[{"href":"https:\/\/wowhome.md\/ru\/wp-json\/wp\/v2\/product\/13370","targetHints":{"allow":["GET"]}}],"collection":[{"href":"https:\/\/wowhome.md\/ru\/wp-json\/wp\/v2\/product"}],"about":[{"href":"https:\/\/wowhome.md\/ru\/wp-json\/wp\/v2\/types\/product"}],"version-history":[{"count":0,"href":"https:\/\/wowhome.md\/ru\/wp-json\/wp\/v2\/product\/13370\/revisions"}],"wp:featuredmedia":[{"embeddable":true,"href":"https:\/\/wowhome.md\/ru\/wp-json\/wp\/v2\/media\/13469"}],"wp:attachment":[{"href":"https:\/\/wowhome.md\/ru\/wp-json\/wp\/v2\/media?parent=13370"}],"wp:term":[{"taxonomy":"product_brand","embeddable":true,"href":"https:\/\/wowhome.md\/ru\/wp-json\/wp\/v2\/product_brand?post=13370"},{"taxonomy":"product_cat","embeddable":true,"href":"https:\/\/wowhome.md\/ru\/wp-json\/wp\/v2\/product_cat?post=13370"},{"taxonomy":"product_tag","embeddable":true,"href":"https:\/\/wowhome.md\/ru\/wp-json\/wp\/v2\/product_tag?post=13370"}],"curies":[{"name":"wp","href":"https:\/\/api.w.org\/{rel}","templated":true}]}}