{"id":13369,"date":"2026-02-06T15:46:57","date_gmt":"2026-02-06T13:46:57","guid":{"rendered":"https:\/\/wow.rbs.md\/?post_type=product&#038;p=13369"},"modified":"2026-02-06T15:47:54","modified_gmt":"2026-02-06T13:47:54","slug":"fotoliu-moale-dp-oscar","status":"publish","type":"product","link":"https:\/\/wowhome.md\/ru\/product\/fotoliu-moale-dp-oscar\/","title":{"rendered":"\u041c\u044f\u0433\u043a\u043e\u0435 \u043a\u0440\u0435\u0441\u043b\u043e DP Oscar"},"content":{"rendered":"<h2>Descriere Fotoliu moale DP Oscar  02178<\/h2>\n<p><strong>Oscar&nbsp;<\/strong>se prezint\u0103 ca&nbsp;un fotoliu&nbsp;destinat\u0103 pentru o singur\u0103 persoan\u0103. Pentru confortul utilizatorului, fotoliul Oscar este completat cu&nbsp;o pern\u0103 decorativ\u0103 moale, deta\u0219abil\u0103 prin band\u0103 cu arici(inclusiv hus\u0103 deta\u0219abil\u0103 prin fermoar), iar&nbsp;picioarele metalice cromate cu t\u0103lpi\u021be din plastic, ofer\u0103&nbsp;un plus de elegan\u021b\u0103 piesei de mobilier<\/p>","protected":false},"excerpt":{"rendered":"<p>Descriere Fotoliu moale DP Oscar 02178 Oscar&nbsp;se prezint\u0103 ca&nbsp;un fotoliu&nbsp;destinat\u0103 pentru o singur\u0103 persoan\u0103. Pentru confortul utilizatorului, fotoliul Oscar este<\/p>","protected":false},"featured_media":13453,"template":"","meta":[],"product_brand":[1077],"product_cat":[828],"product_tag":[169],"class_list":{"0":"post-13369","1":"product","2":"type-product","3":"status-publish","4":"has-post-thumbnail","6":"product_brand-metal","7":"product_cat-fotolii-moale","8":"product_tag-5-rate-0","10":"first","11":"instock","12":"shipping-taxable","13":"purchasable","14":"product-type-variable"},"_links":{"self":[{"href":"https:\/\/wowhome.md\/ru\/wp-json\/wp\/v2\/product\/13369","targetHints":{"allow":["GET"]}}],"collection":[{"href":"https:\/\/wowhome.md\/ru\/wp-json\/wp\/v2\/product"}],"about":[{"href":"https:\/\/wowhome.md\/ru\/wp-json\/wp\/v2\/types\/product"}],"version-history":[{"count":0,"href":"https:\/\/wowhome.md\/ru\/wp-json\/wp\/v2\/product\/13369\/revisions"}],"wp:featuredmedia":[{"embeddable":true,"href":"https:\/\/wowhome.md\/ru\/wp-json\/wp\/v2\/media\/13453"}],"wp:attachment":[{"href":"https:\/\/wowhome.md\/ru\/wp-json\/wp\/v2\/media?parent=13369"}],"wp:term":[{"taxonomy":"product_brand","embeddable":true,"href":"https:\/\/wowhome.md\/ru\/wp-json\/wp\/v2\/product_brand?post=13369"},{"taxonomy":"product_cat","embeddable":true,"href":"https:\/\/wowhome.md\/ru\/wp-json\/wp\/v2\/product_cat?post=13369"},{"taxonomy":"product_tag","embeddable":true,"href":"https:\/\/wowhome.md\/ru\/wp-json\/wp\/v2\/product_tag?post=13369"}],"curies":[{"name":"wp","href":"https:\/\/api.w.org\/{rel}","templated":true}]}}