{"id":13288,"date":"2026-02-06T15:46:34","date_gmt":"2026-02-06T13:46:34","guid":{"rendered":"https:\/\/wow.rbs.md\/produs\/fotoliu-moale-ingrid\/"},"modified":"2026-02-06T15:46:38","modified_gmt":"2026-02-06T13:46:38","slug":"fotoliu-moale-ingrid","status":"publish","type":"product","link":"https:\/\/wowhome.md\/ru\/product\/fotoliu-moale-ingrid\/","title":{"rendered":"\u041c\u044f\u0433\u043a\u043e\u0435 \u043a\u0440\u0435\u0441\u043b\u043e Ingrid"},"content":{"rendered":"<h2>Descriere Fotoliu moale Ingrid  17169<\/h2>\n<p>Te-ai \u00eentrebat vreodat\u0103 c\u00e2t timp petreci \u00een pozi\u021bie a\u0219ezat\u0103 \u00een decursul zilei? Cel mai probabil, mult&nbsp;\u0219i trebuie s\u0103 o faci peste tot: la birou, \u00een ma\u0219in\u0103, la restaurant.<\/p>\n<p>Un stil de via\u021b\u0103 sedentar te oblig\u0103 s\u0103 alegi cel mai confortabil mobilier pentru casa ta. Scaunul preferat de acas\u0103 ar trebui s\u0103 fie moale, ceea ce \u00eenseamn\u0103 confortabil, confortul este cheia pentru o odihn\u0103 bun\u0103.<\/p>\n<p>\u0218ezut moale, cotiere late, nasturi dr\u0103gu\u021bi pe spate, care nu se simt deloc &#8211; confort real, relaxare adevarat\u0103.<\/p>\n<p><strong>\u0424\u043e\u0442\u043e\u0433\u0440\u0430\u0444\u0438\u044f \u043d\u043e\u0441\u0438\u0442 \u0438\u0441\u043a\u043b\u044e\u0447\u0438\u0442\u0435\u043b\u044c\u043d\u043e \u0438\u043d\u0444\u043e\u0440\u043c\u0430\u0446\u0438\u043e\u043d\u043d\u044b\u0439 \u0445\u0430\u0440\u0430\u043a\u0442\u0435\u0440, \u0446\u0432\u0435\u0442 \u043c\u043e\u0436\u0435\u0442 \u043d\u0435 \u0441\u043e\u043e\u0442\u0432\u0435\u0442\u0441\u0442\u0432\u043e\u0432\u0430\u0442\u044c \u0440\u0435\u0430\u043b\u044c\u043d\u043e\u0441\u0442\u0438!<\/strong><\/p>","protected":false},"excerpt":{"rendered":"<p>Descriere Fotoliu moale Ingrid 17169 Te-ai \u00eentrebat vreodat\u0103 c\u00e2t timp petreci \u00een pozi\u021bie a\u0219ezat\u0103 \u00een decursul zilei? Cel mai probabil,<\/p>","protected":false},"featured_media":13287,"template":"","meta":[],"product_brand":[1074],"product_cat":[828],"product_tag":[169],"class_list":{"0":"post-13288","1":"product","2":"type-product","3":"status-publish","4":"has-post-thumbnail","6":"product_brand-lemn","7":"product_cat-fotolii-moale","8":"product_tag-5-rate-0","10":"first","11":"instock","12":"shipping-taxable","13":"purchasable","14":"product-type-simple"},"_links":{"self":[{"href":"https:\/\/wowhome.md\/ru\/wp-json\/wp\/v2\/product\/13288","targetHints":{"allow":["GET"]}}],"collection":[{"href":"https:\/\/wowhome.md\/ru\/wp-json\/wp\/v2\/product"}],"about":[{"href":"https:\/\/wowhome.md\/ru\/wp-json\/wp\/v2\/types\/product"}],"version-history":[{"count":0,"href":"https:\/\/wowhome.md\/ru\/wp-json\/wp\/v2\/product\/13288\/revisions"}],"wp:featuredmedia":[{"embeddable":true,"href":"https:\/\/wowhome.md\/ru\/wp-json\/wp\/v2\/media\/13287"}],"wp:attachment":[{"href":"https:\/\/wowhome.md\/ru\/wp-json\/wp\/v2\/media?parent=13288"}],"wp:term":[{"taxonomy":"product_brand","embeddable":true,"href":"https:\/\/wowhome.md\/ru\/wp-json\/wp\/v2\/product_brand?post=13288"},{"taxonomy":"product_cat","embeddable":true,"href":"https:\/\/wowhome.md\/ru\/wp-json\/wp\/v2\/product_cat?post=13288"},{"taxonomy":"product_tag","embeddable":true,"href":"https:\/\/wowhome.md\/ru\/wp-json\/wp\/v2\/product_tag?post=13288"}],"curies":[{"name":"wp","href":"https:\/\/api.w.org\/{rel}","templated":true}]}}