{"id":13048,"date":"2026-02-06T15:45:13","date_gmt":"2026-02-06T13:45:13","guid":{"rendered":"https:\/\/wow.rbs.md\/produs\/fotoliu-moale-icam-contemporan\/"},"modified":"2026-02-06T15:45:13","modified_gmt":"2026-02-06T13:45:13","slug":"fotoliu-moale-icam-contemporan","status":"publish","type":"product","link":"https:\/\/wowhome.md\/ru\/product\/fotoliu-moale-icam-contemporan\/","title":{"rendered":"\u041c\u044f\u0433\u043a\u043e\u0435 \u043a\u0440\u0435\u0441\u043b\u043e Icam Contemporary"},"content":{"rendered":"<h2>Descriere Fotoliu moale Icam Contemporan  13353<\/h2>\n<p><strong>Contemporan <\/strong>este un fotoliu stilat, elegant, care poate fi tapi\u021bat \u00een diferite culori. Modelul se caracterizeaz\u0103 prin design minimalist, linii drepte, \u00eengrijite \u0219i se potrive\u0219te perfect \u00een interiorul modern.<\/p>","protected":false},"excerpt":{"rendered":"<p>Descriere Fotoliu moale Icam Contemporan 13353 Contemporan este un fotoliu stilat, elegant, care poate fi tapi\u021bat \u00een diferite culori. Modelul<\/p>","protected":false},"featured_media":13047,"template":"","meta":[],"product_brand":[866],"product_cat":[828],"product_tag":[],"class_list":{"0":"post-13048","1":"product","2":"type-product","3":"status-publish","4":"has-post-thumbnail","6":"product_brand-icam","7":"product_cat-fotolii-moale","9":"first","10":"instock","11":"shipping-taxable","12":"purchasable","13":"product-type-simple"},"_links":{"self":[{"href":"https:\/\/wowhome.md\/ru\/wp-json\/wp\/v2\/product\/13048","targetHints":{"allow":["GET"]}}],"collection":[{"href":"https:\/\/wowhome.md\/ru\/wp-json\/wp\/v2\/product"}],"about":[{"href":"https:\/\/wowhome.md\/ru\/wp-json\/wp\/v2\/types\/product"}],"version-history":[{"count":0,"href":"https:\/\/wowhome.md\/ru\/wp-json\/wp\/v2\/product\/13048\/revisions"}],"wp:featuredmedia":[{"embeddable":true,"href":"https:\/\/wowhome.md\/ru\/wp-json\/wp\/v2\/media\/13047"}],"wp:attachment":[{"href":"https:\/\/wowhome.md\/ru\/wp-json\/wp\/v2\/media?parent=13048"}],"wp:term":[{"taxonomy":"product_brand","embeddable":true,"href":"https:\/\/wowhome.md\/ru\/wp-json\/wp\/v2\/product_brand?post=13048"},{"taxonomy":"product_cat","embeddable":true,"href":"https:\/\/wowhome.md\/ru\/wp-json\/wp\/v2\/product_cat?post=13048"},{"taxonomy":"product_tag","embeddable":true,"href":"https:\/\/wowhome.md\/ru\/wp-json\/wp\/v2\/product_tag?post=13048"}],"curies":[{"name":"wp","href":"https:\/\/api.w.org\/{rel}","templated":true}]}}