{"id":13025,"date":"2026-02-06T15:45:07","date_gmt":"2026-02-06T13:45:07","guid":{"rendered":"https:\/\/wow.rbs.md\/produs\/fotoliu-moale-home\/"},"modified":"2026-02-06T15:45:08","modified_gmt":"2026-02-06T13:45:08","slug":"fotoliu-moale-home","status":"publish","type":"product","link":"https:\/\/wowhome.md\/ru\/product\/fotoliu-moale-home\/","title":{"rendered":"\u041c\u044f\u0433\u043a\u043e\u0435 \u043a\u0440\u0435\u0441\u043b\u043e Home"},"content":{"rendered":"<h2>Descriere Fotoliu moale Home  17251<\/h2>\n<p>Exist\u0103 multe semne asociate cu inaugurarea casei. \u00ce\u021bi aminte\u0219ti c\u0103 pisica este prima care i se permite s\u0103 intre \u00een cas\u0103 \u0219i c\u0103 o potcoav\u0103 este at\u00e2rnat\u0103 peste u\u0219a din fa\u021b\u0103? \u0218i se crede, de asemenea, c\u0103 este imposibil s\u0103 economisi\u021bi la inaugurarea casei.<\/p>\n<p>Cu c\u00e2t masa este mai generoas\u0103, cu at\u00e2t casa va fi mai bogat\u0103. \u0218i bine\u00een\u021beles c\u0103 nu po\u021bi economisi pe mobil\u0103. Tu \u0219i oaspe\u021bii t\u0103i ar trebui s\u0103 fii c\u00e2t mai confortabil posibil.<\/p>\n<p>Asigura\u021bi-v\u0103 c\u0103 include\u021bi un scaun confortabil printre alte articole. Cotiere \u0219i sp\u0103tar late, perne confortabile, picioare puternice din lemn. Adev\u0103ratul \u201eproprietar\u201d al sufrageriei.<\/p>\n<p><strong>Dou\u0103 \u00een unu <\/strong>&#8211; O combina\u021bie de arcuri &#8211; independente&nbsp;realizate sub form\u0103 de \u0219arpe. Este confort \u0219i&nbsp;moliciune.<\/p>\n<p><strong>Stil special <\/strong>&#8211; Cotiere rotunjite, puf de pern\u0103, picioare \u00eenalte din lemn &#8211; acest aspect nu trebuie confundat cu altul.<\/p>\n<p><strong>\u0424\u043e\u0442\u043e\u0433\u0440\u0430\u0444\u0438\u044f \u043d\u043e\u0441\u0438\u0442 \u0438\u0441\u043a\u043b\u044e\u0447\u0438\u0442\u0435\u043b\u044c\u043d\u043e \u0438\u043d\u0444\u043e\u0440\u043c\u0430\u0446\u0438\u043e\u043d\u043d\u044b\u0439 \u0445\u0430\u0440\u0430\u043a\u0442\u0435\u0440, \u0446\u0432\u0435\u0442 \u043c\u043e\u0436\u0435\u0442 \u043d\u0435 \u0441\u043e\u043e\u0442\u0432\u0435\u0442\u0441\u0442\u0432\u043e\u0432\u0430\u0442\u044c \u0440\u0435\u0430\u043b\u044c\u043d\u043e\u0441\u0442\u0438!<\/strong><\/p>","protected":false},"excerpt":{"rendered":"<p>Descriere Fotoliu moale Home 17251 Exist\u0103 multe semne asociate cu inaugurarea casei. \u00ce\u021bi aminte\u0219ti c\u0103 pisica este prima care i<\/p>","protected":false},"featured_media":13024,"template":"","meta":[],"product_brand":[1074],"product_cat":[828],"product_tag":[169],"class_list":{"0":"post-13025","1":"product","2":"type-product","3":"status-publish","4":"has-post-thumbnail","6":"product_brand-lemn","7":"product_cat-fotolii-moale","8":"product_tag-5-rate-0","10":"first","11":"instock","12":"shipping-taxable","13":"purchasable","14":"product-type-simple"},"_links":{"self":[{"href":"https:\/\/wowhome.md\/ru\/wp-json\/wp\/v2\/product\/13025","targetHints":{"allow":["GET"]}}],"collection":[{"href":"https:\/\/wowhome.md\/ru\/wp-json\/wp\/v2\/product"}],"about":[{"href":"https:\/\/wowhome.md\/ru\/wp-json\/wp\/v2\/types\/product"}],"version-history":[{"count":0,"href":"https:\/\/wowhome.md\/ru\/wp-json\/wp\/v2\/product\/13025\/revisions"}],"wp:featuredmedia":[{"embeddable":true,"href":"https:\/\/wowhome.md\/ru\/wp-json\/wp\/v2\/media\/13024"}],"wp:attachment":[{"href":"https:\/\/wowhome.md\/ru\/wp-json\/wp\/v2\/media?parent=13025"}],"wp:term":[{"taxonomy":"product_brand","embeddable":true,"href":"https:\/\/wowhome.md\/ru\/wp-json\/wp\/v2\/product_brand?post=13025"},{"taxonomy":"product_cat","embeddable":true,"href":"https:\/\/wowhome.md\/ru\/wp-json\/wp\/v2\/product_cat?post=13025"},{"taxonomy":"product_tag","embeddable":true,"href":"https:\/\/wowhome.md\/ru\/wp-json\/wp\/v2\/product_tag?post=13025"}],"curies":[{"name":"wp","href":"https:\/\/api.w.org\/{rel}","templated":true}]}}