{"id":12966,"date":"2026-02-06T15:44:59","date_gmt":"2026-02-06T13:44:59","guid":{"rendered":"https:\/\/wow.rbs.md\/produs\/fotoliu-moale-easy\/"},"modified":"2026-02-06T15:45:00","modified_gmt":"2026-02-06T13:45:00","slug":"fotoliu-moale-easy","status":"publish","type":"product","link":"https:\/\/wowhome.md\/ru\/product\/fotoliu-moale-easy\/","title":{"rendered":"\u041c\u044f\u0433\u043a\u043e\u0435 \u043a\u0440\u0435\u0441\u043b\u043e Easy"},"content":{"rendered":"<h2>\u041e\u043f\u0438\u0441\u0430\u043d\u0438\u0435 \u041c\u044f\u0433\u043a\u043e\u0435 \u043a\u0440\u0435\u0441\u043b\u043e Easy 16840<\/h2>\n<p>\u0412\u0441\u0435 \u0433\u0435\u043d\u0438\u0430\u043b\u044c\u043d\u043e\u0435 - \u043f\u0440\u043e\u0441\u0442\u043e! \u0410 \u0435\u0433\u043e \u043a\u0440\u0435\u0441\u043b\u043e <strong>\u041b\u0435\u0433\u043a\u043e<\/strong> \u043b\u0435\u0433\u043a\u043e \u043f\u043e\u0434\u0442\u0432\u0435\u0440\u0434\u0438\u0442 \u044d\u0442\u043e\u0442 \u0442\u0435\u0437\u0438\u0441. \u041f\u0440\u043e\u0447\u043d\u043e\u0435 \u043e\u0441\u043d\u043e\u0432\u0430\u043d\u0438\u0435 \u0438\u0437 \u0442\u0432\u0435\u0440\u0434\u044b\u0445 \u043f\u043e\u0440\u043e\u0434 \u0434\u0435\u0440\u0435\u0432\u0430, \u0440\u0435\u0433\u0443\u043b\u0438\u0440\u0443\u0435\u043c\u044b\u0435 \u043f\u043e \u0432\u044b\u0441\u043e\u0442\u0435 \u0431\u043e\u043a\u043e\u0432\u0438\u043d\u044b, \u043c\u044f\u0433\u043a\u043e\u0435 \u0441\u0438\u0434\u0435\u043d\u044c\u0435 \u0438 \u043f\u043e\u0434\u0443\u0448\u043a\u0438, \u043a\u043e\u0442\u043e\u0440\u044b\u0435 \u043f\u043e\u0434\u0430\u0440\u044f\u0442 \u0432\u0430\u043c \u043a\u043e\u043c\u0444\u043e\u0440\u0442 - \u0438\u043c\u0435\u043d\u043d\u043e \u0442\u043e, \u0447\u0442\u043e \u043d\u0443\u0436\u043d\u043e \u0434\u043b\u044f \u0434\u043e\u043c\u0430\u0448\u043d\u0435\u0433\u043e \u0443\u044e\u0442\u0430.<\/p>\n<p>\u0420\u0430\u0441\u0441\u043b\u0430\u0431\u044c\u0442\u0435\u0441\u044c \u043f\u043e\u0441\u043b\u0435 \u0440\u0430\u0431\u043e\u0447\u0435\u0433\u043e \u0434\u043d\u044f, \u0441\u043c\u043e\u0442\u0440\u0438\u0442\u0435 \u0444\u0438\u043b\u044c\u043c\u044b \u0438 \u043d\u0430\u0441\u043b\u0430\u0436\u0434\u0430\u0439\u0442\u0435\u0441\u044c \u043b\u044e\u0431\u0438\u043c\u043e\u0439 \u043a\u043d\u0438\u0433\u043e\u0439 \u0432 \u044d\u0442\u043e\u043c \u043a\u0440\u0435\u0441\u043b\u0435!<\/p>\n<p><strong>\u041c\u043d\u043e\u0433\u043e\u0444\u0443\u043d\u043a\u0446\u0438\u043e\u043d\u0430\u043b\u044c\u043d\u043e\u0441\u0442\u044c \u0438 \u044d\u0440\u0433\u043e\u043d\u043e\u043c\u0438\u0447\u043d\u043e\u0441\u0442\u044c.<\/strong> \u0411\u043e\u043a\u043e\u0432\u0438\u043d\u044b \u0441\u0438\u0434\u0435\u043d\u044c\u044f \u043c\u043e\u0436\u043d\u043e \u0440\u0435\u0433\u0443\u043b\u0438\u0440\u043e\u0432\u0430\u0442\u044c \u043f\u043e \u0432\u044b\u0441\u043e\u0442\u0435: \u043c\u0435\u043d\u044f\u0439\u0442\u0435 \u0438\u0445 \u0432 \u0441\u043e\u043e\u0442\u0432\u0435\u0442\u0441\u0442\u0432\u0438\u0438 \u0441 \u0432\u0430\u0448\u0438\u043c\u0438 \u043f\u043e\u0442\u0440\u0435\u0431\u043d\u043e\u0441\u0442\u044f\u043c\u0438.<\/p>\n<p><strong>\u0414\u0438\u0437\u0430\u0439\u043d, \u043f\u0435\u0440\u0435\u0434 \u043a\u043e\u0442\u043e\u0440\u044b\u043c \u043d\u0435\u0432\u043e\u0437\u043c\u043e\u0436\u043d\u043e \u0443\u0441\u0442\u043e\u044f\u0442\u044c<\/strong>. \u041a\u0440\u0435\u0441\u043b\u043e \u201eEasy\u201d - \u043e\u0442\u043b\u0438\u0447\u043d\u044b\u0439 \u0432\u044b\u0431\u043e\u0440 \u0434\u043b\u044f \u0441\u043e\u0432\u0440\u0435\u043c\u0435\u043d\u043d\u043e\u0439 \u043a\u0432\u0430\u0440\u0442\u0438\u0440\u044b. \u041d\u0438\u0447\u0435\u0433\u043e \u043b\u0438\u0448\u043d\u0435\u0433\u043e, \u0442\u043e\u043b\u044c\u043a\u043e \u0441\u0442\u0438\u043b\u044c, \u043e\u0440\u0438\u0433\u0438\u043d\u0430\u043b\u044c\u043d\u043e\u0441\u0442\u044c \u0438 \u043a\u0430\u0447\u0435\u0441\u0442\u0432\u043e!<\/p>\n<p><em><strong>\u0424\u043e\u0442\u043e\u0433\u0440\u0430\u0444\u0438\u044f \u043d\u043e\u0441\u0438\u0442 \u0438\u0441\u043a\u043b\u044e\u0447\u0438\u0442\u0435\u043b\u044c\u043d\u043e \u0438\u043d\u0444\u043e\u0440\u043c\u0430\u0446\u0438\u043e\u043d\u043d\u044b\u0439 \u0445\u0430\u0440\u0430\u043a\u0442\u0435\u0440, \u0446\u0432\u0435\u0442 \u043c\u043e\u0436\u0435\u0442 \u043d\u0435 \u0441\u043e\u043e\u0442\u0432\u0435\u0442\u0441\u0442\u0432\u043e\u0432\u0430\u0442\u044c \u0440\u0435\u0430\u043b\u044c\u043d\u043e\u0441\u0442\u0438!<\/strong><\/em><\/p>","protected":false},"excerpt":{"rendered":"<p>Descriere Fotoliu moale Easy 16840 Totul ingenios este simplu! Iar scaunul lui Easy va confirma cu u\u0219urin\u021b\u0103 aceast\u0103 tez\u0103. O<\/p>","protected":false},"featured_media":12965,"template":"","meta":[],"product_brand":[1074],"product_cat":[828],"product_tag":[169],"class_list":{"0":"post-12966","1":"product","2":"type-product","3":"status-publish","4":"has-post-thumbnail","6":"product_brand-lemn","7":"product_cat-fotolii-moale","8":"product_tag-5-rate-0","10":"first","11":"instock","12":"shipping-taxable","13":"purchasable","14":"product-type-simple"},"_links":{"self":[{"href":"https:\/\/wowhome.md\/ru\/wp-json\/wp\/v2\/product\/12966","targetHints":{"allow":["GET"]}}],"collection":[{"href":"https:\/\/wowhome.md\/ru\/wp-json\/wp\/v2\/product"}],"about":[{"href":"https:\/\/wowhome.md\/ru\/wp-json\/wp\/v2\/types\/product"}],"version-history":[{"count":0,"href":"https:\/\/wowhome.md\/ru\/wp-json\/wp\/v2\/product\/12966\/revisions"}],"wp:featuredmedia":[{"embeddable":true,"href":"https:\/\/wowhome.md\/ru\/wp-json\/wp\/v2\/media\/12965"}],"wp:attachment":[{"href":"https:\/\/wowhome.md\/ru\/wp-json\/wp\/v2\/media?parent=12966"}],"wp:term":[{"taxonomy":"product_brand","embeddable":true,"href":"https:\/\/wowhome.md\/ru\/wp-json\/wp\/v2\/product_brand?post=12966"},{"taxonomy":"product_cat","embeddable":true,"href":"https:\/\/wowhome.md\/ru\/wp-json\/wp\/v2\/product_cat?post=12966"},{"taxonomy":"product_tag","embeddable":true,"href":"https:\/\/wowhome.md\/ru\/wp-json\/wp\/v2\/product_tag?post=12966"}],"curies":[{"name":"wp","href":"https:\/\/api.w.org\/{rel}","templated":true}]}}