{"id":12963,"date":"2026-02-06T15:44:58","date_gmt":"2026-02-06T13:44:58","guid":{"rendered":"https:\/\/wow.rbs.md\/produs\/fotoliu-moale-noir\/"},"modified":"2026-02-06T15:44:59","modified_gmt":"2026-02-06T13:44:59","slug":"fotoliu-moale-noir","status":"publish","type":"product","link":"https:\/\/wowhome.md\/ru\/product\/fotoliu-moale-noir\/","title":{"rendered":"\u041c\u044f\u0433\u043a\u043e\u0435 \u043a\u0440\u0435\u0441\u043b\u043e \u0427\u0435\u0440\u043d\u044b\u0439"},"content":{"rendered":"<h2>Descriere Fotoliu moale Noir  17094<\/h2>\n<p><strong>&#8222;Noir<\/strong>&#8221; este o impresie de soliditate \u0219i&nbsp;lux adev\u0103rat. \u00cen urma unor astfel de tehnici stilistice a fost creat un fotoliu cu acela\u0219i nume. Interiorul \u00een stil noir este o aten\u021bie deosebit\u0103&nbsp;la alegerea \u0219i aranjarea mobilierului.<\/p>\n<p>Dac\u0103 nu-\u021bi vine nimic \u00een minte, stai pe acest fotoliu formidabil, las\u0103-te pe spate, sprijin\u0103-te. Aprinde\u021bi un&nbsp;film&nbsp;noir \u0219i observa\u021bi ideile surprinse din el.<\/p>\n<p><strong>\u0424\u043e\u0442\u043e\u0433\u0440\u0430\u0444\u0438\u044f \u043d\u043e\u0441\u0438\u0442 \u0438\u0441\u043a\u043b\u044e\u0447\u0438\u0442\u0435\u043b\u044c\u043d\u043e \u0438\u043d\u0444\u043e\u0440\u043c\u0430\u0446\u0438\u043e\u043d\u043d\u044b\u0439 \u0445\u0430\u0440\u0430\u043a\u0442\u0435\u0440, \u0446\u0432\u0435\u0442 \u043c\u043e\u0436\u0435\u0442 \u043d\u0435 \u0441\u043e\u043e\u0442\u0432\u0435\u0442\u0441\u0442\u0432\u043e\u0432\u0430\u0442\u044c \u0440\u0435\u0430\u043b\u044c\u043d\u043e\u0441\u0442\u0438!<\/strong><\/p>","protected":false},"excerpt":{"rendered":"<p>Descriere Fotoliu moale Noir 17094 &#8222;Noir&#8221; este o impresie de soliditate \u0219i&nbsp;lux adev\u0103rat. \u00cen urma unor astfel de tehnici stilistice<\/p>","protected":false},"featured_media":12962,"template":"","meta":[],"product_brand":[1074],"product_cat":[828],"product_tag":[169],"class_list":{"0":"post-12963","1":"product","2":"type-product","3":"status-publish","4":"has-post-thumbnail","6":"product_brand-lemn","7":"product_cat-fotolii-moale","8":"product_tag-5-rate-0","10":"first","11":"instock","12":"shipping-taxable","13":"purchasable","14":"product-type-simple"},"_links":{"self":[{"href":"https:\/\/wowhome.md\/ru\/wp-json\/wp\/v2\/product\/12963","targetHints":{"allow":["GET"]}}],"collection":[{"href":"https:\/\/wowhome.md\/ru\/wp-json\/wp\/v2\/product"}],"about":[{"href":"https:\/\/wowhome.md\/ru\/wp-json\/wp\/v2\/types\/product"}],"version-history":[{"count":0,"href":"https:\/\/wowhome.md\/ru\/wp-json\/wp\/v2\/product\/12963\/revisions"}],"wp:featuredmedia":[{"embeddable":true,"href":"https:\/\/wowhome.md\/ru\/wp-json\/wp\/v2\/media\/12962"}],"wp:attachment":[{"href":"https:\/\/wowhome.md\/ru\/wp-json\/wp\/v2\/media?parent=12963"}],"wp:term":[{"taxonomy":"product_brand","embeddable":true,"href":"https:\/\/wowhome.md\/ru\/wp-json\/wp\/v2\/product_brand?post=12963"},{"taxonomy":"product_cat","embeddable":true,"href":"https:\/\/wowhome.md\/ru\/wp-json\/wp\/v2\/product_cat?post=12963"},{"taxonomy":"product_tag","embeddable":true,"href":"https:\/\/wowhome.md\/ru\/wp-json\/wp\/v2\/product_tag?post=12963"}],"curies":[{"name":"wp","href":"https:\/\/api.w.org\/{rel}","templated":true}]}}