{"id":12900,"date":"2026-02-05T20:20:18","date_gmt":"2026-02-05T18:20:18","guid":{"rendered":"https:\/\/wow.rbs.md\/produs\/canapea-dreapta-extensibila-model-b1\/"},"modified":"2026-02-05T20:20:19","modified_gmt":"2026-02-05T18:20:19","slug":"canapea-dreapta-extensibila-model-b1","status":"publish","type":"product","link":"https:\/\/wowhome.md\/ru\/product\/canapea-dreapta-extensibila-model-b1\/","title":{"rendered":"\u041c\u043e\u0434\u0435\u043b\u044c B1 \u0434\u0438\u0432\u0430\u043d-\u043a\u0440\u043e\u0432\u0430\u0442\u044c"},"content":{"rendered":"<h2>Descriere Canapea dreapt\u0103 extensibil\u0103 Model B1  11091<\/h2>\n<p>\u0414\u0438\u0432\u0430\u043d <strong>Model B1<\/strong> este extensibil\u0103 \u0219i&nbsp;prev\u0103zut\u0103&nbsp;cu lad\u0103&nbsp;de depozitare, are cadrul din pl\u0103ci aglomerate din lemn, iar \u015fezutul este din arcuri tip Bonell cu poliuritan printre arcuri.<\/p>\n<p>Fabricat\u0103&nbsp;pe o structur\u0103&nbsp;solid\u0103&nbsp;este surprinz\u0103tor de util\u0103, iar sistemul de extensie este foarte u\u0219or de manevrat \u0219i are o rezisten\u021b\u0103&nbsp;\u00eenalt\u0103.<\/p>\n<p><strong>\u0411\u0430\u0440\u0445\u0430\u0442\u043d\u0430\u044f \u0442\u043a\u0430\u043d\u044c<\/strong>. Moale \u0219i elegant\u0103, cu o durabilitate sporit\u0103, \u0219i&nbsp;respirabilitate \u00eenalt\u0103, la fel are capacitatea de a respinge apa.<\/p>\n<p><em>Culoare: La comand\u0103, canapeaua poate fi produs\u0103&nbsp;pe diverse tipuri de tapi\u021berie \u0219i culori.<\/em><\/p>\n<p><strong><img decoding=\"async\" alt=\"\" src=\"https:\/\/cdn-icons-png.flaticon.com\/512\/1541\/1541514.png\" style=\"width: 20px; height: 20px;\"><a href=\"https:\/\/artvent.md\/pdf\/tehnica\/Fisa-tehnica-ArtVent-Canapea-Model-B1.pdf\" target=\"_blank\" rel=\"noopener\">\u0418\u043d\u0444\u043e\u0440\u043c\u0430\u0446\u0438\u043e\u043d\u043d\u044b\u0439 \u0431\u044e\u043b\u043b\u0435\u0442\u0435\u043d\u044c<\/a><\/strong><\/p>","protected":false},"excerpt":{"rendered":"<p>Descriere Canapea dreapt\u0103 extensibil\u0103 Model B1 11091 Canapea Model B1 este extensibil\u0103 \u0219i&nbsp;prev\u0103zut\u0103&nbsp;cu lad\u0103&nbsp;de depozitare, are cadrul din pl\u0103ci aglomerate<\/p>","protected":false},"featured_media":12899,"template":"","meta":[],"product_brand":[1096],"product_cat":[519],"product_tag":[169],"class_list":{"0":"post-12900","1":"product","2":"type-product","3":"status-publish","4":"has-post-thumbnail","6":"product_brand-200-cm","7":"product_cat-canapele-drepte","8":"product_tag-5-rate-0","10":"first","11":"instock","12":"shipping-taxable","13":"purchasable","14":"product-type-simple"},"_links":{"self":[{"href":"https:\/\/wowhome.md\/ru\/wp-json\/wp\/v2\/product\/12900","targetHints":{"allow":["GET"]}}],"collection":[{"href":"https:\/\/wowhome.md\/ru\/wp-json\/wp\/v2\/product"}],"about":[{"href":"https:\/\/wowhome.md\/ru\/wp-json\/wp\/v2\/types\/product"}],"version-history":[{"count":0,"href":"https:\/\/wowhome.md\/ru\/wp-json\/wp\/v2\/product\/12900\/revisions"}],"wp:featuredmedia":[{"embeddable":true,"href":"https:\/\/wowhome.md\/ru\/wp-json\/wp\/v2\/media\/12899"}],"wp:attachment":[{"href":"https:\/\/wowhome.md\/ru\/wp-json\/wp\/v2\/media?parent=12900"}],"wp:term":[{"taxonomy":"product_brand","embeddable":true,"href":"https:\/\/wowhome.md\/ru\/wp-json\/wp\/v2\/product_brand?post=12900"},{"taxonomy":"product_cat","embeddable":true,"href":"https:\/\/wowhome.md\/ru\/wp-json\/wp\/v2\/product_cat?post=12900"},{"taxonomy":"product_tag","embeddable":true,"href":"https:\/\/wowhome.md\/ru\/wp-json\/wp\/v2\/product_tag?post=12900"}],"curies":[{"name":"wp","href":"https:\/\/api.w.org\/{rel}","templated":true}]}}