{"id":12850,"date":"2026-02-05T20:20:09","date_gmt":"2026-02-05T18:20:09","guid":{"rendered":"https:\/\/wow.rbs.md\/?post_type=product&#038;p=12850"},"modified":"2026-02-05T20:20:16","modified_gmt":"2026-02-05T18:20:16","slug":"canapea-de-colt-extensibila-venera-beige","status":"publish","type":"product","link":"https:\/\/wowhome.md\/ru\/product\/canapea-de-colt-extensibila-venera-beige\/","title":{"rendered":"\u0423\u0433\u043b\u043e\u0432\u043e\u0439 \u0434\u0438\u0432\u0430\u043d-\u043a\u0440\u043e\u0432\u0430\u0442\u044c Venera Beige"},"content":{"rendered":"<h2>Descriere Canapea de col\u021b extensibil\u0103 Venera Beige 11193<\/h2>\n<p>Canapea de col\u021b&nbsp;model <strong>Venera<\/strong> \u2013 extensibil\u0103, este prev\u0103zut\u0103 cu lad\u0103&nbsp;de depozitare, are cadrul din pl\u0103ci aglomerate din lemn, iar \u015fezutul este din arcuri tip Bonell cu spum\u0103 poliuritanic\u0103 \u00eentre arcuri.<\/p>\n<p>\u0421\u0438\u0441\u0442\u0435\u043c\u0430 \u0432\u044b\u0434\u0432\u0438\u0436\u0435\u043d\u0438\u044f \u043e\u0447\u0435\u043d\u044c \u043c\u0430\u043d\u0435\u0432\u0440\u0435\u043d\u043d\u0430 \u0438 \u0434\u043e\u043b\u0433\u043e\u0432\u0435\u0447\u043d\u0430. \u0420\u0430\u0437\u0434\u0432\u0438\u0436\u0435\u043d\u0438\u0435 \u0434\u0438\u0432\u0430\u043d\u0430 \u043e\u0441\u043d\u043e\u0432\u0430\u043d\u043e \u043d\u0430 \u043c\u0435\u0445\u0430\u043d\u0438\u0437\u043c\u0435 \u0435\u0432\u0440\u043e\u043a\u0430\u0440\u0442\u044b. \u0423\u044e\u0442\u043d\u044b\u0439 \u043f\u043e\u0434\u0433\u043e\u043b\u043e\u0432\u043d\u0438\u043a \u0432 \u0441\u043e\u0432\u0440\u0435\u043c\u0435\u043d\u043d\u043e\u043c \u043c\u0438\u043d\u0438\u043c\u0430\u043b\u0438\u0441\u0442\u0438\u0447\u043d\u043e\u043c \u0434\u0438\u0437\u0430\u0439\u043d\u0435.<\/p>\n<p><strong>\u0426\u0432\u0435\u0442: <\/strong>\u041d\u0430 \u0437\u0430\u043a\u0430\u0437 \u043e\u043d \u043c\u043e\u0436\u0435\u0442 \u0431\u044b\u0442\u044c \u0438\u0437\u0433\u043e\u0442\u043e\u0432\u043b\u0435\u043d \u0432 \u0440\u0430\u0437\u043b\u0438\u0447\u043d\u044b\u0445 \u0432\u0430\u0440\u0438\u0430\u043d\u0442\u0430\u0445 \u043e\u0431\u0438\u0432\u043a\u0438 \u0438 \u0446\u0432\u0435\u0442\u0430\u0445.<\/p>\n<p><img decoding=\"async\" alt=\"\" src=\"https:\/\/cdn-icons-png.flaticon.com\/512\/1541\/1541514.png\" style=\"width: 20px; height: 20px;\"><a href=\"https:\/\/artvent.md\/pdf\/tehnica\/Fisa-tehnica-ArtVent-Colt-model-Venera.pdf\" target=\"_blank\" rel=\"noopener\">\u0418\u043d\u0444\u043e\u0440\u043c\u0430\u0446\u0438\u043e\u043d\u043d\u044b\u0439 \u0431\u044e\u043b\u043b\u0435\u0442\u0435\u043d\u044c<\/a><\/p>","protected":false},"excerpt":{"rendered":"<p>Descriere Canapea de col\u021b extensibil\u0103 Venera Beige 11193 Canapea de col\u021b&nbsp;model Venera \u2013 extensibil\u0103, este prev\u0103zut\u0103 cu lad\u0103&nbsp;de depozitare, are<\/p>","protected":false},"featured_media":12880,"template":"","meta":[],"product_brand":[1076],"product_cat":[518],"product_tag":[169],"class_list":{"0":"post-12850","1":"product","2":"type-product","3":"status-publish","4":"has-post-thumbnail","6":"product_brand-colt-dreapta","7":"product_cat-canapele-de-colt","8":"product_tag-5-rate-0","10":"first","11":"instock","12":"shipping-taxable","13":"purchasable","14":"product-type-variable"},"_links":{"self":[{"href":"https:\/\/wowhome.md\/ru\/wp-json\/wp\/v2\/product\/12850","targetHints":{"allow":["GET"]}}],"collection":[{"href":"https:\/\/wowhome.md\/ru\/wp-json\/wp\/v2\/product"}],"about":[{"href":"https:\/\/wowhome.md\/ru\/wp-json\/wp\/v2\/types\/product"}],"version-history":[{"count":0,"href":"https:\/\/wowhome.md\/ru\/wp-json\/wp\/v2\/product\/12850\/revisions"}],"wp:featuredmedia":[{"embeddable":true,"href":"https:\/\/wowhome.md\/ru\/wp-json\/wp\/v2\/media\/12880"}],"wp:attachment":[{"href":"https:\/\/wowhome.md\/ru\/wp-json\/wp\/v2\/media?parent=12850"}],"wp:term":[{"taxonomy":"product_brand","embeddable":true,"href":"https:\/\/wowhome.md\/ru\/wp-json\/wp\/v2\/product_brand?post=12850"},{"taxonomy":"product_cat","embeddable":true,"href":"https:\/\/wowhome.md\/ru\/wp-json\/wp\/v2\/product_cat?post=12850"},{"taxonomy":"product_tag","embeddable":true,"href":"https:\/\/wowhome.md\/ru\/wp-json\/wp\/v2\/product_tag?post=12850"}],"curies":[{"name":"wp","href":"https:\/\/api.w.org\/{rel}","templated":true}]}}