{"id":12799,"date":"2026-02-05T20:19:51","date_gmt":"2026-02-05T18:19:51","guid":{"rendered":"https:\/\/wow.rbs.md\/produs\/canapea-de-colt-extensibila-betty-small\/"},"modified":"2026-02-05T20:19:56","modified_gmt":"2026-02-05T18:19:56","slug":"canapea-de-colt-extensibila-betty-small","status":"publish","type":"product","link":"https:\/\/wowhome.md\/ru\/product\/canapea-de-colt-extensibila-betty-small\/","title":{"rendered":"Betty \u041d\u0435\u0431\u043e\u043b\u044c\u0448\u043e\u0439 \u0443\u0433\u043b\u043e\u0432\u043e\u0439 \u0434\u0438\u0432\u0430\u043d-\u043a\u0440\u043e\u0432\u0430\u0442\u044c"},"content":{"rendered":"<h2>Descriere Canapea de col\u021b extensibil\u0103 Betty Small  023063<\/h2>\n<p data-end=\"249\" data-start=\"0\">\u201eBetty\u201d este un model plin de personalitate, cu forme moderne \u0219i expresive, care \u00eembin\u0103 armonios func\u021bionalitatea cu confortul. Datorit\u0103 ad\u00e2ncimii generoase a \u0219ezutului, canapeaua ofer\u0103 un nivel ridicat de confort pentru persoane de orice statur\u0103.<\/p>\n<p data-end=\"448\" data-start=\"251\">Pernele moi ale sp\u0103tarului asigur\u0103 o sus\u021binere delicat\u0103 \u0219i fiabil\u0103 pentru spate, iar \u0219ezutul spa\u021bios permite relaxarea complet\u0103, at\u00e2t \u00een pozi\u021bie a\u0219ezat\u0103, c\u00e2t \u0219i \u00een varianta extins\u0103 pentru dormit.<\/p>\n<p data-end=\"669\" data-start=\"450\">Modelul include dou\u0103 op\u021biuni pentru bra\u021bul lateral de l\u00e2ng\u0103 \u0219ezlong: una lung\u0103, ce acoper\u0103 \u00eentreaga lungime a \u0219ezlongului (162 cm), \u0219i una mai scurt\u0103, de 116 cm, oferind flexibilitate \u00een func\u021bie de spa\u021biul disponibil.<\/p>\n<p data-end=\"799\" data-is-last-node=\"\" data-is-only-node=\"\" data-start=\"671\">Setul vine \u00eenso\u021bit de dou\u0103 perne decorative suplimentare, care contribuie at\u00e2t la confort, c\u00e2t \u0219i la estetica general\u0103 a piesei.<\/p>","protected":false},"excerpt":{"rendered":"<p>Descriere Canapea de col\u021b extensibil\u0103 Betty Small 023063 \u201eBetty\u201d este un model plin de personalitate, cu forme moderne \u0219i expresive,<\/p>","protected":false},"featured_media":12798,"template":"","meta":[],"product_brand":[1074],"product_cat":[518],"product_tag":[169],"class_list":{"0":"post-12799","1":"product","2":"type-product","3":"status-publish","4":"has-post-thumbnail","6":"product_brand-lemn","7":"product_cat-canapele-de-colt","8":"product_tag-5-rate-0","10":"first","11":"instock","12":"shipping-taxable","13":"purchasable","14":"product-type-simple"},"_links":{"self":[{"href":"https:\/\/wowhome.md\/ru\/wp-json\/wp\/v2\/product\/12799","targetHints":{"allow":["GET"]}}],"collection":[{"href":"https:\/\/wowhome.md\/ru\/wp-json\/wp\/v2\/product"}],"about":[{"href":"https:\/\/wowhome.md\/ru\/wp-json\/wp\/v2\/types\/product"}],"version-history":[{"count":0,"href":"https:\/\/wowhome.md\/ru\/wp-json\/wp\/v2\/product\/12799\/revisions"}],"wp:featuredmedia":[{"embeddable":true,"href":"https:\/\/wowhome.md\/ru\/wp-json\/wp\/v2\/media\/12798"}],"wp:attachment":[{"href":"https:\/\/wowhome.md\/ru\/wp-json\/wp\/v2\/media?parent=12799"}],"wp:term":[{"taxonomy":"product_brand","embeddable":true,"href":"https:\/\/wowhome.md\/ru\/wp-json\/wp\/v2\/product_brand?post=12799"},{"taxonomy":"product_cat","embeddable":true,"href":"https:\/\/wowhome.md\/ru\/wp-json\/wp\/v2\/product_cat?post=12799"},{"taxonomy":"product_tag","embeddable":true,"href":"https:\/\/wowhome.md\/ru\/wp-json\/wp\/v2\/product_tag?post=12799"}],"curies":[{"name":"wp","href":"https:\/\/api.w.org\/{rel}","templated":true}]}}