{"id":12686,"date":"2026-02-05T20:18:58","date_gmt":"2026-02-05T18:18:58","guid":{"rendered":"https:\/\/wow.rbs.md\/?post_type=product&#038;p=12686"},"modified":"2026-02-05T20:19:46","modified_gmt":"2026-02-05T18:19:46","slug":"canapea-de-colt-model-iii-ivanusca-beige","status":"publish","type":"product","link":"https:\/\/wowhome.md\/ru\/product\/canapea-de-colt-model-iii-ivanusca-beige\/","title":{"rendered":"\u0423\u0433\u043b\u043e\u0432\u043e\u0439 \u0434\u0438\u0432\u0430\u043d \u041c\u043e\u0434\u0435\u043b\u044c III \u0418\u0432\u0430\u043d\u0443\u0448\u043a\u0430 \u0431\u0435\u0436\u0435\u0432\u044b\u0439"},"content":{"rendered":"<h2>Descriere Canapea de col\u021b Model III Ivanusca Beige 11282<\/h2>\n<p><strong>Canapea de col\u021b Model 3 Ivanusca<\/strong>&nbsp;este&nbsp;practic \u00een utilizarea de zi cu zi. \u00ce\u021bi va oferi un plus de confort \u0219i stil \u00een camera ta.<\/p>\n<p>Extinderea col\u021bului are la baz\u0103 mecanismul eurocarte. Baza de dormit este fabricat\u0103 din Arcuri bonell rezistente \u00een timp. Modelul dispune de o lad\u0103 de depozitare \u00eenc\u0103p\u0103toare.<\/p>\n<p>\u0427\u0442\u043e\u0431\u044b \u043f\u043e\u0434\u0443\u0448\u043a\u0438 \u043a\u0430\u043a \u043c\u043e\u0436\u043d\u043e \u0434\u043e\u043b\u044c\u0448\u0435 \u0441\u043e\u0445\u0440\u0430\u043d\u044f\u043b\u0438 \u0441\u0432\u043e\u044e \u043f\u0435\u0440\u0432\u043e\u043d\u0430\u0447\u0430\u043b\u044c\u043d\u0443\u044e \u0444\u043e\u0440\u043c\u0443, \u043e\u043d\u0438 \u043d\u0430\u043f\u043e\u043b\u043d\u0435\u043d\u044b \u0438\u0437\u043c\u0435\u043b\u044c\u0447\u0435\u043d\u043d\u044b\u043c \u043f\u043e\u043b\u0438\u0443\u0440\u0435\u0442\u0430\u043d\u043e\u043c, \u0437\u0430\u0432\u0435\u0440\u043d\u0443\u0442\u044b\u043c \u0432 \u0441\u0442\u0435\u0433\u0430\u043d\u044b\u0439 \u0447\u0435\u0445\u043e\u043b. \u041c\u0438\u043a\u0440\u043e\u0432\u0435\u043b\u044e\u0440\u043e\u0432\u0430\u044f \u0442\u043a\u0430\u043d\u044c \u0443\u0441\u0442\u043e\u0439\u0447\u0438\u0432\u0430 \u043a \u0446\u0430\u0440\u0430\u043f\u0438\u043d\u0430\u043c \u0438 \u043e\u0447\u0435\u043d\u044c \u043c\u0435\u0434\u043b\u0435\u043d\u043d\u043e \u0432\u043f\u0438\u0442\u044b\u0432\u0430\u0435\u0442 \u0436\u0438\u0434\u043a\u043e\u0441\u0442\u044c, \u0447\u0442\u043e \u043f\u043e\u0437\u0432\u043e\u043b\u044f\u0435\u0442 \u0431\u044b\u0441\u0442\u0440\u043e \u0443\u0434\u0430\u043b\u0438\u0442\u044c \u0435\u0435 \u0441 \u043f\u043e\u043c\u043e\u0449\u044c\u044e \u043c\u043e\u0447\u0430\u043b\u043a\u0438.<\/p>\n<p>Simplu v\u0103 pute\u021bi personaliza mobilierul dup\u0103 stilul locuin\u021bei dvs., pentru c\u0103 v\u0103 propunem o gam\u0103 larg\u0103 de stofe \u0219i culori. Stim c\u0103 fiecare client i\u0219i dore\u0219te un produs calitativ \u0219i la mobila moale oferim o garan\u021bie de 12 luni \u2013 perioada \u00een care ve\u021bi beneficia de suport permanent din partea departamentului de Garan\u021bii.<\/p>\n<p>Calitatea \u00eenalt\u0103 este garantat\u0103, pre\u021buri rezonabile \u0219i livrare rapid\u0103. Poate fi comandat cu col\u021bul pozi\u021bionat \u00een partea dreapt\u0103&nbsp;a canapelei sau cu col\u021bul \u00een partea st\u00e2ng\u0103&nbsp;a canapelei.<\/p>","protected":false},"excerpt":{"rendered":"<p>Descriere Canapea de col\u021b Model III Ivanusca Beige 11282 Canapea de col\u021b Model 3 Ivanusca&nbsp;este&nbsp;practic \u00een utilizarea de zi cu<\/p>","protected":false},"featured_media":12745,"template":"","meta":[],"product_brand":[1075],"product_cat":[518],"product_tag":[169],"class_list":{"0":"post-12686","1":"product","2":"type-product","3":"status-publish","4":"has-post-thumbnail","6":"product_brand-colt-stanga","7":"product_cat-canapele-de-colt","8":"product_tag-5-rate-0","10":"first","11":"instock","12":"shipping-taxable","13":"purchasable","14":"product-type-variable"},"_links":{"self":[{"href":"https:\/\/wowhome.md\/ru\/wp-json\/wp\/v2\/product\/12686","targetHints":{"allow":["GET"]}}],"collection":[{"href":"https:\/\/wowhome.md\/ru\/wp-json\/wp\/v2\/product"}],"about":[{"href":"https:\/\/wowhome.md\/ru\/wp-json\/wp\/v2\/types\/product"}],"version-history":[{"count":0,"href":"https:\/\/wowhome.md\/ru\/wp-json\/wp\/v2\/product\/12686\/revisions"}],"wp:featuredmedia":[{"embeddable":true,"href":"https:\/\/wowhome.md\/ru\/wp-json\/wp\/v2\/media\/12745"}],"wp:attachment":[{"href":"https:\/\/wowhome.md\/ru\/wp-json\/wp\/v2\/media?parent=12686"}],"wp:term":[{"taxonomy":"product_brand","embeddable":true,"href":"https:\/\/wowhome.md\/ru\/wp-json\/wp\/v2\/product_brand?post=12686"},{"taxonomy":"product_cat","embeddable":true,"href":"https:\/\/wowhome.md\/ru\/wp-json\/wp\/v2\/product_cat?post=12686"},{"taxonomy":"product_tag","embeddable":true,"href":"https:\/\/wowhome.md\/ru\/wp-json\/wp\/v2\/product_tag?post=12686"}],"curies":[{"name":"wp","href":"https:\/\/api.w.org\/{rel}","templated":true}]}}