{"id":12674,"date":"2026-02-05T20:18:54","date_gmt":"2026-02-05T18:18:54","guid":{"rendered":"https:\/\/wow.rbs.md\/produs\/canapea-dreapta-extensibila-dp-lm-105-150cm-dark-brown\/"},"modified":"2026-02-05T20:18:55","modified_gmt":"2026-02-05T18:18:55","slug":"canapea-dreapta-extensibila-dp-lm-105-150cm-dark-brown","status":"publish","type":"product","link":"https:\/\/wowhome.md\/ru\/product\/canapea-dreapta-extensibila-dp-lm-105-150cm-dark-brown\/","title":{"rendered":"DP LM-105 150 \u0441\u043c \u0442\u0435\u043c\u043d\u043e-\u043a\u043e\u0440\u0438\u0447\u043d\u0435\u0432\u044b\u0439 150 \u0441\u043c DP LM-105 150 \u0441\u043c \u0442\u0435\u043c\u043d\u043e-\u043a\u043e\u0440\u0438\u0447\u043d\u0435\u0432\u044b\u0439"},"content":{"rendered":"<h2>Descriere Canapea dreapt\u0103 extensibil\u0103 DP LM-105 150cm Dark Brown 07586<\/h2>\n<p><strong>LM-105<\/strong>&nbsp;este o canapea extensibil\u0103 transform\u00e2ndu-se cu u\u0219urin\u021b\u0103 \u00eentr-un pat.&nbsp;Canapeaua LM-105 reprezint\u0103 o pies\u0103 de mobilier care se va \u00eencadra lejer \u00eentr-un oficiu, living modern, sau balcon.&nbsp;<\/p>\n<p><strong>\u041c\u0435\u0431\u0435\u043b\u044c \u0434\u043e\u0441\u0442\u0430\u0432\u043b\u044f\u0435\u0442\u0441\u044f \u0432 \u0440\u0430\u0437\u043e\u0431\u0440\u0430\u043d\u043d\u043e\u043c \u0438 \u0443\u043f\u0430\u043a\u043e\u0432\u0430\u043d\u043d\u043e\u043c \u0432\u0438\u0434\u0435.<\/strong><\/p>","protected":false},"excerpt":{"rendered":"<p>Descriere Canapea dreapt\u0103 extensibil\u0103 DP LM-105 150cm Dark Brown 07586 LM-105&nbsp;este o canapea extensibil\u0103 transform\u00e2ndu-se cu u\u0219urin\u021b\u0103 \u00eentr-un pat.&nbsp;Canapeaua LM-105<\/p>","protected":false},"featured_media":12673,"template":"","meta":[],"product_brand":[1074],"product_cat":[519],"product_tag":[169],"class_list":{"0":"post-12674","1":"product","2":"type-product","3":"status-publish","4":"has-post-thumbnail","6":"product_brand-lemn","7":"product_cat-canapele-drepte","8":"product_tag-5-rate-0","10":"first","11":"instock","12":"shipping-taxable","13":"purchasable","14":"product-type-simple"},"_links":{"self":[{"href":"https:\/\/wowhome.md\/ru\/wp-json\/wp\/v2\/product\/12674","targetHints":{"allow":["GET"]}}],"collection":[{"href":"https:\/\/wowhome.md\/ru\/wp-json\/wp\/v2\/product"}],"about":[{"href":"https:\/\/wowhome.md\/ru\/wp-json\/wp\/v2\/types\/product"}],"version-history":[{"count":0,"href":"https:\/\/wowhome.md\/ru\/wp-json\/wp\/v2\/product\/12674\/revisions"}],"wp:featuredmedia":[{"embeddable":true,"href":"https:\/\/wowhome.md\/ru\/wp-json\/wp\/v2\/media\/12673"}],"wp:attachment":[{"href":"https:\/\/wowhome.md\/ru\/wp-json\/wp\/v2\/media?parent=12674"}],"wp:term":[{"taxonomy":"product_brand","embeddable":true,"href":"https:\/\/wowhome.md\/ru\/wp-json\/wp\/v2\/product_brand?post=12674"},{"taxonomy":"product_cat","embeddable":true,"href":"https:\/\/wowhome.md\/ru\/wp-json\/wp\/v2\/product_cat?post=12674"},{"taxonomy":"product_tag","embeddable":true,"href":"https:\/\/wowhome.md\/ru\/wp-json\/wp\/v2\/product_tag?post=12674"}],"curies":[{"name":"wp","href":"https:\/\/api.w.org\/{rel}","templated":true}]}}