{"id":12569,"date":"2026-02-05T20:18:27","date_gmt":"2026-02-05T18:18:27","guid":{"rendered":"https:\/\/wow.rbs.md\/produs\/canapea-dreapta-extensibila-softi\/"},"modified":"2026-02-05T20:18:31","modified_gmt":"2026-02-05T18:18:31","slug":"canapea-dreapta-extensibila-softi","status":"publish","type":"product","link":"https:\/\/wowhome.md\/ru\/product\/canapea-dreapta-extensibila-softi\/","title":{"rendered":"\u0414\u0438\u0432\u0430\u043d Softi Softi \u0434\u0438\u0432\u0430\u043d-\u043a\u0440\u043e\u0432\u0430\u0442\u044c"},"content":{"rendered":"<h2>Descriere Canapea dreapt\u0103 extensibil\u0103 Softi  020216<\/h2>\n<p><strong>\u201eSOFTI\u201d<\/strong> este un model elegant \u0219i stilat de mobilier modern extensibil.<\/p>\n<p>P\u0103r\u021bile moi ale \u0219ezuturilor \u0219i suprafe\u021bele de dormit ale modelului au o umplutur\u0103 combinat\u0103 de confort sporit \u2013 un bloc de arcuri \u00een combina\u021bie cu poliuretan, o pern\u0103 din fibr\u0103 siliconizat\u0103 elastic\u0103 \u0219i sintep\u00f3n multistrat. Pe cotiere se folose\u0219te o umplutur\u0103 din blocuri de poliuretan. Pernele de sp\u0103tar \u0219i pernele de cotier\u0103 sunt umplute cu fibr\u0103 de poliester siliconizat &#8211; holofibr\u0103. Acest tip de umplutur\u0103 are proprietatea de a se recupera rapid dup\u0103 presare (deformare).<\/p>\n<p>Cadrele cotierelor sunt fabricate din PAL (pl\u0103ci aglomerate din lemn). Toate elementele structurale de for\u021b\u0103 ale cadrelor de mobilier sunt realizate din grinzi de lemn de conifere. Sec\u021biunile de baz\u0103 ale mobilierului sunt conectate \u00eentre ele cu ajutorul \u0219uruburilor. Baza pentru \u0219ezuturi este format\u0103 din arcuri de tip \u0219arpe pe un cadru din PAL. Baza suprafe\u021belor de dormit const\u0103 \u00eentr-un strat de PAL.<\/p>\n<p>\u00cen partea de jos a bazei p\u0103r\u021bii de fotoliu \u0219i a \u0219ezlongului sunt amplasate cutii de depozitare pentru lenjerie, din placaj de mesteac\u0103n de 15 mm. Fundul cutiilor de lenjerie este realizat din placaj de 10 mm. Modelul este echipat cu un mecanism de transformare convenabil \u0219i fiabil \u201ePantograf\u201d, destinat pentru utilizarea zilnic\u0103 ca pat. \u0218ezuturile extensibile \u0219i sp\u0103tarele rabatabile, \u00een diverse configura\u021bii, formeaz\u0103 o suprafa\u021b\u0103 de dormit de 1550&#215;2000\/2100\/2200 mm.<\/p>","protected":false},"excerpt":{"rendered":"<p>Descriere Canapea dreapt\u0103 extensibil\u0103 Softi 020216 \u201eSOFTI\u201d este un model elegant \u0219i stilat de mobilier modern extensibil. P\u0103r\u021bile moi ale<\/p>","protected":false},"featured_media":12568,"template":"","meta":[],"product_brand":[1074],"product_cat":[519],"product_tag":[169],"class_list":{"0":"post-12569","1":"product","2":"type-product","3":"status-publish","4":"has-post-thumbnail","6":"product_brand-lemn","7":"product_cat-canapele-drepte","8":"product_tag-5-rate-0","10":"first","11":"instock","12":"shipping-taxable","13":"purchasable","14":"product-type-simple"},"_links":{"self":[{"href":"https:\/\/wowhome.md\/ru\/wp-json\/wp\/v2\/product\/12569","targetHints":{"allow":["GET"]}}],"collection":[{"href":"https:\/\/wowhome.md\/ru\/wp-json\/wp\/v2\/product"}],"about":[{"href":"https:\/\/wowhome.md\/ru\/wp-json\/wp\/v2\/types\/product"}],"version-history":[{"count":0,"href":"https:\/\/wowhome.md\/ru\/wp-json\/wp\/v2\/product\/12569\/revisions"}],"wp:featuredmedia":[{"embeddable":true,"href":"https:\/\/wowhome.md\/ru\/wp-json\/wp\/v2\/media\/12568"}],"wp:attachment":[{"href":"https:\/\/wowhome.md\/ru\/wp-json\/wp\/v2\/media?parent=12569"}],"wp:term":[{"taxonomy":"product_brand","embeddable":true,"href":"https:\/\/wowhome.md\/ru\/wp-json\/wp\/v2\/product_brand?post=12569"},{"taxonomy":"product_cat","embeddable":true,"href":"https:\/\/wowhome.md\/ru\/wp-json\/wp\/v2\/product_cat?post=12569"},{"taxonomy":"product_tag","embeddable":true,"href":"https:\/\/wowhome.md\/ru\/wp-json\/wp\/v2\/product_tag?post=12569"}],"curies":[{"name":"wp","href":"https:\/\/api.w.org\/{rel}","templated":true}]}}