{"id":12529,"date":"2026-02-05T20:18:12","date_gmt":"2026-02-05T18:18:12","guid":{"rendered":"https:\/\/wow.rbs.md\/produs\/canapea-dreapta-extensibila-chesterfield\/"},"modified":"2026-02-05T20:18:14","modified_gmt":"2026-02-05T18:18:14","slug":"canapea-dreapta-extensibila-chesterfield","status":"publish","type":"product","link":"https:\/\/wowhome.md\/ru\/product\/canapea-dreapta-extensibila-chesterfield\/","title":{"rendered":"\u0414\u0438\u0432\u0430\u043d-\u043a\u0440\u043e\u0432\u0430\u0442\u044c \u0427\u0435\u0441\u0442\u0435\u0440\u0444\u0438\u043b\u0434 \u0427\u0435\u0441\u0442\u0435\u0440\u0444\u0438\u043b\u0434"},"content":{"rendered":"<h2>Descriere Canapea dreapt\u0103 extensibil\u0103 Chesterfield  11090<\/h2>\n<p><strong>Canapea model Chesterfield <\/strong>are un design elegant iar pernele stilate intr\u0103&nbsp;\u00een setul canapelei.<\/p>\n<p>Fiind extensibil\u0103, aceasta se poate transforma dintr-o canapea&nbsp;elegant\u0103&nbsp;din timpul zilei \u00een canapeaua extrem de confortabil\u0103&nbsp;\u00een timpul nop\u021bii. \u0218ezutul este din arcuri tip Bonell cu spum\u0103 poliuritanic\u0103. Pentru un plus de confort canapeaua are o lad\u0103 de depozitare inclus\u0103.<\/p>\n<p>Materialul de tapi\u021berie este din catifea moale \u0219i ginga\u0219\u0103 la atingere, acest material este de o calitate \u00eenalt\u0103 \u0219i este rezistent&nbsp;la uzur\u0103, la fel acest material este respirabil cu&nbsp;capacitatea de respingere a apei.<\/p>\n<p><em>Culoare: La comanda, canapeaua poate fi produs\u0103&nbsp;din&nbsp;diverse tipuri de tapi\u021berie \u0219i culori.<\/em><\/p>\n<p><em><img decoding=\"async\" alt=\"\" src=\"https:\/\/cdn-icons-png.flaticon.com\/512\/1541\/1541514.png\" style=\"width: 20px; height: 20px;\">&nbsp;<\/em><a href=\"https:\/\/artvent.md\/pdf\/tehnica\/Fisa-tehnica-ArtVent-Canapea-Model-chesterfild.pdf\" target=\"_blank\" rel=\"noopener\"><strong>\u0422\u0435\u0445\u043d\u0438\u0447\u0435\u0441\u043a\u0438\u0439 \u0431\u044e\u043b\u043b\u0435\u0442\u0435\u043d\u044c<\/strong><\/a><\/p>","protected":false},"excerpt":{"rendered":"<p>Descriere Canapea dreapt\u0103 extensibil\u0103 Chesterfield 11090 Canapea model Chesterfield are un design elegant iar pernele stilate intr\u0103&nbsp;\u00een setul canapelei. Fiind<\/p>","protected":false},"featured_media":12528,"template":"","meta":[],"product_brand":[1096],"product_cat":[519],"product_tag":[169],"class_list":{"0":"post-12529","1":"product","2":"type-product","3":"status-publish","4":"has-post-thumbnail","6":"product_brand-200-cm","7":"product_cat-canapele-drepte","8":"product_tag-5-rate-0","10":"first","11":"instock","12":"shipping-taxable","13":"purchasable","14":"product-type-simple"},"_links":{"self":[{"href":"https:\/\/wowhome.md\/ru\/wp-json\/wp\/v2\/product\/12529","targetHints":{"allow":["GET"]}}],"collection":[{"href":"https:\/\/wowhome.md\/ru\/wp-json\/wp\/v2\/product"}],"about":[{"href":"https:\/\/wowhome.md\/ru\/wp-json\/wp\/v2\/types\/product"}],"version-history":[{"count":0,"href":"https:\/\/wowhome.md\/ru\/wp-json\/wp\/v2\/product\/12529\/revisions"}],"wp:featuredmedia":[{"embeddable":true,"href":"https:\/\/wowhome.md\/ru\/wp-json\/wp\/v2\/media\/12528"}],"wp:attachment":[{"href":"https:\/\/wowhome.md\/ru\/wp-json\/wp\/v2\/media?parent=12529"}],"wp:term":[{"taxonomy":"product_brand","embeddable":true,"href":"https:\/\/wowhome.md\/ru\/wp-json\/wp\/v2\/product_brand?post=12529"},{"taxonomy":"product_cat","embeddable":true,"href":"https:\/\/wowhome.md\/ru\/wp-json\/wp\/v2\/product_cat?post=12529"},{"taxonomy":"product_tag","embeddable":true,"href":"https:\/\/wowhome.md\/ru\/wp-json\/wp\/v2\/product_tag?post=12529"}],"curies":[{"name":"wp","href":"https:\/\/api.w.org\/{rel}","templated":true}]}}