{"id":12465,"date":"2026-02-05T20:17:55","date_gmt":"2026-02-05T18:17:55","guid":{"rendered":"https:\/\/wow.rbs.md\/?post_type=product&#038;p=12465"},"modified":"2026-02-05T20:18:14","modified_gmt":"2026-02-05T18:18:14","slug":"canapea-dreapta-extensibila-model-ii-iii-beige","status":"publish","type":"product","link":"https:\/\/wowhome.md\/ru\/product\/canapea-dreapta-extensibila-model-ii-iii-beige\/","title":{"rendered":"\u041c\u043e\u0434\u0435\u043b\u044c II\/III \u0411\u0435\u0436\u0435\u0432\u044b\u0439 \u0434\u0438\u0432\u0430\u043d-\u043a\u0440\u043e\u0432\u0430\u0442\u044c"},"content":{"rendered":"<h2>Descriere Canapea dreapt\u0103 extensibil\u0103 Model II\/III Beige 11115<\/h2>\n<p>\u0414\u0438\u0432\u0430\u043d&nbsp;<strong>Model 2\/3<\/strong>, este prev\u0103zut\u0103&nbsp;cu lad\u0103&nbsp;de depozitare, are cadrul din pl\u0103ci aglomerate din lemn, iar \u015fezutul este din arcuri tip Bonell. Acestea sunt arcuri metalice \u00een form\u0103 de con care sunt combinate cu o baz\u0103 din poliuretan \u0219i p\u00e2sl\u0103.<\/p>\n<p>Acest tip de arcuri asigur\u0103 o circula\u021bie excelent\u0103 a aerului, care previne acumularea de umiditate. Produsele cu aceste arcuri r\u0103spund rapid la schimb\u0103rile de pozi\u021bie a corpului. Arcurile sunt str\u00e2ns legate \u00eentre ele, a\u0219a c\u0103 tind s\u0103 se mi\u0219te toate \u00eempreun\u0103.<\/p>\n<p>Sistemul de extensie este foarte u\u0219or de manevrat \u0219i rezistent \u00een timp. \u021aes\u0103tura este rezistent\u0103 la abraziune. Acest lucru este confirmat de rezultatul testului de frecare Martindale \u2013 55.000 de cicluri.<\/p>\n<p>\u021aes\u0103tura canapelei&nbsp;este sigur\u0103, deoarece nu con\u021bine substan\u021be nocive. Materialul poate fi cur\u0103\u021bat numai cu substan\u021be care nu afecteaz\u0103 tapi\u021beria.<br \/>\n<em><strong>\u041d\u0435 \u0441\u0442\u0438\u0440\u0430\u0439\u0442\u0435 \u0438 \u043d\u0435 \u0438\u0441\u043f\u043e\u043b\u044c\u0437\u0443\u0439\u0442\u0435 \u043e\u0442\u0431\u0435\u043b\u0438\u0432\u0430\u0442\u0435\u043b\u0438.<\/strong><\/em><\/p>\n<p><strong>\u0426\u0432\u0435\u0442:<\/strong> \u041d\u0430 \u0437\u0430\u043a\u0430\u0437 \u0434\u0438\u0432\u0430\u043d \u043c\u043e\u0436\u0435\u0442 \u0431\u044b\u0442\u044c \u0438\u0437\u0433\u043e\u0442\u043e\u0432\u043b\u0435\u043d \u0432 \u0440\u0430\u0437\u043b\u0438\u0447\u043d\u044b\u0445 \u0432\u0430\u0440\u0438\u0430\u043d\u0442\u0430\u0445 \u043e\u0431\u0438\u0432\u043a\u0438 \u0438 \u0446\u0432\u0435\u0442\u0430\u0445.<\/p>\n<p><strong><img decoding=\"async\" alt=\"\" src=\"https:\/\/cdn-icons-png.flaticon.com\/512\/1541\/1541514.png\" style=\"width: 20px; height: 20px;\"><a href=\"https:\/\/artvent.md\/pdf\/tehnica\/Fisa-tehnica-ArtVent-Canapea-model-II-III.pdf\" target=\"_blank\" rel=\"noopener\">\u0418\u043d\u0444\u043e\u0440\u043c\u0430\u0446\u0438\u043e\u043d\u043d\u044b\u0439 \u0431\u044e\u043b\u043b\u0435\u0442\u0435\u043d\u044c<\/a><\/strong><\/p>","protected":false},"excerpt":{"rendered":"<p>Descriere Canapea dreapt\u0103 extensibil\u0103 Model II\/III Beige 11115 Canapea extensibil\u0103&nbsp;Model 2\/3, este prev\u0103zut\u0103&nbsp;cu lad\u0103&nbsp;de depozitare, are cadrul din pl\u0103ci aglomerate<\/p>","protected":false},"featured_media":12503,"template":"","meta":[],"product_brand":[1096],"product_cat":[519],"product_tag":[169],"class_list":{"0":"post-12465","1":"product","2":"type-product","3":"status-publish","4":"has-post-thumbnail","6":"product_brand-200-cm","7":"product_cat-canapele-drepte","8":"product_tag-5-rate-0","10":"first","11":"instock","12":"shipping-taxable","13":"purchasable","14":"product-type-variable"},"_links":{"self":[{"href":"https:\/\/wowhome.md\/ru\/wp-json\/wp\/v2\/product\/12465","targetHints":{"allow":["GET"]}}],"collection":[{"href":"https:\/\/wowhome.md\/ru\/wp-json\/wp\/v2\/product"}],"about":[{"href":"https:\/\/wowhome.md\/ru\/wp-json\/wp\/v2\/types\/product"}],"version-history":[{"count":0,"href":"https:\/\/wowhome.md\/ru\/wp-json\/wp\/v2\/product\/12465\/revisions"}],"wp:featuredmedia":[{"embeddable":true,"href":"https:\/\/wowhome.md\/ru\/wp-json\/wp\/v2\/media\/12503"}],"wp:attachment":[{"href":"https:\/\/wowhome.md\/ru\/wp-json\/wp\/v2\/media?parent=12465"}],"wp:term":[{"taxonomy":"product_brand","embeddable":true,"href":"https:\/\/wowhome.md\/ru\/wp-json\/wp\/v2\/product_brand?post=12465"},{"taxonomy":"product_cat","embeddable":true,"href":"https:\/\/wowhome.md\/ru\/wp-json\/wp\/v2\/product_cat?post=12465"},{"taxonomy":"product_tag","embeddable":true,"href":"https:\/\/wowhome.md\/ru\/wp-json\/wp\/v2\/product_tag?post=12465"}],"curies":[{"name":"wp","href":"https:\/\/api.w.org\/{rel}","templated":true}]}}