{"id":12453,"date":"2026-02-05T20:17:52","date_gmt":"2026-02-05T18:17:52","guid":{"rendered":"https:\/\/wow.rbs.md\/produs\/canapea-dreapta-extensibila-dp-lira-grey\/"},"modified":"2026-02-05T20:17:52","modified_gmt":"2026-02-05T18:17:52","slug":"canapea-dreapta-extensibila-dp-lira-grey","status":"publish","type":"product","link":"https:\/\/wowhome.md\/ru\/product\/canapea-dreapta-extensibila-dp-lira-grey\/","title":{"rendered":"DP Lira Grey Lira Grey Lira Grey"},"content":{"rendered":"<h2>\u041e\u043f\u0438\u0441\u0430\u043d\u0438\u0435 DP Lira Grey Grey 06842 DP Lira Grey 06842<\/h2>\n<p>\u041f\u0440\u0430\u0432\u044b\u0439 \u0434\u0438\u0432\u0430\u043d <strong>\u041b\u0438\u0440\u0430 <\/strong>\u043f\u043e\u043c\u043e\u0436\u0435\u0442 \u043e\u0440\u0433\u0430\u043d\u0438\u0437\u043e\u0432\u0430\u0442\u044c \u0437\u043e\u043d\u0443 \u043e\u0442\u0434\u044b\u0445\u0430 \u0432 \u0432\u0430\u0448\u0435\u0439 \u0433\u043e\u0441\u0442\u0438\u043d\u043e\u0439. \u041b\u0430\u043a\u043e\u043d\u0438\u0447\u043d\u044b\u0439 \u0434\u0438\u0437\u0430\u0439\u043d \u043f\u043e\u0434\u043e\u0439\u0434\u0435\u0442 \u043f\u0440\u0430\u043a\u0442\u0438\u0447\u0435\u0441\u043a\u0438 \u043a \u043b\u044e\u0431\u043e\u043c\u0443 \u0438\u043d\u0442\u0435\u0440\u044c\u0435\u0440\u0443, \u0430 \u0441\u043a\u043b\u0430\u0434\u043d\u043e\u0439 \u043c\u0435\u0445\u0430\u043d\u0438\u0437\u043c \u043f\u043e\u0437\u0432\u043e\u043b\u0438\u0442 \u043e\u0441\u0442\u0430\u0432\u0438\u0442\u044c \u0433\u043e\u0441\u0442\u0435\u0439 \u043d\u0430 \u043d\u043e\u0447\u044c.<\/p>\n<p><strong>\u041c\u0435\u0431\u0435\u043b\u044c \u0434\u043e\u0441\u0442\u0430\u0432\u043b\u044f\u0435\u0442\u0441\u044f \u0432 \u0440\u0430\u0437\u043e\u0431\u0440\u0430\u043d\u043d\u043e\u043c \u0438 \u0443\u043f\u0430\u043a\u043e\u0432\u0430\u043d\u043d\u043e\u043c \u0432\u0438\u0434\u0435.<\/strong><\/p>","protected":false},"excerpt":{"rendered":"<p>Descriere Canapea dreapt\u0103 extensibil\u0103 DP Lira Grey 06842 Canapeaua dreapt\u0103 Lira va ajuta la organizarea unei zone de relaxare \u00een<\/p>","protected":false},"featured_media":12452,"template":"","meta":[],"product_brand":[1077],"product_cat":[519],"product_tag":[169],"class_list":{"0":"post-12453","1":"product","2":"type-product","3":"status-publish","4":"has-post-thumbnail","6":"product_brand-metal","7":"product_cat-canapele-drepte","8":"product_tag-5-rate-0","10":"first","11":"instock","12":"shipping-taxable","13":"purchasable","14":"product-type-simple"},"_links":{"self":[{"href":"https:\/\/wowhome.md\/ru\/wp-json\/wp\/v2\/product\/12453","targetHints":{"allow":["GET"]}}],"collection":[{"href":"https:\/\/wowhome.md\/ru\/wp-json\/wp\/v2\/product"}],"about":[{"href":"https:\/\/wowhome.md\/ru\/wp-json\/wp\/v2\/types\/product"}],"version-history":[{"count":0,"href":"https:\/\/wowhome.md\/ru\/wp-json\/wp\/v2\/product\/12453\/revisions"}],"wp:featuredmedia":[{"embeddable":true,"href":"https:\/\/wowhome.md\/ru\/wp-json\/wp\/v2\/media\/12452"}],"wp:attachment":[{"href":"https:\/\/wowhome.md\/ru\/wp-json\/wp\/v2\/media?parent=12453"}],"wp:term":[{"taxonomy":"product_brand","embeddable":true,"href":"https:\/\/wowhome.md\/ru\/wp-json\/wp\/v2\/product_brand?post=12453"},{"taxonomy":"product_cat","embeddable":true,"href":"https:\/\/wowhome.md\/ru\/wp-json\/wp\/v2\/product_cat?post=12453"},{"taxonomy":"product_tag","embeddable":true,"href":"https:\/\/wowhome.md\/ru\/wp-json\/wp\/v2\/product_tag?post=12453"}],"curies":[{"name":"wp","href":"https:\/\/api.w.org\/{rel}","templated":true}]}}