{"id":12205,"date":"2026-02-05T20:16:23","date_gmt":"2026-02-05T18:16:23","guid":{"rendered":"https:\/\/wow.rbs.md\/produs\/canapea-dreapta-extensibila-amberg\/"},"modified":"2026-02-05T20:16:33","modified_gmt":"2026-02-05T18:16:33","slug":"canapea-dreapta-extensibila-amberg","status":"publish","type":"product","link":"https:\/\/wowhome.md\/ru\/product\/canapea-dreapta-extensibila-amberg\/","title":{"rendered":"\u0414\u0438\u0432\u0430\u043d-\u043a\u0440\u043e\u0432\u0430\u0442\u044c Amberg"},"content":{"rendered":"<h2>Descriere Canapea dreapt\u0103 extensibil\u0103 Amberg  021757<\/h2>\n<p data-end=\"134\" data-start=\"0\">\u0414\u0438\u0432\u0430\u043d <strong>Amberg<\/strong> este o alegere stilat\u0103 \u0219i ergonomic\u0103 pentru un interior modern, \u00eembin\u00e2nd confortul, func\u021bionalitatea \u0219i fiabilitatea.<\/p>\n<p data-end=\"408\" data-start=\"136\">Dimensiuni \u0219i structur\u0103:<br data-end=\"163\" data-start=\"160\"><br \/>\nDimensiunile totale ale canapelei sunt de 253\u00d7103\u00d774&nbsp;cm (\u00een\u0103l\u021bime cu perne \u2013 94&nbsp;cm), oferind suficient spa\u021biu pentru a\u0219ezare confortabil\u0103. Suprafa\u021ba de dormit de 150\u00d7200&nbsp;cm este ideal\u0103 pentru utilizare zilnic\u0103 \u0219i asigur\u0103 un somn odihnitor.<\/p>\n<p data-end=\"636\" data-start=\"410\">\u041c\u0430\u0442\u0435\u0440\u0438\u0430\u043b\u044b \u0438 \u043a\u043e\u043c\u0444\u043e\u0440\u0442:<br data-end=\"434\" data-start=\"431\"><br \/>\nStructura este realizat\u0103 din materiale durabile \u0219i de calitate. Baza include o suspensie tip arc zig-zag \u0219i un bloc de arcuri independente, care ofer\u0103 sus\u021binere eficient\u0103 \u0219i un nivel ridicat de confort.<\/p>\n<p data-end=\"869\" data-start=\"638\">Mecanism de extindere:<br data-end=\"663\" data-start=\"660\"><br \/>\nModelul este dotat cu un mecanism de tip \u201eeurobook cu pas\u201d \u2013 o solu\u021bie simpl\u0103 \u0219i sigur\u0103 pentru transformarea zilnic\u0103. Acesta permite extinderea rapid\u0103 \u00eentr-un pat complet, protej\u00e2nd \u00een acela\u0219i timp podeaua.<\/p>\n<p data-end=\"1075\" data-start=\"871\">Avantaje suplimentare:<br data-end=\"896\" data-start=\"893\"><br \/>\n\u2022 lad\u0103 spa\u021bioas\u0103 \u0219i laminat\u0103 pentru depozitare<br data-end=\"945\" data-start=\"942\"><br \/>\n\u2022 suport\u0103 o greutate de p\u00e2n\u0103 la 120 kg per loc de \u0219ezut<br data-end=\"1003\" data-start=\"1000\"><br \/>\n\u2022 design modern \u0219i versatil, potrivit pentru diverse stiluri de interior<\/p>\n<p data-end=\"1209\" data-start=\"1077\">\u0414\u0438\u0432\u0430\u043d <strong>Amberg<\/strong> va deveni punctul central confortabil al sufrageriei sau dormitorului dvs., combin\u00e2nd estetica cu func\u021bionalitatea.<\/p>","protected":false},"excerpt":{"rendered":"<p>Descriere Canapea dreapt\u0103 extensibil\u0103 Amberg 021757 Canapeaua Amberg este o alegere stilat\u0103 \u0219i ergonomic\u0103 pentru un interior modern, \u00eembin\u00e2nd confortul,<\/p>","protected":false},"featured_media":12204,"template":"","meta":[],"product_brand":[354],"product_cat":[519],"product_tag":[168],"class_list":{"0":"post-12205","1":"product","2":"type-product","3":"status-publish","4":"has-post-thumbnail","6":"product_brand-sofyno","7":"product_cat-canapele-drepte","8":"product_tag-10-rate-0","10":"first","11":"instock","12":"shipping-taxable","13":"purchasable","14":"product-type-simple"},"_links":{"self":[{"href":"https:\/\/wowhome.md\/ru\/wp-json\/wp\/v2\/product\/12205","targetHints":{"allow":["GET"]}}],"collection":[{"href":"https:\/\/wowhome.md\/ru\/wp-json\/wp\/v2\/product"}],"about":[{"href":"https:\/\/wowhome.md\/ru\/wp-json\/wp\/v2\/types\/product"}],"version-history":[{"count":0,"href":"https:\/\/wowhome.md\/ru\/wp-json\/wp\/v2\/product\/12205\/revisions"}],"wp:featuredmedia":[{"embeddable":true,"href":"https:\/\/wowhome.md\/ru\/wp-json\/wp\/v2\/media\/12204"}],"wp:attachment":[{"href":"https:\/\/wowhome.md\/ru\/wp-json\/wp\/v2\/media?parent=12205"}],"wp:term":[{"taxonomy":"product_brand","embeddable":true,"href":"https:\/\/wowhome.md\/ru\/wp-json\/wp\/v2\/product_brand?post=12205"},{"taxonomy":"product_cat","embeddable":true,"href":"https:\/\/wowhome.md\/ru\/wp-json\/wp\/v2\/product_cat?post=12205"},{"taxonomy":"product_tag","embeddable":true,"href":"https:\/\/wowhome.md\/ru\/wp-json\/wp\/v2\/product_tag?post=12205"}],"curies":[{"name":"wp","href":"https:\/\/api.w.org\/{rel}","templated":true}]}}