{"id":12195,"date":"2026-02-05T20:16:18","date_gmt":"2026-02-05T18:16:18","guid":{"rendered":"https:\/\/wow.rbs.md\/produs\/canapea-dreapta-extensibila-baltika\/"},"modified":"2026-02-05T20:16:22","modified_gmt":"2026-02-05T18:16:22","slug":"canapea-dreapta-extensibila-baltika","status":"publish","type":"product","link":"https:\/\/wowhome.md\/ru\/product\/canapea-dreapta-extensibila-baltika\/","title":{"rendered":"\u0414\u0438\u0432\u0430\u043d-\u043a\u0440\u043e\u0432\u0430\u0442\u044c \"\u0411\u0430\u043b\u0442\u0438\u043a\u0430\" \u0411\u0430\u043b\u0442\u0438\u043a\u0430"},"content":{"rendered":"<h2>\u041e\u043f\u0438\u0441\u0430\u043d\u0438\u0435 \u0411\u0430\u043b\u0442\u0438\u043a\u0430 021775 \u0411\u0430\u043b\u0442\u0438\u043a\u0430 021775 \u0420\u0430\u0441\u043a\u043b\u0430\u0434\u043d\u043e\u0439 \u043f\u0440\u044f\u043c\u043e\u0439 \u0434\u0438\u0432\u0430\u043d<\/h2>\n<p data-end=\"427\" data-start=\"116\"><strong data-end=\"137\" data-start=\"116\">\u0414\u0438\u0432\u0430\u043d \"\u0411\u0430\u043b\u0442\u0438\u043a\u0430<\/strong> \u044d\u0442\u043e \u0443\u043d\u0438\u0432\u0435\u0440\u0441\u0430\u043b\u044c\u043d\u044b\u0439 \u0438 \u043f\u0440\u0430\u043a\u0442\u0438\u0447\u043d\u044b\u0439 \u0432\u044b\u0431\u043e\u0440 \u0434\u043b\u044f \u0441\u043f\u0430\u043b\u044c\u043d\u0438, \u0433\u043e\u0441\u0442\u0438\u043d\u043e\u0439 \u0438\u043b\u0438 \u0434\u0430\u0436\u0435 \u0434\u0435\u0442\u0441\u043a\u043e\u0439 \u043a\u043e\u043c\u043d\u0430\u0442\u044b. \u0411\u043b\u0430\u0433\u043e\u0434\u0430\u0440\u044f \u043d\u0430\u0434\u0435\u0436\u043d\u043e\u043c\u0443 \u043c\u0435\u0445\u0430\u043d\u0438\u0437\u043c\u0443 \u0432\u044b\u0434\u0432\u0438\u0436\u0435\u043d\u0438\u044f \u0438 \u043e\u0440\u0442\u043e\u043f\u0435\u0434\u0438\u0447\u0435\u0441\u043a\u0438\u043c \u043d\u0430\u043a\u043b\u0430\u0434\u043a\u0430\u043c \u043c\u043e\u0434\u0435\u043b\u044c \u0438\u0434\u0435\u0430\u043b\u044c\u043d\u043e \u043f\u043e\u0434\u0445\u043e\u0434\u0438\u0442 \u0434\u043b\u044f \u0435\u0436\u0435\u0434\u043d\u0435\u0432\u043d\u043e\u0433\u043e \u0438\u0441\u043f\u043e\u043b\u044c\u0437\u043e\u0432\u0430\u043d\u0438\u044f \u0432 \u043a\u0430\u0447\u0435\u0441\u0442\u0432\u0435 \u043f\u043e\u0441\u0442\u043e\u044f\u043d\u043d\u043e\u0439 \u043a\u0440\u043e\u0432\u0430\u0442\u0438, \u043e\u0431\u0435\u0441\u043f\u0435\u0447\u0438\u0432\u0430\u044f \u0434\u043e\u043f\u043e\u043b\u043d\u0438\u0442\u0435\u043b\u044c\u043d\u044b\u0439 \u043a\u043e\u043c\u0444\u043e\u0440\u0442 \u0432\u043e \u0432\u0440\u0435\u043c\u044f \u0441\u043d\u0430.<\/p>\n<p data-end=\"1068\" data-start=\"429\">\u041a\u0430\u0440\u043a\u0430\u0441 \u0434\u0438\u0432\u0430\u043d\u0430 \u0432\u044b\u043f\u043e\u043b\u043d\u0435\u043d \u0438\u0437 \u043f\u0440\u043e\u0447\u043d\u044b\u0445 \u0438 \u043a\u0430\u0447\u0435\u0441\u0442\u0432\u0435\u043d\u043d\u044b\u0445 \u043c\u0430\u0442\u0435\u0440\u0438\u0430\u043b\u043e\u0432: \u043c\u0430\u0441\u0441\u0438\u0432\u0430 \u0434\u0435\u0440\u0435\u0432\u0430, \u0435\u0432\u0440\u043e\u0440\u0435\u0448\u0435\u0442\u043a\u0438, \u0414\u0421\u041f, \u041b\u0414\u0421\u041f \u0438 HDF. \u041d\u0430\u0442\u0443\u0440\u0430\u043b\u044c\u043d\u043e\u0435 \u0434\u0435\u0440\u0435\u0432\u043e - \u044d\u043a\u043e\u043b\u043e\u0433\u0438\u0447\u0435\u0441\u043a\u0438 \u0447\u0438\u0441\u0442\u044b\u0439, \u043f\u0440\u043e\u0447\u043d\u044b\u0439 \u0438 \u0434\u043e\u043b\u0433\u043e\u0432\u0435\u0447\u043d\u044b\u0439 \u043c\u0430\u0442\u0435\u0440\u0438\u0430\u043b, \u0441\u043f\u043e\u0441\u043e\u0431\u043d\u044b\u0439 \u0432\u044b\u0434\u0435\u0440\u0436\u0430\u0442\u044c \u0431\u043e\u043b\u044c\u0448\u0438\u0435 \u043d\u0430\u0433\u0440\u0443\u0437\u043a\u0438 \u0438 \u043f\u0440\u043e\u0434\u043b\u0438\u0442\u044c \u0441\u0440\u043e\u043a \u0441\u043b\u0443\u0436\u0431\u044b \u043c\u0435\u0431\u0435\u043b\u0438. \u0415\u0432\u0440\u043e\u0440\u0435\u0448\u0435\u0442\u043a\u0438, \u0442\u0430\u043a\u0436\u0435 \u0438\u0437\u0433\u043e\u0442\u043e\u0432\u043b\u0435\u043d\u043d\u044b\u0435 \u0438\u0437 \u0434\u0435\u0440\u0435\u0432\u0430, \u043f\u0440\u043e\u0445\u043e\u0434\u044f\u0442 \u0441\u043f\u0435\u0446\u0438\u0430\u043b\u044c\u043d\u0443\u044e \u043e\u0431\u0440\u0430\u0431\u043e\u0442\u043a\u0443, \u0447\u0442\u043e\u0431\u044b \u043f\u0440\u043e\u0442\u0438\u0432\u043e\u0441\u0442\u043e\u044f\u0442\u044c \u0432\u043b\u0430\u0433\u0435 \u0438 \u043f\u043b\u0435\u0441\u0435\u043d\u0438. \u0414\u0421\u041f \u0438\u0441\u043f\u043e\u043b\u044c\u0437\u0443\u0435\u0442\u0441\u044f \u0432 \u043e\u0441\u043d\u043e\u0432\u043d\u043e\u043c \u0434\u043b\u044f \u0438\u0437\u0433\u043e\u0442\u043e\u0432\u043b\u0435\u043d\u0438\u044f \u0442\u0430\u043a\u0438\u0445 \u0434\u0435\u0442\u0430\u043b\u0435\u0439, \u043a\u0430\u043a \u0441\u0443\u043d\u0434\u0443\u043a\u0438 \u0434\u043b\u044f \u0445\u0440\u0430\u043d\u0435\u043d\u0438\u044f, \u0430 HDF (\u0434\u0440\u0435\u0432\u0435\u0441\u043d\u043e\u0432\u043e\u043b\u043e\u043a\u043d\u0438\u0441\u0442\u0430\u044f \u043f\u043b\u0438\u0442\u0430 \u0432\u044b\u0441\u043e\u043a\u043e\u0439 \u043f\u043b\u043e\u0442\u043d\u043e\u0441\u0442\u0438) - \u0434\u043b\u044f \u0436\u0435\u0441\u0442\u043a\u0438\u0445 \u043a\u043e\u0440\u043f\u0443\u0441\u043d\u044b\u0445 \u0434\u0435\u0442\u0430\u043b\u0435\u0439 \u0431\u043b\u0430\u0433\u043e\u0434\u0430\u0440\u044f \u0441\u0432\u043e\u0435\u0439 \u0432\u044b\u0441\u043e\u043a\u043e\u0439 \u043f\u0440\u043e\u0447\u043d\u043e\u0441\u0442\u0438.<\/p>\n<p data-end=\"1361\" data-start=\"1070\">\u041c\u043e\u0434\u0435\u043b\u044c <strong data-end=\"1089\" data-start=\"1078\">\u0411\u0430\u043b\u0442\u0438\u043a\u0430<\/strong> \u044d\u0442\u043e \u0432\u0435\u0440\u0442\u0438\u043a\u0430\u043b\u044c\u043d\u044b\u0439 \u0442\u0440\u0435\u0445\u043c\u0435\u0441\u0442\u043d\u044b\u0439 \u0434\u0438\u0432\u0430\u043d, \u043e\u0442\u043b\u0438\u0447\u0430\u044e\u0449\u0438\u0439\u0441\u044f \u044d\u0440\u0433\u043e\u043d\u043e\u043c\u0438\u0447\u043d\u043e\u0441\u0442\u044c\u044e \u0438 \u043a\u043e\u043c\u043f\u0430\u043a\u0442\u043d\u044b\u043c\u0438 \u0440\u0430\u0437\u043c\u0435\u0440\u0430\u043c\u0438: 230 x 105 x 75 \u0441\u043c. \u0421\u043f\u0430\u043b\u044c\u043d\u043e\u0435 \u043c\u0435\u0441\u0442\u043e \u0438\u043c\u0435\u0435\u0442 \u0432\u043d\u0443\u0448\u0438\u0442\u0435\u043b\u044c\u043d\u044b\u0435 \u0440\u0430\u0437\u043c\u0435\u0440\u044b 200\u00d7150 \u0441\u043c, \u0447\u0442\u043e \u043e\u0431\u0435\u0441\u043f\u0435\u0447\u0438\u0432\u0430\u0435\u0442 \u0434\u043e\u0441\u0442\u0430\u0442\u043e\u0447\u043d\u043e \u043c\u0435\u0441\u0442\u0430 \u0434\u043b\u044f \u0434\u0432\u0443\u0445 \u0447\u0435\u043b\u043e\u0432\u0435\u043a.<\/p>\n<p data-end=\"1621\" data-start=\"1363\">\u041f\u0440\u044f\u043c\u044b\u0435 \u0434\u0438\u0432\u0430\u043d\u044b, \u0442\u0430\u043a\u0438\u0435 \u043a\u0430\u043a \u043c\u043e\u0434\u0435\u043b\u044c \"\u0411\u0430\u043b\u0442\u0438\u043a\u0430\", \u043f\u043e\u0434\u0445\u043e\u0434\u044f\u0442 \u043a\u0430\u043a \u0434\u043b\u044f \u043c\u0430\u043b\u0435\u043d\u044c\u043a\u0438\u0445, \u0442\u0430\u043a \u0438 \u0434\u043b\u044f \u0431\u043e\u043b\u044c\u0448\u0438\u0445 \u043f\u043e\u043c\u0435\u0449\u0435\u043d\u0438\u0439. \u0415\u0433\u043e \u0440\u0435\u043a\u043e\u043c\u0435\u043d\u0434\u0443\u0435\u0442\u0441\u044f \u0441\u0442\u0430\u0432\u0438\u0442\u044c \u0432\u0434\u043e\u043b\u044c \u0441\u0442\u0435\u043d\u044b, \u043d\u043e \u043e\u043d \u0442\u0430\u043a\u0436\u0435 \u043c\u043e\u0436\u0435\u0442 \u0431\u044b\u0442\u044c \u0443\u0441\u043f\u0435\u0448\u043d\u043e \u0438\u0441\u043f\u043e\u043b\u044c\u0437\u043e\u0432\u0430\u043d \u0434\u043b\u044f \u0440\u0430\u0437\u0433\u0440\u0430\u043d\u0438\u0447\u0435\u043d\u0438\u044f \u0437\u043e\u043d \u0432 \u043f\u043e\u043c\u0435\u0449\u0435\u043d\u0438\u044f\u0445 \u0441 \u043e\u0442\u043a\u0440\u044b\u0442\u043e\u0439 \u043f\u043b\u0430\u043d\u0438\u0440\u043e\u0432\u043a\u043e\u0439.<\/p>","protected":false},"excerpt":{"rendered":"<p>Descriere Canapea dreapt\u0103 extensibil\u0103 Baltika 021775 Canapeaua Baltika este o alegere versatil\u0103 \u0219i practic\u0103 pentru amenajarea dormitorului, livingului sau chiar<\/p>","protected":false},"featured_media":12194,"template":"","meta":[],"product_brand":[1074],"product_cat":[519],"product_tag":[168],"class_list":{"0":"post-12195","1":"product","2":"type-product","3":"status-publish","4":"has-post-thumbnail","6":"product_brand-lemn","7":"product_cat-canapele-drepte","8":"product_tag-10-rate-0","10":"first","11":"instock","12":"shipping-taxable","13":"purchasable","14":"product-type-simple"},"_links":{"self":[{"href":"https:\/\/wowhome.md\/ru\/wp-json\/wp\/v2\/product\/12195","targetHints":{"allow":["GET"]}}],"collection":[{"href":"https:\/\/wowhome.md\/ru\/wp-json\/wp\/v2\/product"}],"about":[{"href":"https:\/\/wowhome.md\/ru\/wp-json\/wp\/v2\/types\/product"}],"version-history":[{"count":0,"href":"https:\/\/wowhome.md\/ru\/wp-json\/wp\/v2\/product\/12195\/revisions"}],"wp:featuredmedia":[{"embeddable":true,"href":"https:\/\/wowhome.md\/ru\/wp-json\/wp\/v2\/media\/12194"}],"wp:attachment":[{"href":"https:\/\/wowhome.md\/ru\/wp-json\/wp\/v2\/media?parent=12195"}],"wp:term":[{"taxonomy":"product_brand","embeddable":true,"href":"https:\/\/wowhome.md\/ru\/wp-json\/wp\/v2\/product_brand?post=12195"},{"taxonomy":"product_cat","embeddable":true,"href":"https:\/\/wowhome.md\/ru\/wp-json\/wp\/v2\/product_cat?post=12195"},{"taxonomy":"product_tag","embeddable":true,"href":"https:\/\/wowhome.md\/ru\/wp-json\/wp\/v2\/product_tag?post=12195"}],"curies":[{"name":"wp","href":"https:\/\/api.w.org\/{rel}","templated":true}]}}