{"id":12182,"date":"2026-02-05T20:16:11","date_gmt":"2026-02-05T18:16:11","guid":{"rendered":"https:\/\/wow.rbs.md\/produs\/canapea-dreapta-extensibila-hermes\/"},"modified":"2026-02-05T20:16:18","modified_gmt":"2026-02-05T18:16:18","slug":"canapea-dreapta-extensibila-hermes","status":"publish","type":"product","link":"https:\/\/wowhome.md\/ru\/product\/canapea-dreapta-extensibila-hermes\/","title":{"rendered":"\u0414\u0438\u0432\u0430\u043d-\u043a\u0440\u043e\u0432\u0430\u0442\u044c Hermes"},"content":{"rendered":"<h2>Descriere Canapea dreapt\u0103 extensibil\u0103 Hermes  021776<\/h2>\n<p data-end=\"372\" data-start=\"94\">\u0414\u0438\u0432\u0430\u043d <strong data-end=\"114\" data-start=\"104\">Hermes<\/strong>, modern\u0103 \u0219i elegant\u0103, este completarea perfect\u0103 pentru orice interior. Aceasta nu doar \u00eembog\u0103\u021be\u0219te aspectul camerei, ci ofer\u0103 \u0219i un nivel ridicat de confort. Modelul se transform\u0103 cu u\u0219urin\u021b\u0103 \u00eentr-un spa\u021biu generos de dormit, ideal pentru utilizare zilnic\u0103.<\/p>\n<p data-end=\"406\" data-start=\"374\"><strong data-end=\"406\" data-start=\"374\">Avantajele canapelei Hermes:<\/strong><\/p>\n<ul data-end=\"907\" data-start=\"408\">\n<li data-end=\"525\" data-start=\"408\">\n<p data-end=\"525\" data-start=\"410\">Saltea cu umplutur\u0103 ortopedic\u0103 \u0219i bloc de arcuri individuale Pocket Spring \u2013 pentru un somn s\u0103n\u0103tos \u0219i odihnitor.<\/p>\n<\/li>\n<li data-end=\"613\" data-start=\"526\">\n<p data-end=\"613\" data-start=\"528\">Lad\u0103 de depozitare \u00eenc\u0103p\u0103toare \u2013 perfect\u0103 pentru lenjerii \u0219i alte articole textile.<\/p>\n<\/li>\n<li data-end=\"736\" data-start=\"614\">\n<p data-end=\"736\" data-start=\"616\">Cadru rezistent din PAL \u0219i lemn stratificat (eurolemn) \u2013 durabil \u0219i stabil, chiar \u0219i \u00een condi\u021bii de utilizare intens\u0103.<\/p>\n<\/li>\n<li data-end=\"834\" data-start=\"737\">\n<p data-end=\"834\" data-start=\"739\">Posibilitatea de a alege tipul \u0219i culoarea materialului de tapi\u021berie \u2013 potrivit stilului t\u0103u.<\/p>\n<\/li>\n<li data-end=\"907\" data-start=\"835\">\n<p data-end=\"907\" data-start=\"837\">Sp\u0103tar format din perne deta\u0219abile \u2013 solu\u021bie practic\u0103 \u0219i decorativ\u0103.<\/p>\n<\/li>\n<\/ul>\n<p data-end=\"933\" data-start=\"909\"><strong data-end=\"933\" data-start=\"909\">\u0418\u0441\u043f\u043e\u043b\u044c\u0437\u043e\u0432\u0430\u043d\u043d\u044b\u0435 \u043c\u0430\u0442\u0435\u0440\u0438\u0430\u043b\u044b:<\/strong><\/p>\n<ul data-end=\"1225\" data-start=\"935\">\n<li data-end=\"1129\" data-start=\"935\">\n<p data-end=\"1129\" data-start=\"937\"><strong data-end=\"951\" data-start=\"937\">\u041d\u0430\u0447\u0438\u043d\u043a\u0430:<\/strong> bloc de arcuri independente Pocket Spring cu efect anatomic, care se adapteaz\u0103 formei corpului, reduce presiunea asupra coloanei vertebrale \u0219i contribuie la un somn odihnitor.<\/p>\n<\/li>\n<li data-end=\"1225\" data-start=\"1130\">\n<p data-end=\"1225\" data-start=\"1132\"><strong data-end=\"1142\" data-start=\"1132\">\u0420\u0430\u043c\u043a\u0438:<\/strong> realizat din PAL \u0219i eurolemn, pentru o structur\u0103 solid\u0103 \u0219i rezisten\u021b\u0103 \u00eendelungat\u0103.<\/p>\n<\/li>\n<\/ul>\n<p data-end=\"1334\" data-start=\"1227\"><strong data-end=\"1237\" data-start=\"1227\">Hermes<\/strong> este combina\u021bia perfect\u0103 \u00eentre design contemporan, func\u021bionalitate \u0219i grij\u0103 pentru s\u0103n\u0103tatea ta.<\/p>","protected":false},"excerpt":{"rendered":"<p>Descriere Canapea dreapt\u0103 extensibil\u0103 Hermes 021776 Canapeaua Hermes, modern\u0103 \u0219i elegant\u0103, este completarea perfect\u0103 pentru orice interior. Aceasta nu doar<\/p>","protected":false},"featured_media":12181,"template":"","meta":[],"product_brand":[354],"product_cat":[519],"product_tag":[168],"class_list":{"0":"post-12182","1":"product","2":"type-product","3":"status-publish","4":"has-post-thumbnail","6":"product_brand-sofyno","7":"product_cat-canapele-drepte","8":"product_tag-10-rate-0","10":"first","11":"instock","12":"shipping-taxable","13":"purchasable","14":"product-type-simple"},"_links":{"self":[{"href":"https:\/\/wowhome.md\/ru\/wp-json\/wp\/v2\/product\/12182","targetHints":{"allow":["GET"]}}],"collection":[{"href":"https:\/\/wowhome.md\/ru\/wp-json\/wp\/v2\/product"}],"about":[{"href":"https:\/\/wowhome.md\/ru\/wp-json\/wp\/v2\/types\/product"}],"version-history":[{"count":0,"href":"https:\/\/wowhome.md\/ru\/wp-json\/wp\/v2\/product\/12182\/revisions"}],"wp:featuredmedia":[{"embeddable":true,"href":"https:\/\/wowhome.md\/ru\/wp-json\/wp\/v2\/media\/12181"}],"wp:attachment":[{"href":"https:\/\/wowhome.md\/ru\/wp-json\/wp\/v2\/media?parent=12182"}],"wp:term":[{"taxonomy":"product_brand","embeddable":true,"href":"https:\/\/wowhome.md\/ru\/wp-json\/wp\/v2\/product_brand?post=12182"},{"taxonomy":"product_cat","embeddable":true,"href":"https:\/\/wowhome.md\/ru\/wp-json\/wp\/v2\/product_cat?post=12182"},{"taxonomy":"product_tag","embeddable":true,"href":"https:\/\/wowhome.md\/ru\/wp-json\/wp\/v2\/product_tag?post=12182"}],"curies":[{"name":"wp","href":"https:\/\/api.w.org\/{rel}","templated":true}]}}