{"id":12121,"date":"2026-02-05T20:15:40","date_gmt":"2026-02-05T18:15:40","guid":{"rendered":"https:\/\/wow.rbs.md\/produs\/canapea-dreapta-extensibila-chelsea\/"},"modified":"2026-02-05T20:15:51","modified_gmt":"2026-02-05T18:15:51","slug":"canapea-dreapta-extensibila-chelsea","status":"publish","type":"product","link":"https:\/\/wowhome.md\/ru\/product\/canapea-dreapta-extensibila-chelsea\/","title":{"rendered":"\u0414\u0438\u0432\u0430\u043d \u0427\u0435\u043b\u0441\u0438 \u0434\u0438\u0432\u0430\u043d-\u043a\u0440\u043e\u0432\u0430\u0442\u044c"},"content":{"rendered":"<h2>\u041e\u043f\u0438\u0441\u0430\u043d\u0438\u0435 \u0414\u0438\u0432\u0430\u043d \u0427\u0435\u043b\u0441\u0438 \u0434\u0438\u0432\u0430\u043d-\u043a\u0440\u043e\u0432\u0430\u0442\u044c 022345<\/h2>\n<p data-end=\"321\" data-start=\"0\">\u0414\u043b\u044f \u0442\u0435\u0445, \u043a\u0442\u043e \u043b\u044e\u0431\u0438\u0442 \u043f\u0440\u043e\u0441\u0442\u043e\u0442\u0443 \u0438 \u044d\u043b\u0435\u0433\u0430\u043d\u0442\u043d\u043e\u0441\u0442\u044c, \u043c\u044b \u0440\u0435\u043a\u043e\u043c\u0435\u043d\u0434\u0443\u0435\u043c \u0434\u0438\u0432\u0430\u043d<strong> \u0427\u0435\u043b\u0441\u0438<\/strong>. \u041c\u043e\u0434\u0435\u043b\u044c \u0441\u0442\u0430\u043d\u0435\u0442 \u043e\u0442\u043b\u0438\u0447\u043d\u044b\u043c \u0434\u043e\u043f\u043e\u043b\u043d\u0435\u043d\u0438\u0435\u043c \u043a \u0438\u043d\u0442\u0435\u0440\u044c\u0435\u0440\u0443 \u0432\u0430\u0448\u0435\u0439 \u0441\u043f\u0430\u043b\u044c\u043d\u0438 \u0438\u043b\u0438 \u0433\u043e\u0441\u0442\u0438\u043d\u043e\u0439, \u0442\u0430\u043a\u0436\u0435 \u043e\u0431\u0435\u0441\u043f\u0435\u0447\u0438\u0432 \u0443\u044e\u0442\u043d\u043e\u0435 \u043c\u0435\u0441\u0442\u043e \u0434\u043b\u044f \u0441\u043d\u0430. \u041e\u043d\u0430 \u0438\u043c\u0435\u0435\u0442 \u043e\u0440\u0442\u043e\u043f\u0435\u0434\u0438\u0447\u0435\u0441\u043a\u0443\u044e \u043e\u0431\u0438\u0432\u043a\u0443 \u0438 \u043e\u0441\u043d\u0430\u0449\u0435\u043d\u0430 \u043d\u0430\u0434\u0435\u0436\u043d\u044b\u043c \u043c\u0435\u0445\u0430\u043d\u0438\u0437\u043c\u043e\u043c \u043e\u0442\u043a\u0440\u044b\u0432\u0430\u043d\u0438\u044f.<\/p>\n<p data-end=\"352\" data-start=\"323\">\u0414\u0440\u0443\u0433\u0438\u0435 \u043f\u0440\u0435\u0438\u043c\u0443\u0449\u0435\u0441\u0442\u0432\u0430 \u043f\u0440\u043e\u0434\u0443\u043a\u0442\u0430:<\/p>\n<ul>\n<li data-end=\"390\" data-start=\"355\">\u041c\u044f\u0433\u043a\u0438\u0435 \u0434\u0435\u043a\u043e\u0440\u0430\u0442\u0438\u0432\u043d\u044b\u0435 \u043f\u043e\u0434\u0443\u0448\u043a\u0438 \u0434\u043b\u044f \u0441\u043f\u0438\u043d\u044b;<\/li>\n<li data-end=\"390\" data-start=\"355\">\u042d\u043b\u0435\u0433\u0430\u043d\u0442\u043d\u044b\u0435 \u0434\u0435\u0440\u0435\u0432\u044f\u043d\u043d\u044b\u0435 \u043d\u043e\u0436\u043a\u0438;<\/li>\n<li data-end=\"390\" data-start=\"355\">\u0412\u044b\u0441\u043e\u043a\u043e\u0435 \u043a\u0430\u0447\u0435\u0441\u0442\u0432\u043e \u0438 \u0434\u043e\u043b\u0433\u043e\u0432\u0435\u0447\u043d\u043e\u0441\u0442\u044c \u043a\u043e\u043c\u043f\u043e\u043d\u0435\u043d\u0442\u043e\u0432;<\/li>\n<li data-end=\"390\" data-start=\"355\">\u0414\u043e\u043b\u0433\u043e\u0441\u0440\u043e\u0447\u043d\u0430\u044f \u0433\u0430\u0440\u0430\u043d\u0442\u0438\u044f \u043f\u0440\u043e\u0438\u0437\u0432\u043e\u0434\u0438\u0442\u0435\u043b\u044f.<\/li>\n<\/ul>\n<p data-end=\"1006\" data-start=\"527\">\u0414\u043b\u044f \u0438\u0437\u0433\u043e\u0442\u043e\u0432\u043b\u0435\u043d\u0438\u044f \u043a\u043e\u043d\u0441\u0442\u0440\u0443\u043a\u0446\u0438\u0438 \u0438\u0441\u043f\u043e\u043b\u044c\u0437\u0443\u044e\u0442\u0441\u044f \u0435\u0432\u0440\u043e\u0432\u043e\u043b\u043e\u043a\u043d\u043e, \u041c\u0414\u0424, HDF \u0438 \u0444\u0430\u043d\u0435\u0440\u0430. \u042d\u043b\u0435\u043c\u0435\u043d\u0442\u044b \u043a\u043e\u043d\u0441\u0442\u0440\u0443\u043a\u0446\u0438\u0438, \u043d\u0435\u0441\u0443\u0449\u0438\u0435 \u043e\u0441\u043d\u043e\u0432\u043d\u0443\u044e \u043d\u0430\u0433\u0440\u0443\u0437\u043a\u0443, \u0438\u0437\u0433\u043e\u0442\u043e\u0432\u043b\u0435\u043d\u044b \u0438\u0437 \u0435\u0432\u0440\u043e\u0441\u0442\u0435\u043a\u043b\u0430. \u042d\u0442\u043e \u044d\u043a\u043e\u043b\u043e\u0433\u0438\u0447\u0435\u0441\u043a\u0438 \u0447\u0438\u0441\u0442\u044b\u0439 \u043c\u0430\u0442\u0435\u0440\u0438\u0430\u043b, \u043f\u043e\u043b\u0443\u0447\u0430\u0435\u043c\u044b\u0439 \u043f\u0443\u0442\u0435\u043c \u0441\u043a\u043b\u0435\u0438\u0432\u0430\u043d\u0438\u044f \u0442\u0440\u0435\u0445 \u043a\u0443\u0441\u043a\u043e\u0432 \u0434\u0440\u0435\u0432\u0435\u0441\u0438\u043d\u044b. \u0412\u043e\u043b\u043e\u043a\u043d\u0430 \u0440\u0430\u0441\u043f\u043e\u043b\u043e\u0436\u0435\u043d\u044b \u0432 \u0440\u0430\u0437\u043d\u044b\u0445 \u043d\u0430\u043f\u0440\u0430\u0432\u043b\u0435\u043d\u0438\u044f\u0445, \u0447\u0442\u043e \u043f\u0440\u0438\u0434\u0430\u0435\u0442 \u0435\u0432\u0440\u043e\u0431\u0440\u0430\u0439\u0442\u0443 \u0434\u043e\u043f\u043e\u043b\u043d\u0438\u0442\u0435\u043b\u044c\u043d\u0443\u044e \u043f\u0440\u043e\u0447\u043d\u043e\u0441\u0442\u044c. \u041e\u0441\u0442\u0430\u043b\u044c\u043d\u044b\u0435 \u0447\u0430\u0441\u0442\u0438 \u043a\u043e\u043d\u0441\u0442\u0440\u0443\u043a\u0446\u0438\u0438 \u0438\u0437\u0433\u043e\u0442\u043e\u0432\u043b\u0435\u043d\u044b \u0438\u0437 \u041c\u0414\u0424, HDF \u0438 \u0444\u0430\u043d\u0435\u0440\u044b. \u041e\u043d\u0438 \u043e\u0442\u043b\u0438\u0447\u0430\u044e\u0442\u0441\u044f \u043d\u0430\u0434\u0435\u0436\u043d\u043e\u0441\u0442\u044c\u044e, \u043f\u0440\u043e\u0447\u043d\u043e\u0441\u0442\u044c\u044e \u0438 \u0434\u043e\u043b\u0433\u043e\u0432\u0435\u0447\u043d\u043e\u0441\u0442\u044c\u044e.<\/p>\n<p data-end=\"1661\" data-start=\"1008\">\u041d\u0435\u0441\u043c\u043e\u0442\u0440\u044f \u043d\u0430 \u0432\u043f\u0435\u0447\u0430\u0442\u043b\u044f\u044e\u0449\u0438\u0435 \u043f\u0440\u0435\u0438\u043c\u0443\u0449\u0435\u0441\u0442\u0432\u0430, \u0446\u0435\u043d\u0430 \u0434\u0438\u0432\u0430\u043d\u0430 <strong>\u0427\u0435\u043b\u0441\u0438<\/strong> \u0432\u043f\u043e\u043b\u043d\u0435 \u0434\u043e\u0441\u0442\u0443\u043f\u043d\u0430 \u043f\u043e \u0446\u0435\u043d\u0435. \u042d\u0442\u0430 \u043c\u043e\u0434\u0435\u043b\u044c \u043e\u0442\u043d\u043e\u0441\u0438\u0442\u0441\u044f \u043a \u043a\u0430\u0442\u0435\u0433\u043e\u0440\u0438\u0438 \u043f\u0440\u044f\u043c\u044b\u0445 \u0434\u0438\u0432\u0430\u043d\u043e\u0432. \u041e\u043d \u043a\u043e\u043c\u043f\u0430\u043a\u0442\u0435\u043d, \u043d\u0435 \u0437\u0430\u0433\u0440\u043e\u043c\u043e\u0436\u0434\u0430\u0435\u0442 \u043f\u0440\u043e\u0441\u0442\u0440\u0430\u043d\u0441\u0442\u0432\u043e \u0438 \u043f\u043e\u0434\u0445\u043e\u0434\u0438\u0442 \u0434\u043b\u044f \u043a\u043e\u043c\u043d\u0430\u0442\u044b \u043b\u044e\u0431\u043e\u0433\u043e \u0440\u0430\u0437\u043c\u0435\u0440\u0430. \u041c\u0435\u0431\u0435\u043b\u044c \u0442\u0430\u043a\u043e\u0433\u043e \u0442\u0438\u043f\u0430 \u043e\u0431\u044b\u0447\u043d\u043e \u043a\u0440\u0435\u043f\u0438\u0442\u0441\u044f \u043a \u0441\u0442\u0435\u043d\u0435 \u0438 \u043f\u043e\u0434\u0445\u043e\u0434\u0438\u0442 \u0434\u043b\u044f \u043a\u043e\u043c\u043d\u0430\u0442 \u043b\u044e\u0431\u043e\u0433\u043e \u0440\u0430\u0437\u043c\u0435\u0440\u0430. \u041e\u043d\u0430 \u043d\u0435 \u043f\u0440\u0435\u043f\u044f\u0442\u0441\u0442\u0432\u0443\u0435\u0442 \u0441\u0432\u043e\u0431\u043e\u0434\u043d\u043e\u043c\u0443 \u043f\u0435\u0440\u0435\u0434\u0432\u0438\u0436\u0435\u043d\u0438\u044e \u043f\u043e \u043f\u0435\u0440\u0438\u043c\u0435\u0442\u0440\u0443 \u043a\u043e\u043c\u043d\u0430\u0442\u044b \u0438 \u0438\u043c\u0435\u0435\u0442 \u0430\u043a\u043a\u0443\u0440\u0430\u0442\u043d\u044b\u0439 \u0432\u043d\u0435\u0448\u043d\u0438\u0439 \u0432\u0438\u0434. \u0420\u0430\u0437\u043c\u0435\u0440\u044b \u0441\u043b\u043e\u0436\u0435\u043d\u043d\u043e\u0433\u043e \u0438\u0437\u0434\u0435\u043b\u0438\u044f \u0434\u043e\u0432\u043e\u043b\u044c\u043d\u043e \u043a\u043e\u043c\u043f\u0430\u043a\u0442\u043d\u044b (245x100x73 \u0441\u043c), \u0430 \u0441\u043f\u0430\u043b\u044c\u043d\u043e\u0435 \u043c\u0435\u0441\u0442\u043e \u0441\u043e\u0441\u0442\u0430\u0432\u043b\u044f\u0435\u0442 144\u00d7200 \u0441\u043c.<\/p>","protected":false},"excerpt":{"rendered":"<p>Descriere Canapea dreapt\u0103 extensibil\u0103 Chelsea 022345 Pentru iubitorii simplit\u0103\u021bii \u0219i elegan\u021bei, recomand\u0103m achizi\u021bionarea canapelei Chelsea. Modelul va deveni o completare<\/p>","protected":false},"featured_media":12120,"template":"","meta":[],"product_brand":[1074],"product_cat":[519],"product_tag":[168],"class_list":{"0":"post-12121","1":"product","2":"type-product","3":"status-publish","4":"has-post-thumbnail","6":"product_brand-lemn","7":"product_cat-canapele-drepte","8":"product_tag-10-rate-0","10":"first","11":"instock","12":"shipping-taxable","13":"purchasable","14":"product-type-simple"},"_links":{"self":[{"href":"https:\/\/wowhome.md\/ru\/wp-json\/wp\/v2\/product\/12121","targetHints":{"allow":["GET"]}}],"collection":[{"href":"https:\/\/wowhome.md\/ru\/wp-json\/wp\/v2\/product"}],"about":[{"href":"https:\/\/wowhome.md\/ru\/wp-json\/wp\/v2\/types\/product"}],"version-history":[{"count":0,"href":"https:\/\/wowhome.md\/ru\/wp-json\/wp\/v2\/product\/12121\/revisions"}],"wp:featuredmedia":[{"embeddable":true,"href":"https:\/\/wowhome.md\/ru\/wp-json\/wp\/v2\/media\/12120"}],"wp:attachment":[{"href":"https:\/\/wowhome.md\/ru\/wp-json\/wp\/v2\/media?parent=12121"}],"wp:term":[{"taxonomy":"product_brand","embeddable":true,"href":"https:\/\/wowhome.md\/ru\/wp-json\/wp\/v2\/product_brand?post=12121"},{"taxonomy":"product_cat","embeddable":true,"href":"https:\/\/wowhome.md\/ru\/wp-json\/wp\/v2\/product_cat?post=12121"},{"taxonomy":"product_tag","embeddable":true,"href":"https:\/\/wowhome.md\/ru\/wp-json\/wp\/v2\/product_tag?post=12121"}],"curies":[{"name":"wp","href":"https:\/\/api.w.org\/{rel}","templated":true}]}}