{"id":12063,"date":"2026-02-05T20:15:15","date_gmt":"2026-02-05T18:15:15","guid":{"rendered":"https:\/\/wow.rbs.md\/produs\/canapea-dreapta-extensibila-diana\/"},"modified":"2026-02-05T20:15:21","modified_gmt":"2026-02-05T18:15:21","slug":"canapea-dreapta-extensibila-diana","status":"publish","type":"product","link":"https:\/\/wowhome.md\/ru\/product\/canapea-dreapta-extensibila-diana\/","title":{"rendered":"\u0414\u0438\u0432\u0430\u043d \u0414\u0438\u0430\u043d\u0430 \u0434\u0438\u0432\u0430\u043d-\u043a\u0440\u043e\u0432\u0430\u0442\u044c"},"content":{"rendered":"<h2>Descriere Canapea dreapt\u0103 extensibil\u0103 Diana  021778<\/h2>\n<p data-end=\"526\" data-start=\"157\">\u041c\u043e\u0434\u0435\u043b\u044c <strong>Diana<\/strong> impresioneaz\u0103 prin designul s\u0103u elegant \u0219i contemporan, fiind o alegere excelent\u0103 pentru orice living sau dormitor. Canapeaua este echipat\u0103 cu un mecanism de extindere Eurobook, recunoscut pentru fiabilitate \u0219i u\u0219urin\u021b\u0103 \u00een utilizare. Datorit\u0103 acestuia, canapeaua se transform\u0103 rapid \u00eentr-un spa\u021biu generos de dormit, fiind ideal\u0103 pentru utilizare zilnic\u0103.<\/p>\n<p data-end=\"667\" data-start=\"528\">Un plus estetic \u00eel ofer\u0103 pernele decorative deta\u0219abile ale sp\u0103tarului \u0219i ale cotierei, care adaug\u0103 un plus de confort \u0219i rafinament vizual.<\/p>\n<p data-end=\"698\" data-start=\"669\">Avantajele modelului Diana:<\/p>\n<ul data-end=\"894\" data-start=\"699\">\n<li data-end=\"729\" data-start=\"699\">\n<p data-end=\"729\" data-start=\"701\">Cadru rezistent \u0219i durabil<\/p>\n<\/li>\n<li data-end=\"766\" data-start=\"730\">\n<p data-end=\"766\" data-start=\"732\">Materiale de umplutur\u0103 ecologice<\/p>\n<\/li>\n<li data-end=\"812\" data-start=\"767\">\n<p data-end=\"812\" data-start=\"769\">Mecanism simplu \u0219i fiabil de transformare<\/p>\n<\/li>\n<li data-end=\"845\" data-start=\"813\">\n<p data-end=\"845\" data-start=\"815\">\u041f\u043e\u0434\u0445\u043e\u0434\u0438\u0442 \u0434\u043b\u044f \u0435\u0436\u0435\u0434\u043d\u0435\u0432\u043d\u043e\u0433\u043e \u0441\u043d\u0430<\/p>\n<\/li>\n<li data-end=\"894\" data-start=\"846\">\n<p data-end=\"894\" data-start=\"848\">Dotat\u0103 cu o lad\u0103 spa\u021bioas\u0103 pentru depozitare<\/p>\n<\/li>\n<\/ul>\n<p data-end=\"929\" data-start=\"896\">Materiale folosite \u00een fabrica\u021bie:<\/p>\n<ul data-end=\"1325\" data-start=\"931\">\n<li data-end=\"1166\" data-start=\"931\">\n<p data-end=\"1166\" data-start=\"933\">Umplutur\u0103: \u0218ezutul \u0219i sp\u0103tarul sunt umplute cu spum\u0103 poliuretanic\u0103 ecologic\u0103 de nou\u0103 genera\u021bie. Acest material ofer\u0103 un nivel ridicat de confort, asigur\u00e2nd o bun\u0103 circula\u021bie a aerului \u0219i prevenind acumularea prafului \u0219i a umezelii.<\/p>\n<\/li>\n<li data-end=\"1325\" data-start=\"1168\">\n<p data-end=\"1325\" data-start=\"1170\">Cadru: Structura este realizat\u0103 din lemn masiv, PAL, HDF \u0219i lamele elastice, rezult\u00e2nd o canapea nu doar solid\u0103, ci \u0219i cu propriet\u0103\u021bi ortopedice excelente.<\/p>\n<\/li>\n<\/ul>","protected":false},"excerpt":{"rendered":"<p>Descriere Canapea dreapt\u0103 extensibil\u0103 Diana 021778 Modelul Diana impresioneaz\u0103 prin designul s\u0103u elegant \u0219i contemporan, fiind o alegere excelent\u0103 pentru<\/p>","protected":false},"featured_media":12062,"template":"","meta":[],"product_brand":[1077],"product_cat":[519],"product_tag":[168],"class_list":{"0":"post-12063","1":"product","2":"type-product","3":"status-publish","4":"has-post-thumbnail","6":"product_brand-metal","7":"product_cat-canapele-drepte","8":"product_tag-10-rate-0","10":"first","11":"instock","12":"shipping-taxable","13":"purchasable","14":"product-type-simple"},"_links":{"self":[{"href":"https:\/\/wowhome.md\/ru\/wp-json\/wp\/v2\/product\/12063","targetHints":{"allow":["GET"]}}],"collection":[{"href":"https:\/\/wowhome.md\/ru\/wp-json\/wp\/v2\/product"}],"about":[{"href":"https:\/\/wowhome.md\/ru\/wp-json\/wp\/v2\/types\/product"}],"version-history":[{"count":0,"href":"https:\/\/wowhome.md\/ru\/wp-json\/wp\/v2\/product\/12063\/revisions"}],"wp:featuredmedia":[{"embeddable":true,"href":"https:\/\/wowhome.md\/ru\/wp-json\/wp\/v2\/media\/12062"}],"wp:attachment":[{"href":"https:\/\/wowhome.md\/ru\/wp-json\/wp\/v2\/media?parent=12063"}],"wp:term":[{"taxonomy":"product_brand","embeddable":true,"href":"https:\/\/wowhome.md\/ru\/wp-json\/wp\/v2\/product_brand?post=12063"},{"taxonomy":"product_cat","embeddable":true,"href":"https:\/\/wowhome.md\/ru\/wp-json\/wp\/v2\/product_cat?post=12063"},{"taxonomy":"product_tag","embeddable":true,"href":"https:\/\/wowhome.md\/ru\/wp-json\/wp\/v2\/product_tag?post=12063"}],"curies":[{"name":"wp","href":"https:\/\/api.w.org\/{rel}","templated":true}]}}