{"id":12018,"date":"2026-02-05T20:14:53","date_gmt":"2026-02-05T18:14:53","guid":{"rendered":"https:\/\/wow.rbs.md\/?post_type=product&#038;p=12018"},"modified":"2026-02-05T20:15:36","modified_gmt":"2026-02-05T18:15:36","slug":"canapea-dreapta-extensibila-rondo-viva-2","status":"publish","type":"product","link":"https:\/\/wowhome.md\/ru\/product\/canapea-dreapta-extensibila-rondo-viva-2\/","title":{"rendered":"Rondo Viva 2 \u0434\u0438\u0432\u0430\u043d-\u043a\u0440\u043e\u0432\u0430\u0442\u044c"},"content":{"rendered":"<h2>\u041e\u043f\u0438\u0441\u0430\u043d\u0438\u0435 Rondo Viva 2 021644 Rondo Viva 2 021644<\/h2>\n<p>\u0414\u0438\u0432\u0430\u043d <strong>\u0420\u043e\u043d\u0434\u043e<\/strong> \u044d\u0442\u043e \u0438\u0434\u0435\u0430\u043b\u044c\u043d\u043e\u0435 \u0441\u043e\u0447\u0435\u0442\u0430\u043d\u0438\u0435 \u0444\u0443\u043d\u043a\u0446\u0438\u043e\u043d\u0430\u043b\u044c\u043d\u043e\u0441\u0442\u0438 \u0438 \u044d\u0441\u0442\u0435\u0442\u0438\u043a\u0438. \u042d\u043b\u0435\u0433\u0430\u043d\u0442\u043d\u044b\u0439 \u0434\u0438\u0437\u0430\u0439\u043d \u0438 \u0443\u0434\u043e\u0431\u0441\u0442\u0432\u043e \u0432 \u0438\u0441\u043f\u043e\u043b\u044c\u0437\u043e\u0432\u0430\u043d\u0438\u0438 \u0434\u0435\u043b\u0430\u044e\u0442 \u0434\u0438\u0432\u0430\u043d \u043e\u0442\u043b\u0438\u0447\u043d\u044b\u043c \u0432\u044b\u0431\u043e\u0440\u043e\u043c \u0434\u043b\u044f \u043b\u044e\u0431\u043e\u0433\u043e \u0438\u043d\u0442\u0435\u0440\u044c\u0435\u0440\u0430. \u0411\u043b\u0430\u0433\u043e\u0434\u0430\u0440\u044f \u043a\u043e\u043c\u043f\u0430\u043a\u0442\u043d\u044b\u043c \u0440\u0430\u0437\u043c\u0435\u0440\u0430\u043c \u043e\u043d \u043b\u0435\u0433\u043a\u043e \u0432\u043f\u0438\u0448\u0435\u0442\u0441\u044f \u0432 \u043d\u0435\u0431\u043e\u043b\u044c\u0448\u043e\u0435 \u043f\u0440\u043e\u0441\u0442\u0440\u0430\u043d\u0441\u0442\u0432\u043e, \u043e\u0431\u0435\u0441\u043f\u0435\u0447\u0438\u0432\u0430\u044f \u043f\u0440\u0438 \u044d\u0442\u043e\u043c \u043c\u0430\u043a\u0441\u0438\u043c\u0430\u043b\u044c\u043d\u044b\u0439 \u043a\u043e\u043c\u0444\u043e\u0440\u0442 \u0434\u043b\u044f \u043e\u0442\u0434\u044b\u0445\u0430 \u0438 \u0441\u043d\u0430. \u041c\u0435\u0445\u0430\u043d\u0438\u0437\u043c \u0440\u0430\u0441\u043a\u043b\u0430\u0434\u044b\u0432\u0430\u043d\u0438\u044f - \u043f\u043e\u0448\u0430\u0433\u043e\u0432\u0430\u044f \u0435\u0432\u0440\u043e\u043a\u043d\u0438\u0436\u043a\u0430 \u0431\u044b\u0441\u0442\u0440\u043e \u0438 \u043b\u0435\u0433\u043a\u043e \u043f\u0440\u0435\u0432\u0440\u0430\u0449\u0430\u0435\u0442 \u0434\u0438\u0432\u0430\u043d \u0432 \u0443\u0434\u043e\u0431\u043d\u043e\u0435 \u0441\u043f\u0430\u043b\u044c\u043d\u043e\u0435 \u043c\u0435\u0441\u0442\u043e. \u041f\u0440\u043e\u0447\u043d\u0430\u044f \u043a\u043e\u043d\u0441\u0442\u0440\u0443\u043a\u0446\u0438\u044f \u0432\u044b\u0434\u0435\u0440\u0436\u0438\u0432\u0430\u0435\u0442 \u043d\u0430\u0433\u0440\u0443\u0437\u043a\u0443 \u0434\u043e 120 \u043a\u0433 \u043d\u0430 \u0441\u0438\u0434\u044f\u0447\u0435\u0435 \u043c\u0435\u0441\u0442\u043e.<\/p>\n<p>\u041f\u0440\u0435\u0438\u043c\u0443\u0449\u0435\u0441\u0442\u0432\u0430 \u043c\u043e\u0434\u0435\u043b\u0438:<\/p>\n<ul>\n<li>\u041d\u0430\u0434\u0435\u0436\u043d\u044b\u0439 \u043c\u0435\u0445\u0430\u043d\u0438\u0437\u043c \u0441\u043a\u043b\u0430\u0434\u044b\u0432\u0430\u043d\u0438\u044f.<\/li>\n<li>\u041e\u0440\u0442\u043e\u043f\u0435\u0434\u0438\u0447\u0435\u0441\u043a\u0438\u0435 \u043d\u0430\u043a\u043b\u0430\u0434\u043a\u0438.<\/li>\n<li>\u0414\u0435\u043a\u043e\u0440\u0430\u0442\u0438\u0432\u043d\u0430\u044f \u0441\u0442\u0440\u043e\u0447\u043a\u0430 \u043d\u0430 \u0441\u0438\u0434\u0435\u043d\u044c\u0435.<\/li>\n<li>\u041b\u0430\u043c\u0438\u043d\u0438\u0440\u043e\u0432\u0430\u043d\u043d\u044b\u0439 \u044f\u0449\u0438\u043a \u0434\u043b\u044f \u0445\u0440\u0430\u043d\u0435\u043d\u0438\u044f.<\/li>\n<li>\u0414\u0435\u043a\u043e\u0440\u0430\u0442\u0438\u0432\u043d\u044b\u0435 \u043f\u043e\u0434\u0443\u0448\u043a\u0438 \u0441\u043d\u0438\u043c\u0430\u044e\u0442\u0441\u044f.<\/li>\n<\/ul>\n<p>\u041c\u0430\u0442\u0435\u0440\u0438\u0430\u043b\u044b, \u0438\u0441\u043f\u043e\u043b\u044c\u0437\u043e\u0432\u0430\u043d\u043d\u044b\u0435 \u0434\u043b\u044f \u0438\u0437\u0433\u043e\u0442\u043e\u0432\u043b\u0435\u043d\u0438\u044f \u0434\u0438\u0432\u0430\u043d\u0430 <strong>\u0420\u043e\u043d\u0434\u043e<\/strong>:&nbsp;<\/p>\n<ul>\n<li>\u041d\u0430\u0431\u0438\u0432\u043a\u0430. \u0412\u043d\u0443\u0442\u0440\u0435\u043d\u043d\u044f\u044f \u043e\u0431\u0438\u0432\u043a\u0430 \u0441\u043e\u0441\u0442\u043e\u0438\u0442 \u0438\u0437 \u043f\u0435\u043d\u043e\u043f\u043e\u043b\u0438\u0443\u0440\u0435\u0442\u0430\u043d\u0430 \u0438 \u043f\u0440\u0443\u0436\u0438\u043d\u043d\u043e\u0433\u043e \u0431\u043b\u043e\u043a\u0430 Pocket Spring. \u041f\u0435\u043d\u043e\u043f\u043e\u043b\u0438\u0443\u0440\u0435\u0442\u0430\u043d \u043f\u0440\u0438\u0434\u0430\u0435\u0442 \u0438\u0437\u0434\u0435\u043b\u0438\u044e \u043c\u044f\u0433\u043a\u043e\u0441\u0442\u044c \u0438 \u043a\u043e\u043c\u0444\u043e\u0440\u0442, \u0430 \u043f\u0440\u0443\u0436\u0438\u043d\u043d\u044b\u0439 \u0431\u043b\u043e\u043a \u043e\u0431\u0435\u0441\u043f\u0435\u0447\u0438\u0432\u0430\u0435\u0442 \u043f\u0440\u0430\u0432\u0438\u043b\u044c\u043d\u0443\u044e \u043f\u043e\u0434\u0434\u0435\u0440\u0436\u043a\u0443 \u043f\u043e\u0437\u0432\u043e\u043d\u043e\u0447\u043d\u0438\u043a\u0430 \u0438 \u0440\u0430\u0432\u043d\u043e\u043c\u0435\u0440\u043d\u043e\u0435 \u0440\u0430\u0441\u043f\u0440\u0435\u0434\u0435\u043b\u0435\u043d\u0438\u0435 \u0432\u0435\u0441\u0430.<\/li>\n<li>\u041a\u043e\u0440\u043f\u0443\u0441. \u041e\u043d \u0438\u0437\u0433\u043e\u0442\u043e\u0432\u043b\u0435\u043d \u0438\u0437 \u0442\u0430\u043a\u0438\u0445 \u043c\u0430\u0442\u0435\u0440\u0438\u0430\u043b\u043e\u0432, \u043a\u0430\u043a \u0434\u0435\u0440\u0435\u0432\u043e, \u0435\u0432\u0440\u043e\u0431\u0440\u0443\u0441, HDF \u0438 MDF. \u041e\u043d\u0438 \u043f\u0440\u0438\u0434\u0430\u044e\u0442 \u043a\u043e\u043d\u0441\u0442\u0440\u0443\u043a\u0446\u0438\u0438 \u0432\u044b\u0441\u043e\u043a\u0438\u0439 \u0443\u0440\u043e\u0432\u0435\u043d\u044c \u043f\u0440\u043e\u0447\u043d\u043e\u0441\u0442\u0438, \u0438\u0437\u043d\u043e\u0441\u043e\u0441\u0442\u043e\u0439\u043a\u043e\u0441\u0442\u0438 \u0438 \u0434\u043e\u043b\u0433\u043e\u0432\u0435\u0447\u043d\u043e\u0441\u0442\u0438.<\/li>\n<\/ul>","protected":false},"excerpt":{"rendered":"<p>Descriere Canapea dreapt\u0103 extensibil\u0103 Rondo Viva 2 021644 Canapeaua Rondo reprezint\u0103 combina\u021bia perfect\u0103 \u00eentre func\u021bionalitate \u0219i estetic\u0103. Designul s\u0103u elegant<\/p>","protected":false},"featured_media":12090,"template":"","meta":[],"product_brand":[354],"product_cat":[519],"product_tag":[168],"class_list":{"0":"post-12018","1":"product","2":"type-product","3":"status-publish","4":"has-post-thumbnail","6":"product_brand-sofyno","7":"product_cat-canapele-drepte","8":"product_tag-10-rate-0","10":"first","11":"instock","12":"shipping-taxable","13":"purchasable","14":"product-type-variable"},"_links":{"self":[{"href":"https:\/\/wowhome.md\/ru\/wp-json\/wp\/v2\/product\/12018","targetHints":{"allow":["GET"]}}],"collection":[{"href":"https:\/\/wowhome.md\/ru\/wp-json\/wp\/v2\/product"}],"about":[{"href":"https:\/\/wowhome.md\/ru\/wp-json\/wp\/v2\/types\/product"}],"version-history":[{"count":0,"href":"https:\/\/wowhome.md\/ru\/wp-json\/wp\/v2\/product\/12018\/revisions"}],"wp:featuredmedia":[{"embeddable":true,"href":"https:\/\/wowhome.md\/ru\/wp-json\/wp\/v2\/media\/12090"}],"wp:attachment":[{"href":"https:\/\/wowhome.md\/ru\/wp-json\/wp\/v2\/media?parent=12018"}],"wp:term":[{"taxonomy":"product_brand","embeddable":true,"href":"https:\/\/wowhome.md\/ru\/wp-json\/wp\/v2\/product_brand?post=12018"},{"taxonomy":"product_cat","embeddable":true,"href":"https:\/\/wowhome.md\/ru\/wp-json\/wp\/v2\/product_cat?post=12018"},{"taxonomy":"product_tag","embeddable":true,"href":"https:\/\/wowhome.md\/ru\/wp-json\/wp\/v2\/product_tag?post=12018"}],"curies":[{"name":"wp","href":"https:\/\/api.w.org\/{rel}","templated":true}]}}