{"id":12017,"date":"2026-02-05T20:14:53","date_gmt":"2026-02-05T18:14:53","guid":{"rendered":"https:\/\/wow.rbs.md\/?post_type=product&#038;p=12017"},"modified":"2026-02-05T20:15:13","modified_gmt":"2026-02-05T18:15:13","slug":"canapea-dreapta-extensibila-smart-gemma-06","status":"publish","type":"product","link":"https:\/\/wowhome.md\/ru\/product\/canapea-dreapta-extensibila-smart-gemma-06\/","title":{"rendered":"\u0414\u0438\u0432\u0430\u043d-\u043a\u0440\u043e\u0432\u0430\u0442\u044c Smart Gemma 06 Smart Gemma 06"},"content":{"rendered":"<h2>Descriere Canapea dreapt\u0103 extensibil\u0103 Smart Gemma 06 32141<\/h2>\n<p data-end=\"570\" data-start=\"0\">Relaxa\u021bi-v\u0103 confortabil pe canapeaua noastr\u0103 stilat\u0103 \u0219i practic\u0103 <strong>Smart<\/strong>. Aceast\u0103 canapea dreapt\u0103 respect\u0103 toate standardele GOST, garant\u00e2nd calitate \u00eenalt\u0103 \u0219i durabilitate. \u0218ezutul \u0219i sp\u0103tarul moi, umplute cu PPU dens \u0219i \u00eent\u0103rite cu arcuri tip &#8222;\u0219arpe&#8221;, v\u0103 vor oferi un confort deosebit. Sp\u0103tarul rabatabil cu mecanism &#8222;clic-clac&#8221; permite transformarea u\u0219oar\u0103 a canapelei \u00eentr-un loc de dormit de dimensiuni 120&#215;190 cm. Materialul picioarelor este frasin. Absen\u021ba bra\u021belor face ca aceast\u0103 canapea s\u0103 fie ideal\u0103 pentru spa\u021biile mici, oferind un spa\u021biu maxim pentru relaxare.<\/p>\n<p data-end=\"581\" data-start=\"572\">\u041f\u0440\u0435\u0438\u043c\u0443\u0449\u0435\u0441\u0442\u0432\u043e:<\/p>\n<ul>\n<li data-end=\"626\" data-start=\"584\">Mecanism de transformare simplu \u0219i fiabil.<\/li>\n<li data-end=\"626\" data-start=\"584\">Design interesant.<\/li>\n<li data-end=\"626\" data-start=\"584\">Cadru rezistent \u0219i durabil.<\/li>\n<\/ul>\n<p data-end=\"789\" data-start=\"748\">Materialele utilizate \u00een canapeaua Smart:<\/p>\n<ul data-end=\"1241\" data-is-last-node=\"\" data-is-only-node=\"\" data-start=\"790\">\n<li data-end=\"1066\" data-start=\"790\">\n<p data-end=\"1066\" data-start=\"792\"><strong data-end=\"805\" data-start=\"792\">Umplutura<\/strong>. \u0218ezutul \u0219i sp\u0103tarul sunt umplute cu spum\u0103 poliuretanic\u0103 ecologic\u0103. Aceasta este o spum\u0103 artificial\u0103 de nou\u0103 genera\u021bie care ofer\u0103 un confort deosebit \u00een timpul relax\u0103rii. Umplutura permite o bun\u0103 circula\u021bie a aerului, prevenind acumularea de praf \u0219i umiditate.<\/p>\n<\/li>\n<li data-end=\"1241\" data-start=\"1067\">\n<p data-end=\"1241\" data-start=\"1069\"><strong data-end=\"1078\" data-start=\"1069\">\u0420\u0430\u043c\u043a\u0430<\/strong>. Este realizat din DSP \u0219i lemn de brad. Aceast\u0103 combina\u021bie asigur\u0103 o rezisten\u021b\u0103 maxim\u0103 a structurii, stabilitate la \u00eenc\u0103rc\u0103turi mari, fiabilitate \u0219i durabilitate.<\/p>\n<\/li>\n<\/ul>","protected":false},"excerpt":{"rendered":"<p>Descriere Canapea dreapt\u0103 extensibil\u0103 Smart Gemma 06 32141 Relaxa\u021bi-v\u0103 confortabil pe canapeaua noastr\u0103 stilat\u0103 \u0219i practic\u0103 Smart. Aceast\u0103 canapea dreapt\u0103<\/p>","protected":false},"featured_media":12031,"template":"","meta":[],"product_brand":[1074],"product_cat":[519],"product_tag":[168],"class_list":{"0":"post-12017","1":"product","2":"type-product","3":"status-publish","4":"has-post-thumbnail","6":"product_brand-lemn","7":"product_cat-canapele-drepte","8":"product_tag-10-rate-0","10":"first","11":"instock","12":"shipping-taxable","13":"purchasable","14":"product-type-variable"},"_links":{"self":[{"href":"https:\/\/wowhome.md\/ru\/wp-json\/wp\/v2\/product\/12017","targetHints":{"allow":["GET"]}}],"collection":[{"href":"https:\/\/wowhome.md\/ru\/wp-json\/wp\/v2\/product"}],"about":[{"href":"https:\/\/wowhome.md\/ru\/wp-json\/wp\/v2\/types\/product"}],"version-history":[{"count":0,"href":"https:\/\/wowhome.md\/ru\/wp-json\/wp\/v2\/product\/12017\/revisions"}],"wp:featuredmedia":[{"embeddable":true,"href":"https:\/\/wowhome.md\/ru\/wp-json\/wp\/v2\/media\/12031"}],"wp:attachment":[{"href":"https:\/\/wowhome.md\/ru\/wp-json\/wp\/v2\/media?parent=12017"}],"wp:term":[{"taxonomy":"product_brand","embeddable":true,"href":"https:\/\/wowhome.md\/ru\/wp-json\/wp\/v2\/product_brand?post=12017"},{"taxonomy":"product_cat","embeddable":true,"href":"https:\/\/wowhome.md\/ru\/wp-json\/wp\/v2\/product_cat?post=12017"},{"taxonomy":"product_tag","embeddable":true,"href":"https:\/\/wowhome.md\/ru\/wp-json\/wp\/v2\/product_tag?post=12017"}],"curies":[{"name":"wp","href":"https:\/\/api.w.org\/{rel}","templated":true}]}}