{"id":11822,"date":"2026-02-05T20:11:26","date_gmt":"2026-02-05T18:11:26","guid":{"rendered":"https:\/\/wow.rbs.md\/produs\/canapea-dreapta-dp-oslo-3\/"},"modified":"2026-02-05T20:11:26","modified_gmt":"2026-02-05T18:11:26","slug":"canapea-dreapta-dp-oslo-3","status":"publish","type":"product","link":"https:\/\/wowhome.md\/ru\/product\/canapea-dreapta-dp-oslo-3\/","title":{"rendered":"\u041f\u0440\u044f\u043c\u043e\u0439 \u0434\u0438\u0432\u0430\u043d DP Oslo 3"},"content":{"rendered":"<h2>Descriere Canapea dreapt\u0103 DP Oslo 3  02176<\/h2>\n<p><strong>Oslo&nbsp;<\/strong>se prezint\u0103 ca o canapea ne-extensibil\u0103 \u00een stil modern destinat\u0103 pentru 3 persoane. Pentru confortul utilizatorilor, canapeaua&nbsp;Oslo&nbsp;este completat\u0103 cu&nbsp;dou\u0103&nbsp;perne decorative moi, deta\u0219abile prin band\u0103 cu arici (inclusiv huse deta\u0219abile prin fermoar), iar&nbsp;picioarele din plastic \u00een imita\u021bie de lemn, ofer\u0103&nbsp;un plus de elegan\u021b\u0103 piesei de mobilier.<\/p>\n<p><strong>\u041c\u0435\u0431\u0435\u043b\u044c \u0434\u043e\u0441\u0442\u0430\u0432\u043b\u044f\u0435\u0442\u0441\u044f \u0432 \u0440\u0430\u0437\u043e\u0431\u0440\u0430\u043d\u043d\u043e\u043c \u0438 \u0443\u043f\u0430\u043a\u043e\u0432\u0430\u043d\u043d\u043e\u043c \u0432\u0438\u0434\u0435.<\/strong><\/p>","protected":false},"excerpt":{"rendered":"<p>Descriere Canapea dreapt\u0103 DP Oslo 3 02176 Oslo&nbsp;se prezint\u0103 ca o canapea ne-extensibil\u0103 \u00een stil modern destinat\u0103 pentru 3 persoane.<\/p>","protected":false},"featured_media":11821,"template":"","meta":[],"product_brand":[1106],"product_cat":[519],"product_tag":[998],"class_list":{"0":"post-11822","1":"product","2":"type-product","3":"status-publish","4":"has-post-thumbnail","6":"product_brand-plastic","7":"product_cat-canapele-drepte","8":"product_tag-5-rate-0-top-vanzari","10":"first","11":"instock","12":"shipping-taxable","13":"purchasable","14":"product-type-simple"},"_links":{"self":[{"href":"https:\/\/wowhome.md\/ru\/wp-json\/wp\/v2\/product\/11822","targetHints":{"allow":["GET"]}}],"collection":[{"href":"https:\/\/wowhome.md\/ru\/wp-json\/wp\/v2\/product"}],"about":[{"href":"https:\/\/wowhome.md\/ru\/wp-json\/wp\/v2\/types\/product"}],"version-history":[{"count":0,"href":"https:\/\/wowhome.md\/ru\/wp-json\/wp\/v2\/product\/11822\/revisions"}],"wp:featuredmedia":[{"embeddable":true,"href":"https:\/\/wowhome.md\/ru\/wp-json\/wp\/v2\/media\/11821"}],"wp:attachment":[{"href":"https:\/\/wowhome.md\/ru\/wp-json\/wp\/v2\/media?parent=11822"}],"wp:term":[{"taxonomy":"product_brand","embeddable":true,"href":"https:\/\/wowhome.md\/ru\/wp-json\/wp\/v2\/product_brand?post=11822"},{"taxonomy":"product_cat","embeddable":true,"href":"https:\/\/wowhome.md\/ru\/wp-json\/wp\/v2\/product_cat?post=11822"},{"taxonomy":"product_tag","embeddable":true,"href":"https:\/\/wowhome.md\/ru\/wp-json\/wp\/v2\/product_tag?post=11822"}],"curies":[{"name":"wp","href":"https:\/\/api.w.org\/{rel}","templated":true}]}}