{"id":11687,"date":"2026-02-05T20:10:29","date_gmt":"2026-02-05T18:10:29","guid":{"rendered":"https:\/\/wow.rbs.md\/produs\/canapea-dreapta-dp-york-3-pu\/"},"modified":"2026-02-05T20:10:29","modified_gmt":"2026-02-05T18:10:29","slug":"canapea-dreapta-dp-york-3-pu","status":"publish","type":"product","link":"https:\/\/wowhome.md\/ru\/product\/canapea-dreapta-dp-york-3-pu\/","title":{"rendered":"\u041f\u0440\u044f\u043c\u043e\u0439 \u0434\u0438\u0432\u0430\u043d DP York 3 PU"},"content":{"rendered":"<h2>Descriere Canapea dreapt\u0103 DP York 3 PU  14854<\/h2>\n<p>Ofer\u0103 o not\u0103 de comoditate \u0219i stil modern interiorului t\u0103u cu canapeaua<strong> \u0419\u043e\u0440\u043a <\/strong>\u00een nuan\u021ba neagr\u0103! Canapeaua are un corp realizat din placaj \u0219i spum\u0103 poliuretanic\u0103, fiind tapi\u021bat\u0103 cu piele eco pl\u0103cut\u0103 la atingere.<\/p>\n<p>Picioarele sunt executate din metal sudat, vopsit \u00een c\u00e2mp electrostatic. \u00cen\u0103l\u021bimea canapelei de la nivelul pardoselei p\u00e2n\u0103 la \u0219ezut este de 48 cm, av\u00e2nd o \u00een\u0103l\u021bime total\u0103 de 85 cm.<\/p>\n<p>\u00cens\u0103\u0219i \u0219ezutul canapelei pe interior are o l\u0103\u021bime de 180 cm \u0219i ad\u00e2ncimea de 55 cm, iar l\u0103\u021bimea general\u0103 \u2013 195 cm, cu o ad\u00e2ncime de 85 cm. Canapeaua se execut\u0103 la comand\u0103 \u00eentr-o gam\u0103 variat\u0103 de culori \u0219i texturi.<\/p>","protected":false},"excerpt":{"rendered":"<p>Descriere Canapea dreapt\u0103 DP York 3 PU 14854 Ofer\u0103 o not\u0103 de comoditate \u0219i stil modern interiorului t\u0103u cu canapeaua<\/p>","protected":false},"featured_media":11686,"template":"","meta":[],"product_brand":[1077],"product_cat":[519],"product_tag":[169],"class_list":{"0":"post-11687","1":"product","2":"type-product","3":"status-publish","4":"has-post-thumbnail","6":"product_brand-metal","7":"product_cat-canapele-drepte","8":"product_tag-5-rate-0","10":"first","11":"instock","12":"shipping-taxable","13":"purchasable","14":"product-type-simple"},"_links":{"self":[{"href":"https:\/\/wowhome.md\/ru\/wp-json\/wp\/v2\/product\/11687","targetHints":{"allow":["GET"]}}],"collection":[{"href":"https:\/\/wowhome.md\/ru\/wp-json\/wp\/v2\/product"}],"about":[{"href":"https:\/\/wowhome.md\/ru\/wp-json\/wp\/v2\/types\/product"}],"version-history":[{"count":0,"href":"https:\/\/wowhome.md\/ru\/wp-json\/wp\/v2\/product\/11687\/revisions"}],"wp:featuredmedia":[{"embeddable":true,"href":"https:\/\/wowhome.md\/ru\/wp-json\/wp\/v2\/media\/11686"}],"wp:attachment":[{"href":"https:\/\/wowhome.md\/ru\/wp-json\/wp\/v2\/media?parent=11687"}],"wp:term":[{"taxonomy":"product_brand","embeddable":true,"href":"https:\/\/wowhome.md\/ru\/wp-json\/wp\/v2\/product_brand?post=11687"},{"taxonomy":"product_cat","embeddable":true,"href":"https:\/\/wowhome.md\/ru\/wp-json\/wp\/v2\/product_cat?post=11687"},{"taxonomy":"product_tag","embeddable":true,"href":"https:\/\/wowhome.md\/ru\/wp-json\/wp\/v2\/product_tag?post=11687"}],"curies":[{"name":"wp","href":"https:\/\/api.w.org\/{rel}","templated":true}]}}