{"id":11472,"date":"2026-02-05T19:04:26","date_gmt":"2026-02-05T17:04:26","guid":{"rendered":"https:\/\/wow.rbs.md\/?post_type=product&#038;p=11472"},"modified":"2026-02-05T19:04:34","modified_gmt":"2026-02-05T17:04:34","slug":"canapea-fara-rama-edka-jupiter","status":"publish","type":"product","link":"https:\/\/wowhome.md\/ru\/product\/canapea-fara-rama-edka-jupiter\/","title":{"rendered":"\u0411\u0435\u0441\u043a\u0430\u0440\u043a\u0430\u0441\u043d\u044b\u0439 \u0434\u0438\u0432\u0430\u043d Edka Jupiter"},"content":{"rendered":"<h2>Descriere Canapea f\u0103r\u0103 ram\u0103 Edka Jupiter 140 x 200 cm Blue 17729<\/h2>\n<p>Coltar <strong>JUPITER<\/strong> &#8211; dimensiunile sale spa\u021bioase \u0219i uria\u0219e impresioneaz\u0103&nbsp;prin func\u021bionalitate. Av\u00e2nd dou\u0103&nbsp;banchete semicirculare care pot fi folosite \u00eempreun\u0103&nbsp;ca prelungire a canapelei sau formeaz\u0103&nbsp;separat o masu\u021b\u0103&nbsp;de cafea.<\/p>\n<p>Se desf\u0103\u0219oar\u0103 cu u\u0219urin\u021b\u0103 \u00eentr-un pat spa\u021bios pentru odihn\u0103 \u0219i somn. Personaliza\u021bi&nbsp;aceast\u0103 canapea multifunc\u021bional\u0103 a\u0219a cum dori\u021bi!<\/p>\n<p><strong>DIMENSIUNI: b\u0103nci 210&#215;280 cm &#8211; zona de dormit&nbsp;&#8211; 140&#215;200 cm<\/strong><\/p>\n<p><strong>Dimensiunile personalizate pot fi personalizate<br \/>\nPentru mai multe informa\u021bii, v\u0103 rug\u0103m s\u0103 ne contacta\u021bi!<\/strong><\/p>","protected":false},"excerpt":{"rendered":"<p>Descriere Canapea f\u0103r\u0103 ram\u0103 Edka Jupiter 140 x 200 cm Blue 17729 Coltar JUPITER &#8211; dimensiunile sale spa\u021bioase \u0219i uria\u0219e<\/p>","protected":false},"featured_media":11499,"template":"","meta":[],"product_brand":[945],"product_cat":[978],"product_tag":[169],"class_list":{"0":"post-11472","1":"product","2":"type-product","3":"status-publish","4":"has-post-thumbnail","6":"product_brand-edka","7":"product_cat-canapele-fara-rama","8":"product_tag-5-rate-0","10":"first","11":"instock","12":"shipping-taxable","13":"purchasable","14":"product-type-variable"},"_links":{"self":[{"href":"https:\/\/wowhome.md\/ru\/wp-json\/wp\/v2\/product\/11472","targetHints":{"allow":["GET"]}}],"collection":[{"href":"https:\/\/wowhome.md\/ru\/wp-json\/wp\/v2\/product"}],"about":[{"href":"https:\/\/wowhome.md\/ru\/wp-json\/wp\/v2\/types\/product"}],"version-history":[{"count":0,"href":"https:\/\/wowhome.md\/ru\/wp-json\/wp\/v2\/product\/11472\/revisions"}],"wp:featuredmedia":[{"embeddable":true,"href":"https:\/\/wowhome.md\/ru\/wp-json\/wp\/v2\/media\/11499"}],"wp:attachment":[{"href":"https:\/\/wowhome.md\/ru\/wp-json\/wp\/v2\/media?parent=11472"}],"wp:term":[{"taxonomy":"product_brand","embeddable":true,"href":"https:\/\/wowhome.md\/ru\/wp-json\/wp\/v2\/product_brand?post=11472"},{"taxonomy":"product_cat","embeddable":true,"href":"https:\/\/wowhome.md\/ru\/wp-json\/wp\/v2\/product_cat?post=11472"},{"taxonomy":"product_tag","embeddable":true,"href":"https:\/\/wowhome.md\/ru\/wp-json\/wp\/v2\/product_tag?post=11472"}],"curies":[{"name":"wp","href":"https:\/\/api.w.org\/{rel}","templated":true}]}}