{"id":11413,"date":"2026-02-05T19:04:09","date_gmt":"2026-02-05T17:04:09","guid":{"rendered":"https:\/\/wow.rbs.md\/produs\/bancheta-dp-otto\/"},"modified":"2026-02-05T19:04:13","modified_gmt":"2026-02-05T17:04:13","slug":"bancheta-dp-otto","status":"publish","type":"product","link":"https:\/\/wowhome.md\/ru\/product\/bancheta-dp-otto\/","title":{"rendered":"\u0421\u043a\u0430\u043c\u0435\u0439\u043a\u0430 DP Otto"},"content":{"rendered":"<h2>Descriere Bancheta DP Otto  09748<\/h2>\n<p>\u0421\u043a\u0430\u043c\u0435\u0439\u043a\u0430 <strong>Otto<\/strong>, \u00een nuan\u021b\u0103&nbsp;grey, este accesoriul stilat, ce se potrive\u0219te perfect \u00eentr-un interior modern. Corpul acesteia este fabricat din placaj \u0219i spum\u0103 poliuretanic\u0103, fiind tapi\u021bat\u0103 cu catifea pl\u0103cut\u0103 la atingere.<\/p>\n<p>\u0421\u043a\u0430\u043c\u044c\u044f \u0432\u044b\u0441\u043e\u0442\u043e\u0439 44 \u0441\u043c \u0441 \u043a\u0430\u0440\u043a\u0430\u0441\u043e\u043c \u0438\u0437 \u043c\u0435\u0442\u0430\u043b\u043b\u0430, \u043e\u043a\u0440\u0430\u0448\u0435\u043d\u043d\u043e\u0433\u043e \u044d\u043b\u0435\u043a\u0442\u0440\u043e\u0441\u0442\u0430\u0442\u0438\u0447\u0435\u0441\u043a\u0438\u043c \u0441\u043f\u043e\u0441\u043e\u0431\u043e\u043c. \u0415\u0435 \u0448\u0438\u0440\u0438\u043d\u0430 \u0441\u043e\u0441\u0442\u0430\u0432\u043b\u044f\u0435\u0442 100 \u0441\u043c, \u0430 \u0433\u043b\u0443\u0431\u0438\u043d\u0430 \u043a\u043e\u043d\u0441\u043e\u043b\u0438 - \u0432\u0441\u0435\u0433\u043e 37 \u0441\u043c.&nbsp;<\/p>","protected":false},"excerpt":{"rendered":"<p>Descriere Bancheta DP Otto 09748 Bancheta Otto, \u00een nuan\u021b\u0103&nbsp;grey, este accesoriul stilat, ce se potrive\u0219te perfect \u00eentr-un interior modern. Corpul<\/p>","protected":false},"featured_media":11412,"template":"","meta":[],"product_brand":[1066],"product_cat":[941],"product_tag":[],"class_list":{"0":"post-11413","1":"product","2":"type-product","3":"status-publish","4":"has-post-thumbnail","6":"product_brand-drept","7":"product_cat-banchete-si-fotolii-puf","9":"first","10":"instock","11":"shipping-taxable","12":"purchasable","13":"product-type-simple"},"_links":{"self":[{"href":"https:\/\/wowhome.md\/ru\/wp-json\/wp\/v2\/product\/11413","targetHints":{"allow":["GET"]}}],"collection":[{"href":"https:\/\/wowhome.md\/ru\/wp-json\/wp\/v2\/product"}],"about":[{"href":"https:\/\/wowhome.md\/ru\/wp-json\/wp\/v2\/types\/product"}],"version-history":[{"count":0,"href":"https:\/\/wowhome.md\/ru\/wp-json\/wp\/v2\/product\/11413\/revisions"}],"wp:featuredmedia":[{"embeddable":true,"href":"https:\/\/wowhome.md\/ru\/wp-json\/wp\/v2\/media\/11412"}],"wp:attachment":[{"href":"https:\/\/wowhome.md\/ru\/wp-json\/wp\/v2\/media?parent=11413"}],"wp:term":[{"taxonomy":"product_brand","embeddable":true,"href":"https:\/\/wowhome.md\/ru\/wp-json\/wp\/v2\/product_brand?post=11413"},{"taxonomy":"product_cat","embeddable":true,"href":"https:\/\/wowhome.md\/ru\/wp-json\/wp\/v2\/product_cat?post=11413"},{"taxonomy":"product_tag","embeddable":true,"href":"https:\/\/wowhome.md\/ru\/wp-json\/wp\/v2\/product_tag?post=11413"}],"curies":[{"name":"wp","href":"https:\/\/api.w.org\/{rel}","templated":true}]}}