{"id":11347,"date":"2026-02-05T19:02:26","date_gmt":"2026-02-05T17:02:26","guid":{"rendered":"https:\/\/wow.rbs.md\/produs\/bancheta-cu-lada-de-depozitare-artvent\/"},"modified":"2026-02-05T19:02:26","modified_gmt":"2026-02-05T17:02:26","slug":"bancheta-cu-lada-de-depozitare-artvent","status":"publish","type":"product","link":"https:\/\/wowhome.md\/ru\/product\/bancheta-cu-lada-de-depozitare-artvent\/","title":{"rendered":"\u0421\u043a\u0430\u043c\u044c\u044f ArtVent \u0441 \u044f\u0449\u0438\u043a\u043e\u043c \u0434\u043b\u044f \u0445\u0440\u0430\u043d\u0435\u043d\u0438\u044f"},"content":{"rendered":"<h2>\u041e\u043f\u0438\u0441\u0430\u043d\u0438\u0435 \u0421\u043a\u0430\u043c\u044c\u044f \u0441 \u044f\u0449\u0438\u043a\u043e\u043c \u0434\u043b\u044f \u0445\u0440\u0430\u043d\u0435\u043d\u0438\u044f ArtVent 11200<\/h2>\n<p>\u0421\u043a\u0430\u043c\u044c\u044f \u0432 \u043e\u0440\u0438\u0433\u0438\u043d\u0430\u043b\u044c\u043d\u043e\u043c \u0438 \u0441\u043e\u0432\u0440\u0435\u043c\u0435\u043d\u043d\u043e\u043c \u0438\u0441\u043f\u043e\u043b\u043d\u0435\u043d\u0438\u0438 \u0434\u043b\u044f \u0434\u043e\u043c\u0430. \u0414\u043e\u043f\u043e\u043b\u043d\u0438\u0442\u0435\u043b\u044c\u043d\u043e\u0435 \u0443\u0434\u043e\u0431\u0441\u0442\u0432\u043e \u0441\u043e\u0437\u0434\u0430\u0435\u0442 \u043d\u0438\u0448\u0430, \u043a\u043e\u0442\u043e\u0440\u0430\u044f \u0441\u043b\u0443\u0436\u0438\u0442 \u0434\u043e\u043f\u043e\u043b\u043d\u0438\u0442\u0435\u043b\u044c\u043d\u044b\u043c \u043c\u0435\u0441\u0442\u043e\u043c \u0434\u043b\u044f \u0445\u0440\u0430\u043d\u0435\u043d\u0438\u044f \u0432\u0435\u0449\u0435\u0439.<\/p>\n<p><em>\u0421\u043a\u0430\u043c\u0435\u0439\u043a\u0430 \u043c\u043e\u0436\u0435\u0442 \u0431\u044b\u0442\u044c \u0432\u044b\u043f\u043e\u043b\u043d\u0435\u043d\u0430 \u0432 \u0440\u0430\u0437\u043b\u0438\u0447\u043d\u044b\u0445 \u0446\u0432\u0435\u0442\u0430\u0445.<\/em><\/p>","protected":false},"excerpt":{"rendered":"<p>Descriere Banchet\u0103 cu lad\u0103 de depozitare ArtVent 11200 Banchet\u0103 \u00eentr-o variant\u0103&nbsp;original\u0103&nbsp;\u0219i modern\u0103&nbsp;pentru cas\u0103. Comoditatea suplimentar\u0103 este creat\u0103 de o ni\u0219\u0103<\/p>","protected":false},"featured_media":11346,"template":"","meta":[],"product_brand":[855],"product_cat":[941],"product_tag":[],"class_list":{"0":"post-11347","1":"product","2":"type-product","3":"status-publish","4":"has-post-thumbnail","6":"product_brand-artvent","7":"product_cat-banchete-si-fotolii-puf","9":"first","10":"instock","11":"shipping-taxable","12":"purchasable","13":"product-type-simple"},"_links":{"self":[{"href":"https:\/\/wowhome.md\/ru\/wp-json\/wp\/v2\/product\/11347","targetHints":{"allow":["GET"]}}],"collection":[{"href":"https:\/\/wowhome.md\/ru\/wp-json\/wp\/v2\/product"}],"about":[{"href":"https:\/\/wowhome.md\/ru\/wp-json\/wp\/v2\/types\/product"}],"version-history":[{"count":0,"href":"https:\/\/wowhome.md\/ru\/wp-json\/wp\/v2\/product\/11347\/revisions"}],"wp:featuredmedia":[{"embeddable":true,"href":"https:\/\/wowhome.md\/ru\/wp-json\/wp\/v2\/media\/11346"}],"wp:attachment":[{"href":"https:\/\/wowhome.md\/ru\/wp-json\/wp\/v2\/media?parent=11347"}],"wp:term":[{"taxonomy":"product_brand","embeddable":true,"href":"https:\/\/wowhome.md\/ru\/wp-json\/wp\/v2\/product_brand?post=11347"},{"taxonomy":"product_cat","embeddable":true,"href":"https:\/\/wowhome.md\/ru\/wp-json\/wp\/v2\/product_cat?post=11347"},{"taxonomy":"product_tag","embeddable":true,"href":"https:\/\/wowhome.md\/ru\/wp-json\/wp\/v2\/product_tag?post=11347"}],"curies":[{"name":"wp","href":"https:\/\/api.w.org\/{rel}","templated":true}]}}