{"id":11308,"date":"2026-02-05T19:02:13","date_gmt":"2026-02-05T17:02:13","guid":{"rendered":"https:\/\/wow.rbs.md\/produs\/bancheta-dp-hippo\/"},"modified":"2026-02-05T19:02:13","modified_gmt":"2026-02-05T17:02:13","slug":"bancheta-dp-hippo","status":"publish","type":"product","link":"https:\/\/wowhome.md\/ru\/product\/bancheta-dp-hippo\/","title":{"rendered":"\u0421\u043a\u0430\u043c\u044c\u044f Hippo DP"},"content":{"rendered":"<h2>\u041e\u043f\u0438\u0441\u0430\u043d\u0438\u0435 DP Hippo 13376<\/h2>\n<p>Puful<strong> \u0411\u0435\u0433\u0435\u043c\u043e\u0442,<\/strong> \u041e\u0447\u0430\u0440\u043e\u0432\u0430\u0442\u0435\u043b\u044c\u043d\u044b\u0439 \u043a\u0432\u0430\u0434\u0440\u0430\u0442 - \u044d\u0442\u043e \u043c\u0438\u043d\u0438\u0430\u0442\u044e\u0440\u043d\u044b\u0439 \u043f\u0440\u0435\u0434\u043c\u0435\u0442 \u043c\u0435\u0431\u0435\u043b\u0438, \u043a\u043e\u0442\u043e\u0440\u044b\u0439 \u0441\u0434\u0435\u043b\u0430\u0435\u0442 \u043b\u044e\u0431\u0443\u044e \u043a\u043e\u043c\u043d\u0430\u0442\u0443 \u0435\u0449\u0435 \u0431\u043e\u043b\u0435\u0435 \u0444\u0443\u043d\u043a\u0446\u0438\u043e\u043d\u0430\u043b\u044c\u043d\u043e\u0439 \u0438 \u0443\u044e\u0442\u043d\u043e\u0439.<\/p>\n<p>\u041c\u043e\u0434\u0435\u043b\u044c \u043f\u0440\u0438\u0432\u043b\u0435\u043a\u0430\u0435\u0442 \u0432\u043d\u0438\u043c\u0430\u043d\u0438\u0435 \u0441\u0432\u043e\u0435\u0439 \u043c\u044f\u0433\u043a\u043e\u0439 \u0444\u043e\u0440\u043c\u043e\u0439, \u043a\u043e\u0442\u043e\u0440\u0430\u044f \u0441\u043e\u0437\u0434\u0430\u043d\u0430 \u0438\u0441\u043a\u043b\u044e\u0447\u0438\u0442\u0435\u043b\u044c\u043d\u043e \u0434\u043b\u044f \u043a\u043e\u043c\u0444\u043e\u0440\u0442\u0430 \u0438 \u044d\u0441\u0442\u0435\u0442\u0438\u0447\u0435\u0441\u043a\u043e\u0433\u043e \u0443\u0434\u043e\u0432\u043e\u043b\u044c\u0441\u0442\u0432\u0438\u044f. \u041e\u0441\u043e\u0431\u043e\u0435 \u0432\u043d\u0438\u043c\u0430\u043d\u0438\u0435 \u0441\u0442\u043e\u0438\u0442 \u0443\u0434\u0435\u043b\u0438\u0442\u044c \u043c\u0430\u0442\u0435\u0440\u0438\u0430\u043b\u0430\u043c, \u0438\u0437 \u043a\u043e\u0442\u043e\u0440\u044b\u0445 \u0438\u0437\u0433\u043e\u0442\u043e\u0432\u043b\u0435\u043d\u0430 \u044d\u0442\u0430 \u043c\u043e\u0434\u0435\u043b\u044c: \u0432\u0441\u0435 \u043e\u043d\u0438 \u0432\u044b\u0441\u043e\u0447\u0430\u0439\u0448\u0435\u0433\u043e \u043a\u0430\u0447\u0435\u0441\u0442\u0432\u0430 \u0438 \u0438\u0434\u0435\u0430\u043b\u044c\u043d\u043e \u0441\u043e\u043e\u0442\u0432\u0435\u0442\u0441\u0442\u0432\u0443\u044e\u0442 \u0434\u0443\u0445\u0443 \u0441\u043e\u0432\u0440\u0435\u043c\u0435\u043d\u043d\u044b\u0445 \u0441\u0442\u0438\u043b\u0435\u0439 \u0432 \u0434\u0438\u0437\u0430\u0439\u043d\u0435.<\/p>\n<p>\u041f\u0440\u043e\u0447\u043d\u044b\u0439 \u0438 \u043f\u0440\u0430\u043a\u0442\u0438\u0447\u043d\u044b\u0439 \u0432\u0435\u043b\u044e\u0440 \u0438\u043c\u0435\u0435\u0442 \u043f\u0440\u0438\u044f\u0442\u043d\u0443\u044e \u043d\u0430 \u043e\u0449\u0443\u043f\u044c \u0444\u0430\u043a\u0442\u0443\u0440\u0443; \u043a\u0430\u0440\u043a\u0430\u0441 \u0438\u0437\u0433\u043e\u0442\u043e\u0432\u043b\u0435\u043d \u0438\u0437 \u043f\u0440\u043e\u0447\u043d\u043e\u0439 \u0444\u0430\u043d\u0435\u0440\u044b; \u043d\u043e\u0436\u043a\u0438 - \u0438\u0437 \u043f\u0440\u043e\u0447\u043d\u043e\u0433\u043e \u043c\u0435\u0442\u0430\u043b\u043b\u0430.<\/p>\n<p>\u0422\u0430\u043a\u043e\u0435 \u0438\u0437\u0434\u0435\u043b\u0438\u0435 \u0431\u0443\u0434\u0435\u0442 \u043e\u0441\u0442\u0430\u0432\u0430\u0442\u044c\u0441\u044f \u0432 \u043e\u0442\u043b\u0438\u0447\u043d\u043e\u043c \u0441\u043e\u0441\u0442\u043e\u044f\u043d\u0438\u0438 \u0434\u043e\u043b\u0433\u0438\u0435 \u0433\u043e\u0434\u044b. \u041f\u0443\u0444 \u0441\u043e\u0447\u0435\u0442\u0430\u0435\u0442 \u0432 \u0441\u0435\u0431\u0435 \u0447\u0435\u0440\u0442\u044b \u0440\u0430\u0437\u043b\u0438\u0447\u043d\u044b\u0445 \u043d\u0430\u043f\u0440\u0430\u0432\u043b\u0435\u043d\u0438\u0439 \u0434\u0438\u0437\u0430\u0439\u043d\u0435\u0440\u0441\u043a\u043e\u0433\u043e \u0438\u0441\u043a\u0443\u0441\u0441\u0442\u0432\u0430, \u043e\u0442 \u0441\u0442\u0440\u043e\u0433\u043e\u0439 \u043a\u043b\u0430\u0441\u0441\u0438\u043a\u0438 \u0434\u043e \u0443\u043b\u044c\u0442\u0440\u0430\u0441\u043e\u0432\u0440\u0435\u043c\u0435\u043d\u043d\u044b\u0445 \u0442\u0435\u043d\u0434\u0435\u043d\u0446\u0438\u0439. \u0411\u043b\u0430\u0433\u043e\u0434\u0430\u0440\u044f \u0442\u0430\u043a\u043e\u0439 \u0443\u043d\u0438\u0432\u0435\u0440\u0441\u0430\u043b\u044c\u043d\u043e\u0441\u0442\u0438 \u0438\u0437\u0434\u0435\u043b\u0438\u0435 \u0431\u0443\u0434\u0435\u0442 \u043e\u0442\u043b\u0438\u0447\u043d\u043e \u0441\u043c\u043e\u0442\u0440\u0435\u0442\u044c\u0441\u044f \u043f\u0440\u0430\u043a\u0442\u0438\u0447\u0435\u0441\u043a\u0438 \u0432 \u043b\u044e\u0431\u043e\u043c \u0438\u043d\u0442\u0435\u0440\u044c\u0435\u0440\u0435, \u043a\u0430\u043a \u0434\u043e\u043c\u0430, \u0442\u0430\u043a \u0438 \u0432 \u043e\u0431\u0449\u0435\u0441\u0442\u0432\u0435\u043d\u043d\u044b\u0445 \u0437\u0430\u0432\u0435\u0434\u0435\u043d\u0438\u044f\u0445.<\/p>","protected":false},"excerpt":{"rendered":"<p>Descriere Bancheta DP Hippo 13376 Puful Hippo, p\u0103trat, cu design fermec\u0103tor, este o pies\u0103 de mobilier \u00een miniatur\u0103 care va&nbsp;face<\/p>","protected":false},"featured_media":11307,"template":"","meta":[],"product_brand":[546],"product_cat":[941],"product_tag":[],"class_list":{"0":"post-11308","1":"product","2":"type-product","3":"status-publish","4":"has-post-thumbnail","6":"product_brand-dp","7":"product_cat-banchete-si-fotolii-puf","9":"first","10":"instock","11":"shipping-taxable","12":"purchasable","13":"product-type-simple"},"_links":{"self":[{"href":"https:\/\/wowhome.md\/ru\/wp-json\/wp\/v2\/product\/11308","targetHints":{"allow":["GET"]}}],"collection":[{"href":"https:\/\/wowhome.md\/ru\/wp-json\/wp\/v2\/product"}],"about":[{"href":"https:\/\/wowhome.md\/ru\/wp-json\/wp\/v2\/types\/product"}],"version-history":[{"count":0,"href":"https:\/\/wowhome.md\/ru\/wp-json\/wp\/v2\/product\/11308\/revisions"}],"wp:featuredmedia":[{"embeddable":true,"href":"https:\/\/wowhome.md\/ru\/wp-json\/wp\/v2\/media\/11307"}],"wp:attachment":[{"href":"https:\/\/wowhome.md\/ru\/wp-json\/wp\/v2\/media?parent=11308"}],"wp:term":[{"taxonomy":"product_brand","embeddable":true,"href":"https:\/\/wowhome.md\/ru\/wp-json\/wp\/v2\/product_brand?post=11308"},{"taxonomy":"product_cat","embeddable":true,"href":"https:\/\/wowhome.md\/ru\/wp-json\/wp\/v2\/product_cat?post=11308"},{"taxonomy":"product_tag","embeddable":true,"href":"https:\/\/wowhome.md\/ru\/wp-json\/wp\/v2\/product_tag?post=11308"}],"curies":[{"name":"wp","href":"https:\/\/api.w.org\/{rel}","templated":true}]}}