{"id":11302,"date":"2026-02-05T19:02:10","date_gmt":"2026-02-05T17:02:10","guid":{"rendered":"https:\/\/wow.rbs.md\/?post_type=product&#038;p=11302"},"modified":"2026-02-05T19:02:34","modified_gmt":"2026-02-05T17:02:34","slug":"bancheta-artvent-bancheta-transformer-beige","status":"publish","type":"product","link":"https:\/\/wowhome.md\/ru\/product\/bancheta-artvent-bancheta-transformer-beige\/","title":{"rendered":"\u0421\u043a\u0430\u043c\u044c\u044f-\u0442\u0440\u0430\u043d\u0441\u0444\u043e\u0440\u043c\u0435\u0440 ArtVent \u0421\u043a\u0430\u043c\u044c\u044f-\u0442\u0440\u0430\u043d\u0441\u0444\u043e\u0440\u043c\u0435\u0440 ArtVent \u0411\u0435\u0436\u0435\u0432\u044b\u0439"},"content":{"rendered":"<h2>\u041e\u043f\u0438\u0441\u0430\u043d\u0438\u0435 \u0421\u043a\u0430\u043c\u044c\u044f-\u0442\u0440\u0430\u043d\u0441\u0444\u043e\u0440\u043c\u0435\u0440 ArtVent \u0421\u043a\u0430\u043c\u044c\u044f-\u0442\u0440\u0430\u043d\u0441\u0444\u043e\u0440\u043c\u0435\u0440 ArtVent \u0411\u0435\u0436\u0435\u0432\u044b\u0439 11307<\/h2>\n<p>\u0421\u043a\u0430\u043c\u0435\u0439\u043a\u0430-\u0442\u0440\u0430\u043d\u0441\u0444\u043e\u0440\u043c\u0435\u0440 \u0432\u044b\u043f\u043e\u043b\u043d\u0435\u043d\u0430 \u0432 \u0440\u0430\u0437\u043b\u0438\u0447\u043d\u044b\u0445 \u0446\u0432\u0435\u0442\u0430\u0445, \u0438\u0437 \u043a\u0430\u0447\u0435\u0441\u0442\u0432\u0435\u043d\u043d\u044b\u0445 \u043c\u0430\u0442\u0435\u0440\u0438\u0430\u043b\u043e\u0432.&nbsp;<\/p>\n<p>\u042d\u0442\u043e \u043a\u043b\u0430\u0441\u0441\u0438\u0447\u0435\u0441\u043a\u0430\u044f \u0441\u043a\u0430\u043c\u044c\u044f \u0432 \u0441\u043e\u0432\u0440\u0435\u043c\u0435\u043d\u043d\u043e\u043c \u0434\u0438\u0437\u0430\u0439\u043d\u0435 \u0438 \u043d\u0435\u043e\u0431\u044b\u0447\u043d\u043e\u0439 \u0444\u043e\u0440\u043c\u0435. \u041e\u0441\u043d\u043e\u0432\u0430\u043d\u0438\u0435 \u044d\u0442\u043e\u0439 \u043c\u043e\u0434\u0435\u043b\u0438 \u0438\u043c\u0435\u0435\u0442 \u043f\u0440\u044f\u043c\u043e\u0443\u0433\u043e\u043b\u044c\u043d\u0443\u044e \u0444\u043e\u0440\u043c\u0443. \u0418\u0437\u0434\u0435\u043b\u0438\u0435 \u043f\u043e\u043b\u043d\u043e\u0441\u0442\u044c\u044e \u043f\u043e\u043a\u0440\u044b\u0442\u043e \u0432\u044b\u0441\u043e\u043a\u043e\u043a\u0430\u0447\u0435\u0441\u0442\u0432\u0435\u043d\u043d\u044b\u043c \u043c\u0430\u0442\u0435\u0440\u0438\u0430\u043b\u043e\u043c. \u041d\u0430\u043f\u043e\u043b\u043d\u0438\u0442\u0435\u043b\u044c - \u043c\u044f\u0433\u043a\u0438\u0439 \u0438 \u044d\u043b\u0430\u0441\u0442\u0438\u0447\u043d\u044b\u0439 \u043f\u0435\u043d\u043e\u043f\u043e\u043b\u0438\u0443\u0440\u0435\u0442\u0430\u043d. \u042d\u0442\u0443 \u043c\u043e\u0434\u0435\u043b\u044c \u043c\u043e\u0436\u043d\u043e \u0438\u0441\u043f\u043e\u043b\u044c\u0437\u043e\u0432\u0430\u0442\u044c \u0432 \u043a\u0430\u0447\u0435\u0441\u0442\u0432\u0435 \u0436\u0443\u0440\u043d\u0430\u043b\u044c\u043d\u043e\u0433\u043e \u0441\u0442\u043e\u043b\u0438\u043a\u0430.<\/p>\n<p>&nbsp;<\/p>","protected":false},"excerpt":{"rendered":"<p>Descriere Bancheta ArtVent Banchet\u0103 transformer Beige 11307 Bancheta transformer se efectueaz\u0103 din diferite culori, aceasta este efectuat\u0103 din materiale de<\/p>","protected":false},"featured_media":11317,"template":"","meta":[],"product_brand":[855],"product_cat":[941],"product_tag":[],"class_list":{"0":"post-11302","1":"product","2":"type-product","3":"status-publish","4":"has-post-thumbnail","6":"product_brand-artvent","7":"product_cat-banchete-si-fotolii-puf","9":"first","10":"instock","11":"shipping-taxable","12":"purchasable","13":"product-type-variable"},"_links":{"self":[{"href":"https:\/\/wowhome.md\/ru\/wp-json\/wp\/v2\/product\/11302","targetHints":{"allow":["GET"]}}],"collection":[{"href":"https:\/\/wowhome.md\/ru\/wp-json\/wp\/v2\/product"}],"about":[{"href":"https:\/\/wowhome.md\/ru\/wp-json\/wp\/v2\/types\/product"}],"version-history":[{"count":0,"href":"https:\/\/wowhome.md\/ru\/wp-json\/wp\/v2\/product\/11302\/revisions"}],"wp:featuredmedia":[{"embeddable":true,"href":"https:\/\/wowhome.md\/ru\/wp-json\/wp\/v2\/media\/11317"}],"wp:attachment":[{"href":"https:\/\/wowhome.md\/ru\/wp-json\/wp\/v2\/media?parent=11302"}],"wp:term":[{"taxonomy":"product_brand","embeddable":true,"href":"https:\/\/wowhome.md\/ru\/wp-json\/wp\/v2\/product_brand?post=11302"},{"taxonomy":"product_cat","embeddable":true,"href":"https:\/\/wowhome.md\/ru\/wp-json\/wp\/v2\/product_cat?post=11302"},{"taxonomy":"product_tag","embeddable":true,"href":"https:\/\/wowhome.md\/ru\/wp-json\/wp\/v2\/product_tag?post=11302"}],"curies":[{"name":"wp","href":"https:\/\/api.w.org\/{rel}","templated":true}]}}