{"id":11218,"date":"2026-02-05T18:41:17","date_gmt":"2026-02-05T16:41:17","guid":{"rendered":"https:\/\/wow.rbs.md\/?post_type=product&#038;p=11218"},"modified":"2026-02-05T18:41:42","modified_gmt":"2026-02-05T16:41:42","slug":"pat-denise","status":"publish","type":"product","link":"https:\/\/wowhome.md\/ru\/product\/pat-denise\/","title":{"rendered":"\u041f\u044d\u0442 \u0414\u0435\u043d\u0438\u0437"},"content":{"rendered":"<h2>\u041e\u043f\u0438\u0441\u0430\u043d\u0438\u0435 \u041a\u0440\u043e\u0432\u0430\u0442\u044c \u0414\u0435\u043d\u0438\u0437 160 x 200 \u0441\u043c 16560<\/h2>\n<p>\u042d\u043b\u0435\u0433\u0430\u043d\u0442\u043d\u0430\u044f \u043a\u0440\u043e\u0432\u0430\u0442\u044c \u0441 \u043f\u0440\u0438\u0432\u043b\u0435\u043a\u0430\u0442\u0435\u043b\u044c\u043d\u043e\u0439 \u0442\u0435\u043a\u0441\u0442\u0438\u043b\u044c\u043d\u043e\u0439 \u043e\u0431\u0438\u0432\u043a\u043e\u0439 \u0443\u0434\u0438\u0432\u043b\u044f\u0435\u0442 \u0441\u0432\u043e\u0438\u043c \u0438\u0437\u044b\u0441\u043a\u0430\u043d\u043d\u044b\u043c \u0434\u0438\u0437\u0430\u0439\u043d\u043e\u043c. \u041e\u043f\u0438\u0440\u0430\u044e\u0449\u0430\u044f\u0441\u044f \u043d\u0430 \u0434\u0435\u0440\u0435\u0432\u044f\u043d\u043d\u044b\u0435 \u043d\u043e\u0436\u043a\u0438 \u0432\u044b\u0441\u043e\u0442\u043e\u0439 11 \u0441\u043c, \u043e\u043d\u0430 \u0432\u043f\u0435\u0447\u0430\u0442\u043b\u044f\u0435\u0442 \u043d\u0435 \u0442\u043e\u043b\u044c\u043a\u043e \u0441\u0432\u043e\u0438\u043c \u0432\u043d\u0435\u0448\u043d\u0438\u043c \u0432\u0438\u0434\u043e\u043c, \u043d\u043e \u0438 \u0444\u0443\u043d\u043a\u0446\u0438\u043e\u043d\u0430\u043b\u044c\u043d\u043e\u0441\u0442\u044c\u044e. \u041f\u043e\u0434\u044a\u0435\u043c\u043d\u044b\u0439 \u043c\u0435\u0445\u0430\u043d\u0438\u0437\u043c \u043e\u0431\u0435\u0441\u043f\u0435\u0447\u0438\u0432\u0430\u0435\u0442 \u043b\u0435\u0433\u043a\u0438\u0439 \u0434\u043e\u0441\u0442\u0443\u043f \u043a \u0432\u043c\u0435\u0441\u0442\u0438\u0442\u0435\u043b\u044c\u043d\u044b\u043c \u044f\u0449\u0438\u043a\u0430\u043c \u0434\u043b\u044f \u0445\u0440\u0430\u043d\u0435\u043d\u0438\u044f \u043f\u043e\u0441\u0442\u0435\u043b\u044c\u043d\u043e\u0433\u043e \u0431\u0435\u043b\u044c\u044f. \u0428\u0438\u0440\u043e\u043a\u0438\u0439 \u0432\u044b\u0431\u043e\u0440 \u0446\u0432\u0435\u0442\u043e\u0432 \u0442\u0435\u043a\u0441\u0442\u0438\u043b\u044c\u043d\u043e\u0439 \u043e\u0431\u0438\u0432\u043a\u0438 \u0438\u043b\u0438 \u0438\u0441\u043a\u0443\u0441\u0441\u0442\u0432\u0435\u043d\u043d\u043e\u0439 \u043a\u043e\u0436\u0438 \u043f\u043e\u0437\u0432\u043e\u043b\u044f\u0435\u0442 \u0432\u044b\u0440\u0430\u0437\u0438\u0442\u044c \u043b\u044e\u0431\u043e\u0439 \u0441\u0442\u0438\u043b\u044c \u0438 \u043f\u0440\u0435\u0434\u043f\u043e\u0447\u0442\u0435\u043d\u0438\u044f.<\/p>","protected":false},"excerpt":{"rendered":"<p>Descriere Pat Denise 160 x 200 cm 16560 Un pat elegant cu o tapi\u021berie textil\u0103 atr\u0103g\u0103toare surprinde privirea cu designul<\/p>","protected":false},"featured_media":11221,"template":"","meta":[],"product_brand":[1030],"product_cat":[308],"product_tag":[169],"class_list":{"0":"post-11218","1":"product","2":"type-product","3":"status-publish","4":"has-post-thumbnail","6":"product_brand-premium","7":"product_cat-paturi-tapitate","8":"product_tag-5-rate-0","10":"first","11":"instock","12":"shipping-taxable","13":"purchasable","14":"product-type-variable"},"_links":{"self":[{"href":"https:\/\/wowhome.md\/ru\/wp-json\/wp\/v2\/product\/11218","targetHints":{"allow":["GET"]}}],"collection":[{"href":"https:\/\/wowhome.md\/ru\/wp-json\/wp\/v2\/product"}],"about":[{"href":"https:\/\/wowhome.md\/ru\/wp-json\/wp\/v2\/types\/product"}],"version-history":[{"count":0,"href":"https:\/\/wowhome.md\/ru\/wp-json\/wp\/v2\/product\/11218\/revisions"}],"wp:featuredmedia":[{"embeddable":true,"href":"https:\/\/wowhome.md\/ru\/wp-json\/wp\/v2\/media\/11221"}],"wp:attachment":[{"href":"https:\/\/wowhome.md\/ru\/wp-json\/wp\/v2\/media?parent=11218"}],"wp:term":[{"taxonomy":"product_brand","embeddable":true,"href":"https:\/\/wowhome.md\/ru\/wp-json\/wp\/v2\/product_brand?post=11218"},{"taxonomy":"product_cat","embeddable":true,"href":"https:\/\/wowhome.md\/ru\/wp-json\/wp\/v2\/product_cat?post=11218"},{"taxonomy":"product_tag","embeddable":true,"href":"https:\/\/wowhome.md\/ru\/wp-json\/wp\/v2\/product_tag?post=11218"}],"curies":[{"name":"wp","href":"https:\/\/api.w.org\/{rel}","templated":true}]}}