{"id":11192,"date":"2026-02-05T18:40:51","date_gmt":"2026-02-05T16:40:51","guid":{"rendered":"https:\/\/wow.rbs.md\/?post_type=product&#038;p=11192"},"modified":"2026-02-05T18:41:03","modified_gmt":"2026-02-05T16:41:03","slug":"pat-sontelle","status":"publish","type":"product","link":"https:\/\/wowhome.md\/ru\/product\/pat-sontelle\/","title":{"rendered":"\u041f\u044d\u0442 \u0421\u043e\u043d\u0442\u0435\u043b\u043b"},"content":{"rendered":"<h2>Descriere Pat Sontelle 160 x 200 cm  16550<\/h2>\n<p>Un pat moale cu o pern\u0103 deta\u0219abil\u0103 <strong>Sontelle<\/strong> va atrage cu siguran\u021b\u0103 fanii cafelei de diminea\u021b\u0103 \u00een pat. \u0218i imagina\u021bi-v\u0103 c\u00e2t de convenabil este s\u0103 viziona\u021bi filmele \u0219i emisiunile TV preferate, sprijinindu-v\u0103 pe o t\u0103blie moale \u0219i confortabil\u0103.<\/p>\n<p>Acest pat modern \u0219i practic va fi punctul culminant al dormitorului t\u0103u. Avantajul unui astfel de pat este c\u0103 perna poate fi \u00eendep\u0103rtat\u0103 cu u\u0219urin\u021b\u0103, dac\u0103 este necesar.<\/p>\n<p>De exemplu, pute\u021bi scoate o pern\u0103 \u0219i o duce\u021bi la cur\u0103\u021b\u0103torie, \u00een loc s\u0103 solicita\u021bi o \u00eentreag\u0103 echip\u0103 a companiei de cur\u0103\u021benie s\u0103 cure\u021be o t\u0103blie. Patul poate fi folosit \u0219i f\u0103r\u0103&nbsp;pern\u0103. Va avea un aspect elegant \u0219i discret. Patul are dimensiuni de gabarit mici \u00een raport cu pat, deci este grozav pentru apartamentele inteligente.<\/p>\n<p>Patul este echipat cu un mecanism de ridicare \u0219i un spa\u021biu de depozitare&nbsp;\u00eenc\u0103p\u0103tor, care economise\u0219te suficient spa\u021biu \u00een camer\u0103.<\/p>\n<p>Una dintre cele mai importante componente ale patului este baza potrivit\u0103 pentru saltea &#8211; un cadru metalic de \u00eenalt\u0103 calitate \u0219i lamele durabile de fag.<\/p>\n<p>Lamelele adaug\u0103 un efect ortopedic suplimentar saltelei \u0219i asigur\u0103 circula\u021bia necesar\u0103 a aerului. Pentru tapi\u021beria patului, folosim \u021bes\u0103turi rezistente la uzur\u0103, de \u00eenalt\u0103 calitate \u0219i u\u0219or de \u00eentre\u021binut.<\/p>\n<p>Patul v\u0103 va servi mul\u021bi ani, deoarece pentru produc\u021bie folosim numai materiale dovedite, de \u00eenalt\u0103 calitate \u0219i experien\u021ba noastr\u0103 de mul\u021bi ani cu mobilierul tapi\u021bat.<\/p>","protected":false},"excerpt":{"rendered":"<p>Descriere Pat Sontelle 160 x 200 cm 16550 Un pat moale cu o pern\u0103 deta\u0219abil\u0103 Sontelle va atrage cu siguran\u021b\u0103<\/p>","protected":false},"featured_media":11193,"template":"","meta":[],"product_brand":[1030],"product_cat":[308],"product_tag":[169],"class_list":{"0":"post-11192","1":"product","2":"type-product","3":"status-publish","4":"has-post-thumbnail","6":"product_brand-premium","7":"product_cat-paturi-tapitate","8":"product_tag-5-rate-0","10":"first","11":"instock","12":"shipping-taxable","13":"purchasable","14":"product-type-variable"},"_links":{"self":[{"href":"https:\/\/wowhome.md\/ru\/wp-json\/wp\/v2\/product\/11192","targetHints":{"allow":["GET"]}}],"collection":[{"href":"https:\/\/wowhome.md\/ru\/wp-json\/wp\/v2\/product"}],"about":[{"href":"https:\/\/wowhome.md\/ru\/wp-json\/wp\/v2\/types\/product"}],"version-history":[{"count":0,"href":"https:\/\/wowhome.md\/ru\/wp-json\/wp\/v2\/product\/11192\/revisions"}],"wp:featuredmedia":[{"embeddable":true,"href":"https:\/\/wowhome.md\/ru\/wp-json\/wp\/v2\/media\/11193"}],"wp:attachment":[{"href":"https:\/\/wowhome.md\/ru\/wp-json\/wp\/v2\/media?parent=11192"}],"wp:term":[{"taxonomy":"product_brand","embeddable":true,"href":"https:\/\/wowhome.md\/ru\/wp-json\/wp\/v2\/product_brand?post=11192"},{"taxonomy":"product_cat","embeddable":true,"href":"https:\/\/wowhome.md\/ru\/wp-json\/wp\/v2\/product_cat?post=11192"},{"taxonomy":"product_tag","embeddable":true,"href":"https:\/\/wowhome.md\/ru\/wp-json\/wp\/v2\/product_tag?post=11192"}],"curies":[{"name":"wp","href":"https:\/\/api.w.org\/{rel}","templated":true}]}}