{"id":10913,"date":"2026-02-05T18:35:15","date_gmt":"2026-02-05T16:35:15","guid":{"rendered":"https:\/\/wow.rbs.md\/?post_type=product&#038;p=10913"},"modified":"2026-02-05T18:35:24","modified_gmt":"2026-02-05T16:35:24","slug":"pat-bloom","status":"publish","type":"product","link":"https:\/\/wowhome.md\/ru\/product\/pat-bloom\/","title":{"rendered":"\u041f\u044d\u0442 \u0411\u043b\u0443\u043c"},"content":{"rendered":"<h2>Descriere Pat Bloom 120 x 200 cm  023514<\/h2>\n<p data-end=\"297\" data-start=\"0\">\u041a\u0440\u043e\u0432\u0430\u0442\u044c <strong>Bloom <\/strong>\u00eembin\u0103 elegan\u021ba designului cu func\u021bionalitatea modern\u0103 \u0219i se potrive\u0219te perfect \u00een orice tip de interior. Este piesa central\u0103 a dormitorului, cre\u00e2nd o atmosfer\u0103 de lini\u0219te \u0219i confort. Aceast\u0103 variant\u0103 este ideal\u0103 pentru cei care doresc s\u0103 se bucure de relaxare \u00een stil \u0219i rafinament.<\/p>\n<p data-end=\"322\" data-start=\"299\">\u041f\u0440\u0435\u0438\u043c\u0443\u0449\u0435\u0441\u0442\u0432\u0430 \u043c\u043e\u0434\u0435\u043b\u0438:<\/p>\n<ul data-end=\"1059\" data-start=\"323\">\n<li data-end=\"421\" data-start=\"323\">\n<p data-end=\"421\" data-start=\"325\">t\u0103blia tapi\u021bat\u0103 adaug\u0103 un plus de elegan\u021b\u0103 \u0219i ofer\u0103 confort \u00een timpul lecturii sau al odihnei.<\/p>\n<\/li>\n<li data-end=\"564\" data-start=\"422\">\n<p data-end=\"564\" data-start=\"424\">picioarele&nbsp;garanteaz\u0103 rezisten\u021ba \u0219i stabilitatea construc\u021biei, suport\u00e2nd sarcini mari \u0219i asigur\u00e2nd o durat\u0103 de via\u021b\u0103 \u00eendelungat\u0103.<\/p>\n<\/li>\n<li data-end=\"682\" data-start=\"565\">\n<p data-end=\"682\" data-start=\"567\">mecanismul de ridicare spa\u021bios permite depozitarea lenjeriei \u0219i a altor obiecte, optimiz\u00e2nd spa\u021biul din dormitor.<\/p>\n<\/li>\n<li data-end=\"752\" data-start=\"683\">\n<p data-end=\"752\" data-start=\"685\">fundul din placaj laminat este durabil \u0219i rezistent la deform\u0103ri.<\/p>\n<\/li>\n<li data-end=\"860\" data-start=\"753\">\n<p data-end=\"860\" data-start=\"755\">lada este \u00eemp\u0103r\u021bit\u0103 \u00een dou\u0103 compartimente, ceea ce \u00eei cre\u0219te func\u021bionalitatea \u0219i u\u0219urin\u021ba \u00een utilizare.<\/p>\n<\/li>\n<li data-end=\"966\" data-start=\"861\">\n<p data-end=\"966\" data-start=\"863\">sistemul de prindere bine g\u00e2ndit faciliteaz\u0103 montajul \u0219i demontajul patului atunci c\u00e2nd este necesar.<\/p>\n<\/li>\n<li data-end=\"1059\" data-start=\"967\">\n<p data-end=\"1059\" data-start=\"969\">garan\u021bia de 18 luni oferit\u0103 de produc\u0103tor confirm\u0103 calitatea \u0219i fiabilitatea produsului.<\/p>\n<\/li>\n<\/ul>","protected":false},"excerpt":{"rendered":"<p>Descriere Pat Bloom 120 x 200 cm 023514 Patul Bloom \u00eembin\u0103 elegan\u021ba designului cu func\u021bionalitatea modern\u0103 \u0219i se potrive\u0219te perfect<\/p>","protected":false},"featured_media":10941,"template":"","meta":[],"product_brand":[1034,1035],"product_cat":[308],"product_tag":[168],"class_list":{"0":"post-10913","1":"product","2":"type-product","3":"status-publish","4":"has-post-thumbnail","6":"product_brand-pat-de-o-persoana","7":"product_brand-pat-dublu","8":"product_cat-paturi-tapitate","9":"product_tag-10-rate-0","11":"first","12":"instock","13":"shipping-taxable","14":"purchasable","15":"product-type-variable"},"_links":{"self":[{"href":"https:\/\/wowhome.md\/ru\/wp-json\/wp\/v2\/product\/10913","targetHints":{"allow":["GET"]}}],"collection":[{"href":"https:\/\/wowhome.md\/ru\/wp-json\/wp\/v2\/product"}],"about":[{"href":"https:\/\/wowhome.md\/ru\/wp-json\/wp\/v2\/types\/product"}],"version-history":[{"count":0,"href":"https:\/\/wowhome.md\/ru\/wp-json\/wp\/v2\/product\/10913\/revisions"}],"wp:featuredmedia":[{"embeddable":true,"href":"https:\/\/wowhome.md\/ru\/wp-json\/wp\/v2\/media\/10941"}],"wp:attachment":[{"href":"https:\/\/wowhome.md\/ru\/wp-json\/wp\/v2\/media?parent=10913"}],"wp:term":[{"taxonomy":"product_brand","embeddable":true,"href":"https:\/\/wowhome.md\/ru\/wp-json\/wp\/v2\/product_brand?post=10913"},{"taxonomy":"product_cat","embeddable":true,"href":"https:\/\/wowhome.md\/ru\/wp-json\/wp\/v2\/product_cat?post=10913"},{"taxonomy":"product_tag","embeddable":true,"href":"https:\/\/wowhome.md\/ru\/wp-json\/wp\/v2\/product_tag?post=10913"}],"curies":[{"name":"wp","href":"https:\/\/api.w.org\/{rel}","templated":true}]}}