{"id":10834,"date":"2026-02-05T18:30:38","date_gmt":"2026-02-05T16:30:38","guid":{"rendered":"https:\/\/wow.rbs.md\/?post_type=product&#038;p=10834"},"modified":"2026-02-05T18:35:24","modified_gmt":"2026-02-05T16:35:24","slug":"pat-sunny","status":"publish","type":"product","link":"https:\/\/wowhome.md\/ru\/product\/pat-sunny\/","title":{"rendered":"\u041f\u044d\u0442 \u0421\u0430\u043d\u043d\u0438"},"content":{"rendered":"<h2>\u041e\u043f\u0438\u0441\u0430\u043d\u0438\u0435 Pat Sunny 160 x 200 \u0441\u043c 18775<\/h2>\n<p>\u041c\u044f\u0433\u043a\u0430\u044f \u043a\u0440\u043e\u0432\u0430\u0442\u044c, \u043e\u0431\u0442\u044f\u043d\u0443\u0442\u0430\u044f \u0438\u0437\u044b\u0441\u043a\u0430\u043d\u043d\u044b\u043c\u0438 \u0442\u043a\u0430\u043d\u044f\u043c\u0438, \u0441\u043e\u0437\u0434\u0430\u0435\u0442 \u0441\u043f\u043e\u043a\u043e\u0439\u043d\u0443\u044e \u0438 \u0441\u0432\u0435\u0442\u043b\u0443\u044e \u0430\u0442\u043c\u043e\u0441\u0444\u0435\u0440\u0443, \u0438\u0434\u0435\u0430\u043b\u044c\u043d\u0443\u044e \u0434\u043b\u044f \u0438\u0434\u0435\u0430\u043b\u044c\u043d\u043e\u0433\u043e \u0441\u043d\u0430. \u041d\u0435\u0439\u0442\u0440\u0430\u043b\u044c\u043d\u044b\u0435 \u0446\u0432\u0435\u0442\u0430 \u0438 \u043a\u0440\u0435\u0430\u0442\u0438\u0432\u043d\u044b\u0439 \u0434\u0438\u0437\u0430\u0439\u043d \u0441\u043e\u0437\u0434\u0430\u044e\u0442 \u0441\u0432\u044f\u0442\u0438\u043b\u0438\u0449\u0435 \u0440\u0435\u043b\u0430\u043a\u0441\u0430\u0446\u0438\u0438. \u041a\u0430\u0436\u0434\u0430\u044f \u0434\u0435\u0442\u0430\u043b\u044c \u0432\u043d\u043e\u0441\u0438\u0442 \u0441\u0432\u043e\u0439 \u0432\u043a\u043b\u0430\u0434 \u0432 \u043a\u043e\u043c\u0444\u043e\u0440\u0442 \u0438 \u0433\u0430\u0440\u043c\u043e\u043d\u0438\u044e \u043f\u0440\u043e\u0441\u0442\u0440\u0430\u043d\u0441\u0442\u0432\u0430, \u043f\u0440\u0435\u0434\u043b\u0430\u0433\u0430\u044f \u043f\u0430\u0440\u0430\u043c \u043e\u0430\u0437\u0438\u0441 \u043e\u0442\u0434\u044b\u0445\u0430 \u0438 \u0443\u0435\u0434\u0438\u043d\u0435\u043d\u0438\u044f. \u0411\u043b\u0430\u0433\u043e\u0434\u0430\u0440\u044f \u0443\u044e\u0442\u043d\u043e\u0439 \u0442\u0435\u043a\u0441\u0442\u0443\u0440\u0435 \u044d\u0442\u0430 \u043a\u0440\u043e\u0432\u0430\u0442\u044c \u0441\u0442\u0430\u043d\u0435\u0442 \u0438\u0434\u0435\u0430\u043b\u044c\u043d\u044b\u043c \u043c\u0435\u0441\u0442\u043e\u043c \u0434\u043b\u044f \u0442\u043e\u0433\u043e, \u0447\u0442\u043e\u0431\u044b \u043e\u0442\u0432\u043b\u0435\u0447\u044c\u0441\u044f \u043e\u0442 \u043f\u043e\u0432\u0441\u0435\u0434\u043d\u0435\u0432\u043d\u043e\u0433\u043e \u0441\u0442\u0440\u0435\u0441\u0441\u0430 \u0438 \u043f\u043e\u0433\u0440\u0443\u0437\u0438\u0442\u044c\u0441\u044f \u0432 \u0441\u043f\u043e\u043a\u043e\u0439\u043d\u0443\u044e \u0434\u0440\u0435\u043c\u0443.<\/p>","protected":false},"excerpt":{"rendered":"<p>Descriere Pat Sunny 160 x 200 cm 18775 Patul moale, \u00eembr\u0103cat \u00een \u021bes\u0103turi fine, aduce o atmosfer\u0103 lini\u0219tit\u0103 \u0219i luminoas\u0103,<\/p>","protected":false},"featured_media":10900,"template":"","meta":[],"product_brand":[1030],"product_cat":[308],"product_tag":[169],"class_list":{"0":"post-10834","1":"product","2":"type-product","3":"status-publish","4":"has-post-thumbnail","6":"product_brand-premium","7":"product_cat-paturi-tapitate","8":"product_tag-5-rate-0","10":"first","11":"instock","12":"shipping-taxable","13":"purchasable","14":"product-type-variable"},"_links":{"self":[{"href":"https:\/\/wowhome.md\/ru\/wp-json\/wp\/v2\/product\/10834","targetHints":{"allow":["GET"]}}],"collection":[{"href":"https:\/\/wowhome.md\/ru\/wp-json\/wp\/v2\/product"}],"about":[{"href":"https:\/\/wowhome.md\/ru\/wp-json\/wp\/v2\/types\/product"}],"version-history":[{"count":0,"href":"https:\/\/wowhome.md\/ru\/wp-json\/wp\/v2\/product\/10834\/revisions"}],"wp:featuredmedia":[{"embeddable":true,"href":"https:\/\/wowhome.md\/ru\/wp-json\/wp\/v2\/media\/10900"}],"wp:attachment":[{"href":"https:\/\/wowhome.md\/ru\/wp-json\/wp\/v2\/media?parent=10834"}],"wp:term":[{"taxonomy":"product_brand","embeddable":true,"href":"https:\/\/wowhome.md\/ru\/wp-json\/wp\/v2\/product_brand?post=10834"},{"taxonomy":"product_cat","embeddable":true,"href":"https:\/\/wowhome.md\/ru\/wp-json\/wp\/v2\/product_cat?post=10834"},{"taxonomy":"product_tag","embeddable":true,"href":"https:\/\/wowhome.md\/ru\/wp-json\/wp\/v2\/product_tag?post=10834"}],"curies":[{"name":"wp","href":"https:\/\/api.w.org\/{rel}","templated":true}]}}