{"id":10691,"date":"2026-02-05T18:29:31","date_gmt":"2026-02-05T16:29:31","guid":{"rendered":"https:\/\/wow.rbs.md\/?post_type=product&#038;p=10691"},"modified":"2026-02-05T18:29:54","modified_gmt":"2026-02-05T16:29:54","slug":"pat-bela","status":"publish","type":"product","link":"https:\/\/wowhome.md\/ru\/product\/pat-bela\/","title":{"rendered":"\u041f\u044d\u0442 \u0411\u0435\u043b\u0430"},"content":{"rendered":"<h2>Descriere Pat Bela 160 x 200 cm  18769<\/h2>\n<p>Un pat ginga\u0219 invit\u0103 la visare \u0219i odihn\u0103 \u00eentr-o oaz\u0103 de confort \u0219i elegan\u021b\u0103. Cu linii fluide \u0219i forme delicate, acest pat eman\u0103 o aur\u0103 de rafinament \u0219i gra\u021bie \u00een orice dormitor. Materialele moi \u0219i pl\u0103cute la atingere, \u00eempreun\u0103 cu designul s\u0103u subtil, creeaz\u0103 un spa\u021biu \u00een care somnul devine o experien\u021b\u0103 luxuriant\u0103. Este locul unde visele prind via\u021b\u0103, iar nop\u021bile devin magice.<\/p>","protected":false},"excerpt":{"rendered":"<p>Descriere Pat Bela 160 x 200 cm 18769 Un pat ginga\u0219 invit\u0103 la visare \u0219i odihn\u0103 \u00eentr-o oaz\u0103 de confort<\/p>","protected":false},"featured_media":10702,"template":"","meta":[],"product_brand":[1035],"product_cat":[308],"product_tag":[169],"class_list":{"0":"post-10691","1":"product","2":"type-product","3":"status-publish","4":"has-post-thumbnail","6":"product_brand-pat-dublu","7":"product_cat-paturi-tapitate","8":"product_tag-5-rate-0","10":"first","11":"instock","12":"shipping-taxable","13":"purchasable","14":"product-type-variable"},"_links":{"self":[{"href":"https:\/\/wowhome.md\/ru\/wp-json\/wp\/v2\/product\/10691","targetHints":{"allow":["GET"]}}],"collection":[{"href":"https:\/\/wowhome.md\/ru\/wp-json\/wp\/v2\/product"}],"about":[{"href":"https:\/\/wowhome.md\/ru\/wp-json\/wp\/v2\/types\/product"}],"version-history":[{"count":0,"href":"https:\/\/wowhome.md\/ru\/wp-json\/wp\/v2\/product\/10691\/revisions"}],"wp:featuredmedia":[{"embeddable":true,"href":"https:\/\/wowhome.md\/ru\/wp-json\/wp\/v2\/media\/10702"}],"wp:attachment":[{"href":"https:\/\/wowhome.md\/ru\/wp-json\/wp\/v2\/media?parent=10691"}],"wp:term":[{"taxonomy":"product_brand","embeddable":true,"href":"https:\/\/wowhome.md\/ru\/wp-json\/wp\/v2\/product_brand?post=10691"},{"taxonomy":"product_cat","embeddable":true,"href":"https:\/\/wowhome.md\/ru\/wp-json\/wp\/v2\/product_cat?post=10691"},{"taxonomy":"product_tag","embeddable":true,"href":"https:\/\/wowhome.md\/ru\/wp-json\/wp\/v2\/product_tag?post=10691"}],"curies":[{"name":"wp","href":"https:\/\/api.w.org\/{rel}","templated":true}]}}