{"id":10630,"date":"2026-02-05T18:29:03","date_gmt":"2026-02-05T16:29:03","guid":{"rendered":"https:\/\/wow.rbs.md\/?post_type=product&#038;p=10630"},"modified":"2026-02-05T18:29:54","modified_gmt":"2026-02-05T16:29:54","slug":"pat-viena","status":"publish","type":"product","link":"https:\/\/wowhome.md\/ru\/product\/pat-viena\/","title":{"rendered":"\u041f\u044d\u0442 \u0412\u0435\u043d\u0430"},"content":{"rendered":"<h2>\u041e\u043f\u0438\u0441\u0430\u043d\u0438\u0435 \u041a\u0440\u043e\u0432\u0430\u0442\u044c \u0412\u0435\u043d\u0430 140 x 200 \u0441\u043c 021426<\/h2>\n<p>\u041a\u043e\u043c\u0444\u043e\u0440\u0442 \u0438 \u0444\u0443\u043d\u043a\u0446\u0438\u043e\u043d\u0430\u043b\u044c\u043d\u043e\u0441\u0442\u044c \u0441\u043e\u0447\u0435\u0442\u0430\u044e\u0442\u0441\u044f \u0432 \u043d\u0430\u0448\u0435\u0439 \u043a\u0440\u043e\u0432\u0430\u0442\u0438 \u0441 \u043c\u044f\u0433\u043a\u043e\u0439 \u043e\u0431\u0438\u0432\u043a\u043e\u0439 \u0438\u0437 \u0442\u043a\u0430\u043d\u0438 \u0438\u043b\u0438 \u044d\u043a\u043e\u043f\u043b\u0438\u0442\u044b, \u0438\u0437\u0433\u043e\u0442\u043e\u0432\u043b\u0435\u043d\u043d\u043e\u0439 \u043d\u0430 \u0437\u0430\u043a\u0430\u0437. \u041f\u043e\u0434\u044a\u0435\u043c\u043d\u044b\u0439 \u043c\u0435\u0445\u0430\u043d\u0438\u0437\u043c \u0438 \u043f\u0440\u0430\u043a\u0442\u0438\u0447\u043d\u044b\u0439 \u044f\u0449\u0438\u043a \u0434\u043b\u044f \u0445\u0440\u0430\u043d\u0435\u043d\u0438\u044f \u0434\u043e\u0431\u0430\u0432\u043b\u044f\u044e\u0442 \u0444\u0443\u043d\u043a\u0446\u0438\u043e\u043d\u0430\u043b\u044c\u043d\u043e\u0441\u0442\u0438, \u0430 \u043e\u0440\u0442\u043e\u043f\u0435\u0434\u0438\u0447\u0435\u0441\u043a\u043e\u0435 \u043e\u0441\u043d\u043e\u0432\u0430\u043d\u0438\u0435 \u0438 \u043c\u0435\u0442\u0430\u043b\u043b\u0438\u0447\u0435\u0441\u043a\u0438\u0435 \u043d\u043e\u0436\u043a\u0438 \u0442\u043e\u043b\u0449\u0438\u043d\u043e\u0439 5 \u0441\u043c - \u043a\u043e\u043c\u0444\u043e\u0440\u0442\u0430. \u0428\u0438\u0440\u043e\u043a\u0430\u044f \u0446\u0432\u0435\u0442\u043e\u0432\u0430\u044f \u0433\u0430\u043c\u043c\u0430 \u0438 \u0432\u044b\u0431\u043e\u0440 \u044d\u043a\u043e\u043f\u043e\u0434\u043e\u0448\u0432\u044b \u043f\u043e\u0437\u0432\u043e\u043b\u044f\u044e\u0442 \u043f\u0440\u043e\u044f\u0432\u0438\u0442\u044c \u0442\u0432\u043e\u0440\u0447\u0435\u0441\u043a\u0438\u0439 \u043f\u043e\u0434\u0445\u043e\u0434. \u0412\u043e\u0437\u043c\u043e\u0436\u043d\u043e\u0441\u0442\u044c \u0437\u0430\u043a\u0430\u0437\u0430 \u043d\u0435\u0441\u0442\u0430\u043d\u0434\u0430\u0440\u0442\u043d\u044b\u0445 \u0440\u0430\u0437\u043c\u0435\u0440\u043e\u0432 \u043f\u043e\u0437\u0432\u043e\u043b\u044f\u0435\u0442 \u043e\u0444\u043e\u0440\u043c\u0438\u0442\u044c \u043f\u0440\u043e\u0441\u0442\u0440\u0430\u043d\u0441\u0442\u0432\u043e \u0432 \u0441\u043e\u043e\u0442\u0432\u0435\u0442\u0441\u0442\u0432\u0438\u0438 \u0441 \u0432\u0430\u0448\u0438\u043c\u0438 \u043f\u043e\u0436\u0435\u043b\u0430\u043d\u0438\u044f\u043c\u0438. \u0421\u043e\u0437\u0434\u0430\u0439\u0442\u0435 \u0441\u0432\u043e\u0439 \u0438\u0434\u0435\u0430\u043b\u044c\u043d\u044b\u0439 \u0443\u0433\u043e\u043b\u043e\u043a \u0434\u043b\u044f \u043e\u0442\u0434\u044b\u0445\u0430.<\/p>","protected":false},"excerpt":{"rendered":"<p>Descriere Pat Viena 140 x 200 cm 021426 Confortul \u0219i func\u021bionalitatea se \u00eent\u00e2lnesc \u00een patul nostru cu tapi\u021berie moale din<\/p>","protected":false},"featured_media":10675,"template":"","meta":[],"product_brand":[1032],"product_cat":[308],"product_tag":[1031],"class_list":{"0":"post-10630","1":"product","2":"type-product","3":"status-publish","4":"has-post-thumbnail","6":"product_brand-comfort","7":"product_cat-paturi-tapitate","8":"product_tag-5-rate-0-orice-culoare","10":"first","11":"instock","12":"shipping-taxable","13":"purchasable","14":"product-type-variable"},"_links":{"self":[{"href":"https:\/\/wowhome.md\/ru\/wp-json\/wp\/v2\/product\/10630","targetHints":{"allow":["GET"]}}],"collection":[{"href":"https:\/\/wowhome.md\/ru\/wp-json\/wp\/v2\/product"}],"about":[{"href":"https:\/\/wowhome.md\/ru\/wp-json\/wp\/v2\/types\/product"}],"version-history":[{"count":0,"href":"https:\/\/wowhome.md\/ru\/wp-json\/wp\/v2\/product\/10630\/revisions"}],"wp:featuredmedia":[{"embeddable":true,"href":"https:\/\/wowhome.md\/ru\/wp-json\/wp\/v2\/media\/10675"}],"wp:attachment":[{"href":"https:\/\/wowhome.md\/ru\/wp-json\/wp\/v2\/media?parent=10630"}],"wp:term":[{"taxonomy":"product_brand","embeddable":true,"href":"https:\/\/wowhome.md\/ru\/wp-json\/wp\/v2\/product_brand?post=10630"},{"taxonomy":"product_cat","embeddable":true,"href":"https:\/\/wowhome.md\/ru\/wp-json\/wp\/v2\/product_cat?post=10630"},{"taxonomy":"product_tag","embeddable":true,"href":"https:\/\/wowhome.md\/ru\/wp-json\/wp\/v2\/product_tag?post=10630"}],"curies":[{"name":"wp","href":"https:\/\/api.w.org\/{rel}","templated":true}]}}