{"id":10573,"date":"2026-02-05T18:28:36","date_gmt":"2026-02-05T16:28:36","guid":{"rendered":"https:\/\/wow.rbs.md\/?post_type=product&#038;p=10573"},"modified":"2026-02-05T18:29:01","modified_gmt":"2026-02-05T16:29:01","slug":"pat-eby","status":"publish","type":"product","link":"https:\/\/wowhome.md\/ru\/product\/pat-eby\/","title":{"rendered":"\u041f\u044d\u0442 \u042d\u0431\u0438"},"content":{"rendered":"<h2>Descriere Pat Eby 140 x 200 cm  02146<\/h2>\n<p>\u00cembr\u0103\u021bi\u0219a\u021bi confortul \u0219i func\u021bionalitatea cu patul nostru tapi\u021bat \u00een textil sau personalizat cu eco-piele. Mecanismul de ridicare permite accesul u\u0219or la sertarele spa\u021bioase pentru depozitarea lenjeriei, iar baza ortopedic\u0103 asigur\u0103 suport pentru un somn s\u0103n\u0103tos. Picioarele din lemn, \u00eenalte de 11 cm, adaug\u0103 un \u0219arm natural. O gam\u0103 variat\u0103 de culori, inclusiv op\u021biuni din eco-piele, v\u0103 ofer\u0103 posibilitatea de a alege combina\u021bia perfect\u0103 pentru interiorul dumneavoastr\u0103. Crea\u021bi-v\u0103 propriul sanctuar unic, unde stilul se \u00eent\u00e2lne\u0219te cu confortul.<\/p>","protected":false},"excerpt":{"rendered":"<p>Descriere Pat Eby 140 x 200 cm 02146 \u00cembr\u0103\u021bi\u0219a\u021bi confortul \u0219i func\u021bionalitatea cu patul nostru tapi\u021bat \u00een textil sau personalizat<\/p>","protected":false},"featured_media":10593,"template":"","meta":[],"product_brand":[1047],"product_cat":[308],"product_tag":[1031],"class_list":{"0":"post-10573","1":"product","2":"type-product","3":"status-publish","4":"has-post-thumbnail","6":"product_brand-11-cm","7":"product_cat-paturi-tapitate","8":"product_tag-5-rate-0-orice-culoare","10":"first","11":"instock","12":"shipping-taxable","13":"purchasable","14":"product-type-variable"},"_links":{"self":[{"href":"https:\/\/wowhome.md\/ru\/wp-json\/wp\/v2\/product\/10573","targetHints":{"allow":["GET"]}}],"collection":[{"href":"https:\/\/wowhome.md\/ru\/wp-json\/wp\/v2\/product"}],"about":[{"href":"https:\/\/wowhome.md\/ru\/wp-json\/wp\/v2\/types\/product"}],"version-history":[{"count":0,"href":"https:\/\/wowhome.md\/ru\/wp-json\/wp\/v2\/product\/10573\/revisions"}],"wp:featuredmedia":[{"embeddable":true,"href":"https:\/\/wowhome.md\/ru\/wp-json\/wp\/v2\/media\/10593"}],"wp:attachment":[{"href":"https:\/\/wowhome.md\/ru\/wp-json\/wp\/v2\/media?parent=10573"}],"wp:term":[{"taxonomy":"product_brand","embeddable":true,"href":"https:\/\/wowhome.md\/ru\/wp-json\/wp\/v2\/product_brand?post=10573"},{"taxonomy":"product_cat","embeddable":true,"href":"https:\/\/wowhome.md\/ru\/wp-json\/wp\/v2\/product_cat?post=10573"},{"taxonomy":"product_tag","embeddable":true,"href":"https:\/\/wowhome.md\/ru\/wp-json\/wp\/v2\/product_tag?post=10573"}],"curies":[{"name":"wp","href":"https:\/\/api.w.org\/{rel}","templated":true}]}}