{"id":10458,"date":"2026-02-05T18:27:49","date_gmt":"2026-02-05T16:27:49","guid":{"rendered":"https:\/\/wow.rbs.md\/?post_type=product&#038;p=10458"},"modified":"2026-02-05T18:28:15","modified_gmt":"2026-02-05T16:28:15","slug":"pat-spartan","status":"publish","type":"product","link":"https:\/\/wowhome.md\/ru\/product\/pat-spartan\/","title":{"rendered":"\u041f\u044d\u0442 \u0421\u043f\u0430\u0440\u0442\u0430\u043d"},"content":{"rendered":"<h2>Descriere Pat Spartan 90 x 200 cm  10844<\/h2>\n<p>Scufund\u0103-te&nbsp;\u00een lumea confortului nostru, cu patul nostru tapi\u021bat \u00een textile sau, la alegerea ta, \u00een ecopiele. Mecanismul de ridicare \u0219i sertarele spa\u021bioase pentru depozitare \u00ee\u021bi ofer\u0103 func\u021bionalitate, \u00een timp ce t\u0103blia de pat elegant\u0103 \u00een stil minimalist adaug\u0103 rafinament. Baza ortopedic\u0103 cu lamele de lux \u0219i picioarele de lemn de 5 cm completeaz\u0103 cu sus\u021binere \u0219i u\u0219urin\u021b\u0103. Cu posibilitatea de a comanda personalizat \u00een orice dimensiune \u0219i culoare de material la alegere, acest pat devine cu adev\u0103rat unic. Crea\u021bi-v\u0103 propriul vostru refugiu de confort \u0219i frumuse\u021be!<\/p>","protected":false},"excerpt":{"rendered":"<p>Descriere Pat Spartan 90 x 200 cm 10844 Scufund\u0103-te&nbsp;\u00een lumea confortului nostru, cu patul nostru tapi\u021bat \u00een textile sau, la<\/p>","protected":false},"featured_media":10465,"template":"","meta":[],"product_brand":[1032],"product_cat":[308],"product_tag":[1031],"class_list":{"0":"post-10458","1":"product","2":"type-product","3":"status-publish","4":"has-post-thumbnail","6":"product_brand-comfort","7":"product_cat-paturi-tapitate","8":"product_tag-5-rate-0-orice-culoare","10":"first","11":"instock","12":"shipping-taxable","13":"purchasable","14":"product-type-variable"},"_links":{"self":[{"href":"https:\/\/wowhome.md\/ru\/wp-json\/wp\/v2\/product\/10458","targetHints":{"allow":["GET"]}}],"collection":[{"href":"https:\/\/wowhome.md\/ru\/wp-json\/wp\/v2\/product"}],"about":[{"href":"https:\/\/wowhome.md\/ru\/wp-json\/wp\/v2\/types\/product"}],"version-history":[{"count":0,"href":"https:\/\/wowhome.md\/ru\/wp-json\/wp\/v2\/product\/10458\/revisions"}],"wp:featuredmedia":[{"embeddable":true,"href":"https:\/\/wowhome.md\/ru\/wp-json\/wp\/v2\/media\/10465"}],"wp:attachment":[{"href":"https:\/\/wowhome.md\/ru\/wp-json\/wp\/v2\/media?parent=10458"}],"wp:term":[{"taxonomy":"product_brand","embeddable":true,"href":"https:\/\/wowhome.md\/ru\/wp-json\/wp\/v2\/product_brand?post=10458"},{"taxonomy":"product_cat","embeddable":true,"href":"https:\/\/wowhome.md\/ru\/wp-json\/wp\/v2\/product_cat?post=10458"},{"taxonomy":"product_tag","embeddable":true,"href":"https:\/\/wowhome.md\/ru\/wp-json\/wp\/v2\/product_tag?post=10458"}],"curies":[{"name":"wp","href":"https:\/\/api.w.org\/{rel}","templated":true}]}}