{"id":10448,"date":"2026-02-05T18:27:40","date_gmt":"2026-02-05T16:27:40","guid":{"rendered":"https:\/\/wow.rbs.md\/produs\/pat-diamond\/"},"modified":"2026-02-05T18:28:15","modified_gmt":"2026-02-05T16:28:15","slug":"pat-diamond","status":"publish","type":"product","link":"https:\/\/wowhome.md\/ru\/product\/pat-diamond\/","title":{"rendered":"\u041f\u044d\u0442 \u0414\u0430\u0439\u043c\u043e\u043d\u0434"},"content":{"rendered":"<h2>\u041e\u043f\u0438\u0441\u0430\u043d\u0438\u0435 \u041a\u0440\u043e\u0432\u0430\u0442\u044c Diamond Bed 140 x 200 \u0441\u043c 02794<\/h2>\n<p>\u041e\u043a\u0443\u043d\u0438\u0442\u0435\u0441\u044c \u0432 \u0440\u043e\u0441\u043a\u043e\u0448\u044c \u043a\u0440\u043e\u0432\u0430\u0442\u0438 \u201eDiamond\u201d, \u043e\u0431\u0438\u0442\u043e\u0439 \u043c\u044f\u0433\u043a\u043e\u0439 \u0442\u043a\u0430\u043d\u044c\u044e \u0438\u043b\u0438 \u0438\u0437\u0433\u043e\u0442\u043e\u0432\u043b\u0435\u043d\u043d\u043e\u0439 \u043d\u0430 \u0437\u0430\u043a\u0430\u0437 \u0438\u0437 \u0438\u0437\u044b\u0441\u043a\u0430\u043d\u043d\u043e\u0439 \u044d\u043a\u043e-\u043a\u043e\u0436\u0438. \u041f\u043e\u0434\u044a\u0435\u043c\u043d\u044b\u0439 \u043c\u0435\u0445\u0430\u043d\u0438\u0437\u043c, \u043f\u0440\u0430\u043a\u0442\u0438\u0447\u043d\u044b\u0435 \u044f\u0449\u0438\u043a\u0438, \u0448\u0438\u0440\u043e\u043a\u043e\u0435 \u0438\u0437\u0433\u043e\u043b\u043e\u0432\u044c\u0435 \u043a\u0440\u043e\u0432\u0430\u0442\u0438, \u043e\u0440\u0442\u043e\u043f\u0435\u0434\u0438\u0447\u0435\u0441\u043a\u043e\u0435 \u043e\u0441\u043d\u043e\u0432\u0430\u043d\u0438\u0435 \u043f\u0440\u0435\u043c\u0438\u0443\u043c-\u043a\u043b\u0430\u0441\u0441\u0430 \u0438 \u044d\u043b\u0435\u0433\u0430\u043d\u0442\u043d\u044b\u0435 \u0434\u0435\u0440\u0435\u0432\u044f\u043d\u043d\u044b\u0435 \u043d\u043e\u0436\u043a\u0438 (11 \u0441\u043c) \u043f\u0440\u0438\u0434\u0430\u044e\u0442 \u0435\u0439 \u043d\u0435\u043f\u043e\u0432\u0442\u043e\u0440\u0438\u043c\u044b\u0439 \u0448\u0430\u0440\u043c. \u0411\u043e\u0433\u0430\u0442\u044b\u0439 \u0432\u044b\u0431\u043e\u0440 \u0446\u0432\u0435\u0442\u043e\u0432, \u0432\u043a\u043b\u044e\u0447\u0430\u044f \u044d\u043a\u043e\u043a\u043e\u0436\u0443, \u0438 \u0432\u044b\u0431\u043e\u0440 \u043d\u0435\u0441\u0442\u0430\u043d\u0434\u0430\u0440\u0442\u043d\u044b\u0445 \u0440\u0430\u0437\u043c\u0435\u0440\u043e\u0432. Diamond - \u0432\u0430\u0448\u0430 \u0436\u0435\u043c\u0447\u0443\u0436\u0438\u043d\u0430 \u043a\u043e\u043c\u0444\u043e\u0440\u0442\u0430 \u0438 \u0441\u0442\u0438\u043b\u044f.<\/p>","protected":false},"excerpt":{"rendered":"<p>Descriere Pat Diamond 140 x 200 cm 02794 Scufund\u0103-te \u00een luxul oferit de patul &#8222;Diamond&#8221;, \u00eembr\u0103cat \u00een textil moale sau<\/p>","protected":false},"featured_media":10447,"template":"","meta":[],"product_brand":[1041],"product_cat":[308],"product_tag":[1031],"class_list":{"0":"post-10448","1":"product","2":"type-product","3":"status-publish","4":"has-post-thumbnail","6":"product_brand-122-cm","7":"product_cat-paturi-tapitate","8":"product_tag-5-rate-0-orice-culoare","10":"first","11":"instock","12":"shipping-taxable","13":"purchasable","14":"product-type-variable"},"_links":{"self":[{"href":"https:\/\/wowhome.md\/ru\/wp-json\/wp\/v2\/product\/10448","targetHints":{"allow":["GET"]}}],"collection":[{"href":"https:\/\/wowhome.md\/ru\/wp-json\/wp\/v2\/product"}],"about":[{"href":"https:\/\/wowhome.md\/ru\/wp-json\/wp\/v2\/types\/product"}],"version-history":[{"count":0,"href":"https:\/\/wowhome.md\/ru\/wp-json\/wp\/v2\/product\/10448\/revisions"}],"wp:featuredmedia":[{"embeddable":true,"href":"https:\/\/wowhome.md\/ru\/wp-json\/wp\/v2\/media\/10447"}],"wp:attachment":[{"href":"https:\/\/wowhome.md\/ru\/wp-json\/wp\/v2\/media?parent=10448"}],"wp:term":[{"taxonomy":"product_brand","embeddable":true,"href":"https:\/\/wowhome.md\/ru\/wp-json\/wp\/v2\/product_brand?post=10448"},{"taxonomy":"product_cat","embeddable":true,"href":"https:\/\/wowhome.md\/ru\/wp-json\/wp\/v2\/product_cat?post=10448"},{"taxonomy":"product_tag","embeddable":true,"href":"https:\/\/wowhome.md\/ru\/wp-json\/wp\/v2\/product_tag?post=10448"}],"curies":[{"name":"wp","href":"https:\/\/api.w.org\/{rel}","templated":true}]}}